{"id":16150,"date":"2016-04-19T11:31:44","date_gmt":"2016-04-19T10:31:44","guid":{"rendered":"https:\/\/www.micropticsl.com\/?page_id=16150"},"modified":"2017-09-28T12:44:08","modified_gmt":"2017-09-28T10:44:08","slug":"modulos-de-analisis-vet","status":"publish","type":"page","link":"https:\/\/www.micropticsl.com\/es\/productos\/sca-sistema-casa\/modulos-de-analisis-vet\/","title":{"rendered":"M\u00f3dulos principales VET"},"content":{"rendered":"<div class=\"fusion-fullwidth fullwidth-box fusion-builder-row-1 hundred-percent-fullwidth non-hundred-percent-height-scrolling\" style=\"--awb-border-radius-top-left:0px;--awb-border-radius-top-right:0px;--awb-border-radius-bottom-right:0px;--awb-border-radius-bottom-left:0px;--awb-overflow:visible;--awb-flex-wrap:wrap;\" ><\/p>\n<div class=\"fusion-builder-row fusion-row\">\n<div class=\"fusion-layout-column fusion_builder_column fusion-builder-column-0 fusion_builder_column_1_3 1_3 fusion-one-third fusion-column-first\" style=\"--awb-bg-size:cover;width:33.3333333333%;width:calc(33.3333333333% - ( ( 4% + 4% ) * 0.333333333333 ) );margin-right: 4%;\"><div class=\"fusion-column-wrapper fusion-flex-column-wrapper-legacy\">\n<p><a title=\"SCA Movilidad y concentraci\u00f3n\" href=\"https:\/\/www.micropticsl.com\/es\/?page_id=15741\"><img decoding=\"async\" class=\"lazyload alignnone size-full wp-image-9557\" src=\"data:image\/svg+xml,%3Csvg%20xmlns%3D%27http%3A%2F%2Fwww.w3.org%2F2000%2Fsvg%27%20width%3D%27200%27%20height%3D%27100%27%20viewBox%3D%270%200%20200%20100%27%3E%3Crect%20width%3D%27200%27%20height%3D%27100%27%20fill-opacity%3D%220%22%2F%3E%3C%2Fsvg%3E\" data-orig-src=\"https:\/\/www.micropticsl.com\/wp-content\/uploads\/2014\/03\/sca_movilidad_y_concentracion_productos.png\" alt=\"sca_movilidad_y_concentracion_productos\" width=\"200\" height=\"100\" \/><\/a><\/p>\n<h2><a title=\"SCA Movilidad y concentraci\u00f3n\" href=\"https:\/\/www.micropticsl.com\/es\/?page_id=15741\">SCA\u00ae Movilidad y concentraci\u00f3n VET<\/a><\/h2>\n<p>M\u00f3dulo que permite el an\u00e1lisis autom\u00e1tico de la concentraci\u00f3n y movilidad en una muestra de semen.<\/p>\n<p><a title=\"SCA Movilidad y concentraci\u00f3n\" href=\"https:\/\/www.micropticsl.com\/es\/?page_id=15741\">M\u00e1s informaci\u00f3n &gt;<\/a><\/p>\n<div class=\"fusion-clearfix\"><\/div><\/div><\/div>\n<div class=\"fusion-layout-column fusion_builder_column fusion-builder-column-1 fusion_builder_column_1_3 1_3 fusion-one-third\" style=\"--awb-bg-size:cover;width:33.3333333333%;width:calc(33.3333333333% - ( ( 4% + 4% ) * 0.333333333333 ) );margin-right: 4%;\"><div class=\"fusion-column-wrapper fusion-flex-column-wrapper-legacy\">\n<p><a title=\"SCA Morfolog\u00eda\" href=\"https:\/\/www.micropticsl.com\/es\/?page_id=15746\"><img decoding=\"async\" class=\"lazyload alignnone size-full wp-image-9558\" src=\"data:image\/svg+xml,%3Csvg%20xmlns%3D%27http%3A%2F%2Fwww.w3.org%2F2000%2Fsvg%27%20width%3D%27200%27%20height%3D%27100%27%20viewBox%3D%270%200%20200%20100%27%3E%3Crect%20width%3D%27200%27%20height%3D%27100%27%20fill-opacity%3D%220%22%2F%3E%3C%2Fsvg%3E\" data-orig-src=\"https:\/\/www.micropticsl.com\/wp-content\/uploads\/2014\/03\/sca_morfologia_productos.png\" alt=\"sca_morfologia_productos\" width=\"200\" height=\"100\" \/><\/a><\/p>\n<h2><a title=\"SCA Morfolog\u00eda\" href=\"https:\/\/www.micropticsl.com\/es\/?page_id=15746\">SCA\u00ae Morfolog\u00eda VET<\/a><\/h2>\n<p>M\u00f3dulo para el an\u00e1lisis autom\u00e1tico de la morfometr\u00eda y clasificaci\u00f3n autom\u00e1tica de morfolog\u00eda en muestras te\u00f1idas de esperma.<\/p>\n<p><a title=\"SCA Morfolog\u00eda\" href=\"https:\/\/www.micropticsl.com\/es\/?page_id=15746\">M\u00e1s informaci\u00f3n &gt;<\/a><\/p>\n<div class=\"fusion-clearfix\"><\/div><\/div><\/div>\n<div class=\"fusion-layout-column fusion_builder_column fusion-builder-column-2 fusion_builder_column_1_3 1_3 fusion-one-third fusion-column-last\" style=\"--awb-bg-size:cover;width:33.3333333333%;width:calc(33.3333333333% - ( ( 4% + 4% ) * 0.333333333333 ) );\"><div class=\"fusion-column-wrapper fusion-flex-column-wrapper-legacy\">\n<p><a title=\"SCA Fragmentaci\u00f3n de ADN\" href=\"https:\/\/www.micropticsl.com\/es\/?page_id=15756\"><img decoding=\"async\" class=\"lazyload alignnone size-full wp-image-9559\" src=\"data:image\/svg+xml,%3Csvg%20xmlns%3D%27http%3A%2F%2Fwww.w3.org%2F2000%2Fsvg%27%20width%3D%27200%27%20height%3D%27100%27%20viewBox%3D%270%200%20200%20100%27%3E%3Crect%20width%3D%27200%27%20height%3D%27100%27%20fill-opacity%3D%220%22%2F%3E%3C%2Fsvg%3E\" data-orig-src=\"https:\/\/www.micropticsl.com\/wp-content\/uploads\/2014\/03\/sca_fragmentacion_de_adn_productos.png\" alt=\"sca_fragmentacion_de_adn_productos\" width=\"200\" height=\"100\" \/><\/a><\/p>\n<h2><a title=\"SCA Fragmentaci\u00f3n de ADN\" href=\"https:\/\/www.micropticsl.com\/es\/?page_id=15756\">SCA\u00ae Fragmentaci\u00f3n de ADN VET<\/a><\/h2>\n<p>M\u00f3dulo para el an\u00e1lisis autom\u00e1tico de la fragmentaci\u00f3n de ADN en muestras de semen tratadas con kits basados en el test de dispersi\u00f3n de la cromatina.<\/p>\n<p><a title=\"SCA Fragmentaci\u00f3n de ADN\" href=\"https:\/\/www.micropticsl.com\/es\/?page_id=15756\">M\u00e1s informaci\u00f3n &gt;<\/a><\/p>\n<div class=\"fusion-clearfix\"><\/div><\/div><\/div>\n<div class=\"fusion-layout-column fusion_builder_column fusion-builder-column-3 fusion_builder_column_1_3 1_3 fusion-one-third fusion-column-first\" style=\"--awb-bg-size:cover;width:33.3333333333%;width:calc(33.3333333333% - ( ( 4% + 4% ) * 0.333333333333 ) );margin-right: 4%;\"><div class=\"fusion-column-wrapper fusion-flex-column-wrapper-legacy\">\n<p><a title=\"SCA Vitalidad\" href=\"https:\/\/www.micropticsl.com\/es\/?page_id=15766\"><img decoding=\"async\" class=\"lazyload alignnone size-full wp-image-9560\" src=\"data:image\/svg+xml,%3Csvg%20xmlns%3D%27http%3A%2F%2Fwww.w3.org%2F2000%2Fsvg%27%20width%3D%27200%27%20height%3D%27100%27%20viewBox%3D%270%200%20200%20100%27%3E%3Crect%20width%3D%27200%27%20height%3D%27100%27%20fill-opacity%3D%220%22%2F%3E%3C%2Fsvg%3E\" data-orig-src=\"https:\/\/www.micropticsl.com\/wp-content\/uploads\/2014\/03\/sca_vitalidad_productos.png\" alt=\"sca_vitalidad_productos\" width=\"200\" height=\"100\" \/><\/a><\/p>\n<h2><a title=\"SCA Vitalidad\" href=\"https:\/\/www.micropticsl.com\/es\/?page_id=15766\">SCA\u00ae Vitalidad VET<\/a><\/h2>\n<p>M\u00f3dulo que permite la detecci\u00f3n recuento autom\u00e1ticos de los espermatozoides vivos y muertos en una muestra de semen.<\/p>\n<p><a title=\"SCA Vitalidad\" href=\"https:\/\/www.micropticsl.com\/es\/?page_id=15766\">M\u00e1s informaci\u00f3n &gt;<\/a><\/p>\n<div class=\"fusion-clearfix\"><\/div><\/div><\/div>\n<div class=\"fusion-layout-column fusion_builder_column fusion-builder-column-4 fusion_builder_column_1_3 1_3 fusion-one-third\" style=\"--awb-bg-size:cover;width:33.3333333333%;width:calc(33.3333333333% - ( ( 4% + 4% ) * 0.333333333333 ) );margin-right: 4%;\"><div class=\"fusion-column-wrapper fusion-flex-column-wrapper-legacy\">\n<p><a title=\"SCA Reacci\u00f3n del acrosoma\" href=\"https:\/\/www.micropticsl.com\/es\/?page_id=17740\"><img decoding=\"async\" class=\"lazyload alignnone size-full wp-image-9560\" src=\"data:image\/svg+xml,%3Csvg%20xmlns%3D%27http%3A%2F%2Fwww.w3.org%2F2000%2Fsvg%27%20width%3D%27200%27%20height%3D%27100%27%20viewBox%3D%270%200%20200%20100%27%3E%3Crect%20width%3D%27200%27%20height%3D%27100%27%20fill-opacity%3D%220%22%2F%3E%3C%2Fsvg%3E\" data-orig-src=\"https:\/\/www.micropticsl.com\/wp-content\/uploads\/2014\/03\/sca_reaccion_acrosoma_producto.png\" alt=\"sca_reaccion_acrosoma_productos\" width=\"200\" height=\"100\" \/><\/a><\/p>\n<h2><a title=\"SCA Reacci\u00f3n del acrosoma\" href=\"https:\/\/www.micropticsl.com\/es\/?page_id=17740\">SCA\u00ae Reacci\u00f3n del acrosoma VET<\/a><\/h2>\n<p>M\u00f3dulo para el an\u00e1lisis autom\u00e1tico de espermatozoides con acrosoma intacto y acrosoma reaccionado.<\/p>\n<p><a title=\"SCA Reacci\u00f3n del acrosoma\" href=\"https:\/\/www.micropticsl.com\/es\/?page_id=17740\">M\u00e1s informaci\u00f3n &gt;<\/a><\/p>\n<div class=\"fusion-clearfix\"><\/div><\/div><\/div>\n<div class=\"fusion-layout-column fusion_builder_column fusion-builder-column-5 fusion_builder_column_1_3 1_3 fusion-one-third fusion-column-last\" style=\"--awb-bg-size:cover;width:33.3333333333%;width:calc(33.3333333333% - ( ( 4% + 4% ) * 0.333333333333 ) );\"><div class=\"fusion-column-wrapper fusion-flex-column-wrapper-legacy\">\n<p><a title=\"SCA Sample management\" href=\"https:\/\/www.micropticsl.com\/es\/?page_id=23218\"><img decoding=\"async\" class=\"lazyload alignnone size-full wp-image-9569\" src=\"data:image\/svg+xml,%3Csvg%20xmlns%3D%27http%3A%2F%2Fwww.w3.org%2F2000%2Fsvg%27%20width%3D%27200%27%20height%3D%27100%27%20viewBox%3D%270%200%20200%20100%27%3E%3Crect%20width%3D%27200%27%20height%3D%27100%27%20fill-opacity%3D%220%22%2F%3E%3C%2Fsvg%3E\" data-orig-src=\"https:\/\/www.micropticsl.com\/wp-content\/uploads\/2013\/09\/sca_sample_management_product_new.png\" alt=\"sca_sample_management_product_new\" width=\"200\" height=\"100\" \/><\/a><\/p>\n<h2><a title=\"SCA Sample management\" href=\"https:\/\/www.micropticsl.com\/es\/?page_id=23218\">SCA\u00ae Sample management VET<\/a><\/h2>\n<p>Permite a los usuarios gestionar todas las muestras, acceder a los m\u00f3dulos del SCA\u00ae, ver los resultados e imprimir los informes.<\/p>\n<p><a title=\"SCA Sample management\" href=\"https:\/\/www.micropticsl.com\/es\/?page_id=23218\">M\u00e1s informaci\u00f3n &gt;<\/a><\/p>\n<div class=\"fusion-clearfix\"><\/div><\/div><\/div>\n<div class=\"fusion-layout-column fusion_builder_column fusion-builder-column-6 fusion_builder_column_1_3 1_3 fusion-one-third fusion-column-first\" style=\"--awb-bg-size:cover;width:33.3333333333%;width:calc(33.3333333333% - ( ( 4% ) * 0.333333333333 ) );margin-right: 4%;\"><div class=\"fusion-column-wrapper fusion-flex-column-wrapper-legacy\">\n<p><a title=\"SCA Gotas\" href=\"https:\/\/www.micropticsl.com\/es\/?page_id=7634\"><img decoding=\"async\" class=\"lazyload alignnone size-full wp-image-9561\" src=\"data:image\/svg+xml,%3Csvg%20xmlns%3D%27http%3A%2F%2Fwww.w3.org%2F2000%2Fsvg%27%20width%3D%27200%27%20height%3D%27100%27%20viewBox%3D%270%200%20200%20100%27%3E%3Crect%20width%3D%27200%27%20height%3D%27100%27%20fill-opacity%3D%220%22%2F%3E%3C%2Fsvg%3E\" data-orig-src=\"https:\/\/www.micropticsl.com\/wp-content\/uploads\/2014\/03\/sca_gotas_productos.png\" alt=\"sca_gotas_productos\" width=\"200\" height=\"100\" \/><\/a><\/p>\n<h2><a title=\"SCA Gotas\" href=\"https:\/\/www.micropticsl.com\/es\/?page_id=7634\">SCA\u00ae Gotas<\/a><\/h2>\n<p>M\u00f3dulo para el an\u00e1lisis autom\u00e1tico de las gotas proximales, distales y colas enrolladas en muestras de semen de verraco.<\/p>\n<p><a title=\"SCA Gotas\" href=\"https:\/\/www.micropticsl.com\/es\/?page_id=7634\">M\u00e1s informaci\u00f3n &gt;<\/a><\/p>\n<div class=\"fusion-clearfix\"><\/div><\/div><\/div>\n<div class=\"fusion-layout-column fusion_builder_column fusion-builder-column-7 fusion_builder_column_1_3 1_3 fusion-one-third fusion-column-last\" style=\"--awb-bg-size:cover;width:33.3333333333%;width:calc(33.3333333333% - ( ( 4% ) * 0.333333333333 ) );\"><div class=\"fusion-column-wrapper fusion-flex-column-wrapper-legacy\">\n<p><a title=\"SCA Integridad del acrosoma\" href=\"https:\/\/www.micropticsl.com\/es\/?page_id=13518\"><img decoding=\"async\" class=\"lazyload alignnone size-full wp-image-13577\" src=\"data:image\/svg+xml,%3Csvg%20xmlns%3D%27http%3A%2F%2Fwww.w3.org%2F2000%2Fsvg%27%20width%3D%27200%27%20height%3D%27100%27%20viewBox%3D%270%200%20200%20100%27%3E%3Crect%20width%3D%27200%27%20height%3D%27100%27%20fill-opacity%3D%220%22%2F%3E%3C%2Fsvg%3E\" data-orig-src=\"https:\/\/www.micropticsl.com\/wp-content\/uploads\/2014\/03\/sca_integridad_acrosoma_productos.png\" alt=\"sca_integridad_acrosoma_productos\" width=\"200\" height=\"100\" \/><\/a><\/p>\n<h2><a title=\"SCA Integridad del acrosoma\" href=\"https:\/\/www.micropticsl.com\/es\/?page_id=13518\">SCA\u00ae Integridad del acrosoma<\/a><\/h2>\n<p>M\u00f3dulo para el an\u00e1lisis autom\u00e1tico de la integridad del acrosoma en muestras de semen de verraco.<\/p>\n<p><a title=\"SCA Integridad del acrosoma\" href=\"https:\/\/www.micropticsl.com\/es\/?page_id=13518\">M\u00e1s informaci\u00f3n &gt;<\/a><\/p>\n<div class=\"fusion-clearfix\"><\/div><\/div><\/div>\n<\/div>\n<p><\/div>\n","protected":false},"excerpt":{"rendered":"","protected":false},"author":1,"featured_media":28486,"parent":7616,"menu_order":0,"comment_status":"closed","ping_status":"closed","template":"","meta":{"footnotes":""},"class_list":["post-16150","page","type-page","status-publish","has-post-thumbnail","hentry"],"yoast_head":"<!-- This site is optimized with the Yoast SEO plugin v24.8 - https:\/\/yoast.com\/wordpress\/plugins\/seo\/ -->\n<title>M\u00f3dulos principales VET - HT CASA<\/title>\n<meta name=\"robots\" content=\"index, follow, max-snippet:-1, max-image-preview:large, max-video-preview:-1\" \/>\n<link rel=\"canonical\" href=\"https:\/\/www.micropticsl.com\/es\/productos\/sca-sistema-casa\/modulos-de-analisis-vet\/\" \/>\n<meta property=\"og:locale\" content=\"es_ES\" \/>\n<meta property=\"og:type\" content=\"article\" \/>\n<meta property=\"og:title\" content=\"M\u00f3dulos principales VET - HT CASA\" \/>\n<meta property=\"og:url\" content=\"https:\/\/www.micropticsl.com\/es\/productos\/sca-sistema-casa\/modulos-de-analisis-vet\/\" \/>\n<meta property=\"og:site_name\" content=\"HT CASA\" \/>\n<meta property=\"article:publisher\" content=\"https:\/\/www.facebook.com\/HamiltonThorneInc\" \/>\n<meta property=\"article:modified_time\" content=\"2017-09-28T10:44:08+00:00\" \/>\n<meta property=\"og:image\" content=\"https:\/\/www.micropticsl.com\/wp-content\/uploads\/2015\/11\/featured_sca.png\" \/>\n\t<meta property=\"og:image:width\" content=\"300\" \/>\n\t<meta property=\"og:image:height\" content=\"200\" \/>\n\t<meta property=\"og:image:type\" content=\"image\/png\" \/>\n<meta name=\"twitter:card\" content=\"summary_large_image\" \/>\n<meta name=\"twitter:site\" content=\"@HamiltonThorne\" \/>\n<meta name=\"twitter:label1\" content=\"Tiempo de lectura\" \/>\n\t<meta name=\"twitter:data1\" content=\"2 minutos\" \/>\n<script type=\"application\/ld+json\" class=\"yoast-schema-graph\">{\"@context\":\"https:\/\/schema.org\",\"@graph\":[{\"@type\":\"WebPage\",\"@id\":\"https:\/\/www.micropticsl.com\/es\/productos\/sca-sistema-casa\/modulos-de-analisis-vet\/\",\"url\":\"https:\/\/www.micropticsl.com\/es\/productos\/sca-sistema-casa\/modulos-de-analisis-vet\/\",\"name\":\"M\u00f3dulos principales VET - HT CASA\",\"isPartOf\":{\"@id\":\"https:\/\/www.micropticsl.com\/#website\"},\"primaryImageOfPage\":{\"@id\":\"https:\/\/www.micropticsl.com\/es\/productos\/sca-sistema-casa\/modulos-de-analisis-vet\/#primaryimage\"},\"image\":{\"@id\":\"https:\/\/www.micropticsl.com\/es\/productos\/sca-sistema-casa\/modulos-de-analisis-vet\/#primaryimage\"},\"thumbnailUrl\":\"https:\/\/www.micropticsl.com\/wp-content\/uploads\/2015\/11\/featured_sca.png\",\"datePublished\":\"2016-04-19T10:31:44+00:00\",\"dateModified\":\"2017-09-28T10:44:08+00:00\",\"breadcrumb\":{\"@id\":\"https:\/\/www.micropticsl.com\/es\/productos\/sca-sistema-casa\/modulos-de-analisis-vet\/#breadcrumb\"},\"inLanguage\":\"es\",\"potentialAction\":[{\"@type\":\"ReadAction\",\"target\":[\"https:\/\/www.micropticsl.com\/es\/productos\/sca-sistema-casa\/modulos-de-analisis-vet\/\"]}]},{\"@type\":\"ImageObject\",\"inLanguage\":\"es\",\"@id\":\"https:\/\/www.micropticsl.com\/es\/productos\/sca-sistema-casa\/modulos-de-analisis-vet\/#primaryimage\",\"url\":\"https:\/\/www.micropticsl.com\/wp-content\/uploads\/2015\/11\/featured_sca.png\",\"contentUrl\":\"https:\/\/www.micropticsl.com\/wp-content\/uploads\/2015\/11\/featured_sca.png\",\"width\":300,\"height\":200},{\"@type\":\"BreadcrumbList\",\"@id\":\"https:\/\/www.micropticsl.com\/es\/productos\/sca-sistema-casa\/modulos-de-analisis-vet\/#breadcrumb\",\"itemListElement\":[{\"@type\":\"ListItem\",\"position\":1,\"name\":\"Home\",\"item\":\"https:\/\/www.micropticsl.com\/es\/\"},{\"@type\":\"ListItem\",\"position\":2,\"name\":\"Productos y servicios\",\"item\":\"https:\/\/www.micropticsl.com\/es\/productos\/\"},{\"@type\":\"ListItem\",\"position\":3,\"name\":\"Sistema CASA SCA\u00ae\",\"item\":\"https:\/\/www.micropticsl.com\/es\/productos\/sca-sistema-casa\/\"},{\"@type\":\"ListItem\",\"position\":4,\"name\":\"M\u00f3dulos principales VET\"}]},{\"@type\":\"WebSite\",\"@id\":\"https:\/\/www.micropticsl.com\/#website\",\"url\":\"https:\/\/www.micropticsl.com\/\",\"name\":\"HT CASA\",\"description\":\"Su partner en an\u00e1lisis de semen\",\"publisher\":{\"@id\":\"https:\/\/www.micropticsl.com\/#organization\"},\"potentialAction\":[{\"@type\":\"SearchAction\",\"target\":{\"@type\":\"EntryPoint\",\"urlTemplate\":\"https:\/\/www.micropticsl.com\/?s={search_term_string}\"},\"query-input\":{\"@type\":\"PropertyValueSpecification\",\"valueRequired\":true,\"valueName\":\"search_term_string\"}}],\"inLanguage\":\"es\"},{\"@type\":\"Organization\",\"@id\":\"https:\/\/www.micropticsl.com\/#organization\",\"name\":\"HT CASA\",\"alternateName\":\"HT\",\"url\":\"https:\/\/www.micropticsl.com\/\",\"logo\":{\"@type\":\"ImageObject\",\"inLanguage\":\"es\",\"@id\":\"https:\/\/www.micropticsl.com\/#\/schema\/logo\/image\/\",\"url\":\"https:\/\/www.micropticsl.com\/wp-content\/uploads\/2024\/06\/ht_casa_logo_header_retina.png\",\"contentUrl\":\"https:\/\/www.micropticsl.com\/wp-content\/uploads\/2024\/06\/ht_casa_logo_header_retina.png\",\"width\":330,\"height\":180,\"caption\":\"HT CASA\"},\"image\":{\"@id\":\"https:\/\/www.micropticsl.com\/#\/schema\/logo\/image\/\"},\"sameAs\":[\"https:\/\/www.facebook.com\/HamiltonThorneInc\",\"https:\/\/x.com\/HamiltonThorne\",\"https:\/\/www.linkedin.com\/company\/hamilton-thorne-inc\",\"https:\/\/www.instagram.com\/hamiltonthorneinc\",\"https:\/\/www.youtube.com\/channel\/UCN1OlgxbXjMQXhIbILplq5A\"]}]}<\/script>\n<!-- \/ Yoast SEO plugin. -->","yoast_head_json":{"title":"M\u00f3dulos principales VET - HT CASA","robots":{"index":"index","follow":"follow","max-snippet":"max-snippet:-1","max-image-preview":"max-image-preview:large","max-video-preview":"max-video-preview:-1"},"canonical":"https:\/\/www.micropticsl.com\/es\/productos\/sca-sistema-casa\/modulos-de-analisis-vet\/","og_locale":"es_ES","og_type":"article","og_title":"M\u00f3dulos principales VET - HT CASA","og_url":"https:\/\/www.micropticsl.com\/es\/productos\/sca-sistema-casa\/modulos-de-analisis-vet\/","og_site_name":"HT CASA","article_publisher":"https:\/\/www.facebook.com\/HamiltonThorneInc","article_modified_time":"2017-09-28T10:44:08+00:00","og_image":[{"width":300,"height":200,"url":"https:\/\/www.micropticsl.com\/wp-content\/uploads\/2015\/11\/featured_sca.png","type":"image\/png"}],"twitter_card":"summary_large_image","twitter_site":"@HamiltonThorne","twitter_misc":{"Tiempo de lectura":"2 minutos"},"schema":{"@context":"https:\/\/schema.org","@graph":[{"@type":"WebPage","@id":"https:\/\/www.micropticsl.com\/es\/productos\/sca-sistema-casa\/modulos-de-analisis-vet\/","url":"https:\/\/www.micropticsl.com\/es\/productos\/sca-sistema-casa\/modulos-de-analisis-vet\/","name":"M\u00f3dulos principales VET - HT CASA","isPartOf":{"@id":"https:\/\/www.micropticsl.com\/#website"},"primaryImageOfPage":{"@id":"https:\/\/www.micropticsl.com\/es\/productos\/sca-sistema-casa\/modulos-de-analisis-vet\/#primaryimage"},"image":{"@id":"https:\/\/www.micropticsl.com\/es\/productos\/sca-sistema-casa\/modulos-de-analisis-vet\/#primaryimage"},"thumbnailUrl":"https:\/\/www.micropticsl.com\/wp-content\/uploads\/2015\/11\/featured_sca.png","datePublished":"2016-04-19T10:31:44+00:00","dateModified":"2017-09-28T10:44:08+00:00","breadcrumb":{"@id":"https:\/\/www.micropticsl.com\/es\/productos\/sca-sistema-casa\/modulos-de-analisis-vet\/#breadcrumb"},"inLanguage":"es","potentialAction":[{"@type":"ReadAction","target":["https:\/\/www.micropticsl.com\/es\/productos\/sca-sistema-casa\/modulos-de-analisis-vet\/"]}]},{"@type":"ImageObject","inLanguage":"es","@id":"https:\/\/www.micropticsl.com\/es\/productos\/sca-sistema-casa\/modulos-de-analisis-vet\/#primaryimage","url":"https:\/\/www.micropticsl.com\/wp-content\/uploads\/2015\/11\/featured_sca.png","contentUrl":"https:\/\/www.micropticsl.com\/wp-content\/uploads\/2015\/11\/featured_sca.png","width":300,"height":200},{"@type":"BreadcrumbList","@id":"https:\/\/www.micropticsl.com\/es\/productos\/sca-sistema-casa\/modulos-de-analisis-vet\/#breadcrumb","itemListElement":[{"@type":"ListItem","position":1,"name":"Home","item":"https:\/\/www.micropticsl.com\/es\/"},{"@type":"ListItem","position":2,"name":"Productos y servicios","item":"https:\/\/www.micropticsl.com\/es\/productos\/"},{"@type":"ListItem","position":3,"name":"Sistema CASA SCA\u00ae","item":"https:\/\/www.micropticsl.com\/es\/productos\/sca-sistema-casa\/"},{"@type":"ListItem","position":4,"name":"M\u00f3dulos principales VET"}]},{"@type":"WebSite","@id":"https:\/\/www.micropticsl.com\/#website","url":"https:\/\/www.micropticsl.com\/","name":"HT CASA","description":"Su partner en an\u00e1lisis de semen","publisher":{"@id":"https:\/\/www.micropticsl.com\/#organization"},"potentialAction":[{"@type":"SearchAction","target":{"@type":"EntryPoint","urlTemplate":"https:\/\/www.micropticsl.com\/?s={search_term_string}"},"query-input":{"@type":"PropertyValueSpecification","valueRequired":true,"valueName":"search_term_string"}}],"inLanguage":"es"},{"@type":"Organization","@id":"https:\/\/www.micropticsl.com\/#organization","name":"HT CASA","alternateName":"HT","url":"https:\/\/www.micropticsl.com\/","logo":{"@type":"ImageObject","inLanguage":"es","@id":"https:\/\/www.micropticsl.com\/#\/schema\/logo\/image\/","url":"https:\/\/www.micropticsl.com\/wp-content\/uploads\/2024\/06\/ht_casa_logo_header_retina.png","contentUrl":"https:\/\/www.micropticsl.com\/wp-content\/uploads\/2024\/06\/ht_casa_logo_header_retina.png","width":330,"height":180,"caption":"HT CASA"},"image":{"@id":"https:\/\/www.micropticsl.com\/#\/schema\/logo\/image\/"},"sameAs":["https:\/\/www.facebook.com\/HamiltonThorneInc","https:\/\/x.com\/HamiltonThorne","https:\/\/www.linkedin.com\/company\/hamilton-thorne-inc","https:\/\/www.instagram.com\/hamiltonthorneinc","https:\/\/www.youtube.com\/channel\/UCN1OlgxbXjMQXhIbILplq5A"]}]}},"_links":{"self":[{"href":"https:\/\/www.micropticsl.com\/es\/wp-json\/wp\/v2\/pages\/16150","targetHints":{"allow":["GET"]}}],"collection":[{"href":"https:\/\/www.micropticsl.com\/es\/wp-json\/wp\/v2\/pages"}],"about":[{"href":"https:\/\/www.micropticsl.com\/es\/wp-json\/wp\/v2\/types\/page"}],"author":[{"embeddable":true,"href":"https:\/\/www.micropticsl.com\/es\/wp-json\/wp\/v2\/users\/1"}],"replies":[{"embeddable":true,"href":"https:\/\/www.micropticsl.com\/es\/wp-json\/wp\/v2\/comments?post=16150"}],"version-history":[{"count":0,"href":"https:\/\/www.micropticsl.com\/es\/wp-json\/wp\/v2\/pages\/16150\/revisions"}],"up":[{"embeddable":true,"href":"https:\/\/www.micropticsl.com\/es\/wp-json\/wp\/v2\/pages\/7616"}],"wp:featuredmedia":[{"embeddable":true,"href":"https:\/\/www.micropticsl.com\/es\/wp-json\/wp\/v2\/media\/28486"}],"wp:attachment":[{"href":"https:\/\/www.micropticsl.com\/es\/wp-json\/wp\/v2\/media?parent=16150"}],"curies":[{"name":"wp","href":"https:\/\/api.w.org\/{rel}","templated":true}]}}