{"id":26845,"date":"2017-05-09T09:23:19","date_gmt":"2017-05-09T07:23:19","guid":{"rendered":"https:\/\/www.micropticsl.com\/?page_id=26845\/"},"modified":"2023-07-10T16:07:58","modified_gmt":"2023-07-10T14:07:58","slug":"citricscreen","status":"publish","type":"page","link":"https:\/\/www.micropticsl.com\/es\/productos\/fungibles\/otros-consumibles\/citricscreen\/","title":{"rendered":"CitricScreen"},"content":{"rendered":"<div class=\"fusion-fullwidth fullwidth-box fusion-builder-row-1 hundred-percent-fullwidth non-hundred-percent-height-scrolling\" style=\"--awb-border-radius-top-left:0px;--awb-border-radius-top-right:0px;--awb-border-radius-bottom-right:0px;--awb-border-radius-bottom-left:0px;--awb-overflow:visible;--awb-flex-wrap:wrap;\" ><div class=\"fusion-builder-row fusion-row\">\n<div class=\"fusion-layout-column fusion_builder_column fusion-builder-column-0 fusion_builder_column_1_1 1_1 fusion-one-full fusion-column-first fusion-column-last\" style=\"--awb-bg-size:cover;\"><div class=\"fusion-column-wrapper fusion-flex-column-wrapper-legacy\">\n<h2><div class=\"fusion-title title fusion-title-1 fusion-title-text fusion-title-size-two\"><h2 class=\"fusion-title-heading title-heading-left\" style=\"margin:0;\">Kit para medir la cantidad de \u00e1cido c\u00edtrico en el plasma seminal<\/h2><span class=\"awb-title-spacer\"><\/span><div class=\"title-sep-container\"><div class=\"title-sep sep-double sep-solid\" style=\"border-color:#e0dede;\"><\/div><\/div><\/div><\/h2>\n<div class=\"fusion-clearfix\"><\/div><\/div><\/div>\n<div class=\"fusion-layout-column fusion_builder_column fusion-builder-column-1 fusion_builder_column_1_2 1_2 fusion-one-half fusion-column-first\" style=\"--awb-bg-size:cover;width:50%;width:calc(50% - ( ( 4% ) * 0.5 ) );margin-right: 4%;\"><div class=\"fusion-column-wrapper fusion-flex-column-wrapper-legacy\">\n<p style=\"text-align: center;\"><div class=\"fusion-image-element in-legacy-container\" style=\"--awb-caption-title-font-family:var(--h2_typography-font-family);--awb-caption-title-font-weight:var(--h2_typography-font-weight);--awb-caption-title-font-style:var(--h2_typography-font-style);--awb-caption-title-size:var(--h2_typography-font-size);--awb-caption-title-transform:var(--h2_typography-text-transform);--awb-caption-title-line-height:var(--h2_typography-line-height);--awb-caption-title-letter-spacing:var(--h2_typography-letter-spacing);\"><span class=\" fusion-imageframe imageframe-dropshadow imageframe-1 hover-type-zoomin\" style=\"-webkit-box-shadow: 3px 3px 7px rgba(0,0,0,0.3);box-shadow: 3px 3px 7px rgba(0,0,0,0.3);\"><a href=\"https:\/\/www.micropticsl.com\/wp-content\/uploads\/2017\/04\/disposables_citricscreen.png\" class=\"fusion-lightbox\" data-rel=\"iLightbox[20138ac93b83c9aae27]\" data-title=\"CitricScreen\" title=\"CitricScreen\"><img decoding=\"async\" width=\"320\" height=\"210\" alt=\"CitricScreen\" src=\"https:\/\/www.micropticsl.com\/wp-content\/uploads\/2017\/04\/disposables_citricscreen_thumb.png\" data-orig-src=\"https:\/\/www.micropticsl.com\/wp-content\/uploads\/2017\/04\/disposables_citricscreen_thumb.png\" class=\"lazyload img-responsive wp-image-26654\" srcset=\"data:image\/svg+xml,%3Csvg%20xmlns%3D%27http%3A%2F%2Fwww.w3.org%2F2000%2Fsvg%27%20width%3D%27320%27%20height%3D%27210%27%20viewBox%3D%270%200%20320%20210%27%3E%3Crect%20width%3D%27320%27%20height%3D%27210%27%20fill-opacity%3D%220%22%2F%3E%3C%2Fsvg%3E\" data-srcset=\"https:\/\/www.micropticsl.com\/wp-content\/uploads\/2017\/04\/disposables_citricscreen_thumb-200x131.png 200w, https:\/\/www.micropticsl.com\/wp-content\/uploads\/2017\/04\/disposables_citricscreen_thumb.png 320w\" data-sizes=\"auto\" data-orig-sizes=\"(max-width: 800px) 100vw, 320px\" \/><\/a><\/span><\/div>\n<p style=\"text-align: center;\"><em>Click para ampliar<\/em><\/p>\n<div class=\"fusion-clearfix\"><\/div><\/div><\/div>\n<div class=\"fusion-layout-column fusion_builder_column fusion-builder-column-2 fusion_builder_column_1_2 1_2 fusion-one-half fusion-column-last\" style=\"--awb-bg-size:cover;width:50%;width:calc(50% - ( ( 4% ) * 0.5 ) );\"><div class=\"fusion-column-wrapper fusion-flex-column-wrapper-legacy\">\n<p><strong>CitricScreen <\/strong>mide la cantidad de \u00e1cido c\u00edtrico en el plasma seminal.<\/p>\n<p>El plasma seminal est\u00e1 compuesto en su mayor parte por \u00e1cido c\u00edtrico, fructosa y fosforicolina. \u00a0<strong>El \u00e1cido c\u00edtrico <\/strong>constituye <strong>una gran parte del total del semen eyaculado <\/strong>en muchas especies de mam\u00edferos incluidos el toro, el carnero, el cerdo, el caballo semental y el conejo. Este componente se ha asociado con el proceso de congelaci\u00f3n espont\u00e1nea, coagulaci\u00f3n y licuefacci\u00f3n del semen. Tambi\u00e9n se ha sugerido mantener el equilibrio osm\u00f3tico y el pH de las eyaculaciones y as\u00ed, la funci\u00f3n de membrana y la morfolog\u00eda de los espermatozoides.<\/p>\n<p>La cuantificaci\u00f3n de \u00c1cido C\u00edtrico en el semen mide con precisi\u00f3n la secreci\u00f3n de gl\u00e1ndula prost\u00e1tica. Un bajo nivel de \u00e1cido c\u00edtrico est\u00e1 asociado con la prostatitis subcl\u00ednica, la cual puede reducir la fertilidad masculina.<\/p>\n<p><em>FOR RESEARCH USE ONLY<\/em><\/p>\n<p>M\u00e1s informaci\u00f3n:<\/p>\n<div class=\"fusion-button-wrapper\"><a class=\"fusion-button button-flat button-large button-default fusion-button-default button-1 fusion-button-default-span fusion-button-default-type\" target=\"_self\" goog_report_conversion(&#039;https:\/\/www.micropticsl.com\/es\/?p=\"7501&#039;)\" href=\"https:\/\/www.micropticsl.com\/es\/?p=7501\"><span class=\"fusion-button-text\">Petici\u00f3n de informaci\u00f3n<\/span><\/a><\/div>\n<div class=\"fusion-clearfix\"><\/div><\/div><\/div>\n<div class=\"fusion-sep-clear\"><\/div><div class=\"fusion-separator fusion-full-width-sep\" style=\"margin-left: auto;margin-right: auto;margin-top:40px;margin-bottom:40px;width:100%;\"><div class=\"fusion-separator-border sep-single sep-solid\" style=\"--awb-height:20px;--awb-amount:20px;border-color:#e0dede;border-top-width:1px;\"><\/div><\/div><div class=\"fusion-sep-clear\"><\/div>\n<div class=\"fusion-layout-column fusion_builder_column fusion-builder-column-3 fusion_builder_column_1_2 1_2 fusion-one-half fusion-column-first\" style=\"--awb-bg-size:cover;width:50%;width:calc(50% - ( ( 4% ) * 0.5 ) );margin-right: 4%;\"><div class=\"fusion-column-wrapper fusion-flex-column-wrapper-legacy\">\n<h3>Informaci\u00f3n adicional:<\/h3>\n<div class=\"table-1\">\n<table width=\"100%\">\n<tbody>\n<tr>\n<td>Referencia: CITRIC<\/td>\n<\/tr>\n<tr>\n<td>Cat\u00e1logo: <a title=\"Diff-Quik protocol\" href=\"https:\/\/www.micropticsl.com\/wp-content\/uploads\/2013\/09\/microptic_disposables_catalog_english.pdf\" target=\"_blank\" rel=\"noopener noreferrer\">Descargar cat\u00e1logo<\/a> <img class=\"lazyload\" decoding=\"async\" style=\"margin: 6px 6px 0px;\" src=\"data:image\/svg+xml,%3Csvg%20xmlns%3D%27http%3A%2F%2Fwww.w3.org%2F2000%2Fsvg%27%20width%3D%2715%27%20height%3D%279%27%20viewBox%3D%270%200%2015%209%27%3E%3Crect%20width%3D%2715%27%20height%3D%279%27%20fill-opacity%3D%220%22%2F%3E%3C%2Fsvg%3E\" data-orig-src=\"https:\/\/www.micropticsl.com\/wp-content\/uploads\/2013\/09\/pdf_thumbnail.png\" alt=\"pdf_thumbnail\" width=\"15\" height=\"9\" \/><\/td>\n<\/tr>\n<tr>\n<td>Protocolo: <a title=\"Descargar protocolo\" href=\"https:\/\/www.micropticsl.com\/wp-content\/uploads\/2017\/04\/citricscreen_protocol.pdf\" target=\"_blank\" rel=\"noopener noreferrer\">Descargar protocolo<\/a> <img class=\"lazyload\" decoding=\"async\" style=\"margin: 6px 6px 0px;\" src=\"data:image\/svg+xml,%3Csvg%20xmlns%3D%27http%3A%2F%2Fwww.w3.org%2F2000%2Fsvg%27%20width%3D%2715%27%20height%3D%279%27%20viewBox%3D%270%200%2015%209%27%3E%3Crect%20width%3D%2715%27%20height%3D%279%27%20fill-opacity%3D%220%22%2F%3E%3C%2Fsvg%3E\" data-orig-src=\"https:\/\/www.micropticsl.com\/wp-content\/uploads\/2013\/09\/pdf_thumbnail.png\" alt=\"pdf_thumbnail\" width=\"15\" height=\"9\" \/><\/td>\n<\/tr>\n<\/tbody>\n<\/table>\n<\/div>\n<div class=\"fusion-clearfix\"><\/div><\/div><\/div>\n<\/div>\n<\/div>\n","protected":false},"excerpt":{"rendered":"","protected":false},"author":1,"featured_media":28427,"parent":26833,"menu_order":0,"comment_status":"closed","ping_status":"closed","template":"","meta":{"footnotes":""},"class_list":["post-26845","page","type-page","status-publish","has-post-thumbnail","hentry"],"yoast_head":"<!-- This site is optimized with the Yoast SEO plugin v24.8 - https:\/\/yoast.com\/wordpress\/plugins\/seo\/ -->\n<title>CitricScreen - HT CASA<\/title>\n<meta name=\"robots\" content=\"index, follow, max-snippet:-1, max-image-preview:large, max-video-preview:-1\" \/>\n<link rel=\"canonical\" href=\"https:\/\/www.micropticsl.com\/es\/productos\/fungibles\/otros-consumibles\/citricscreen\/\" \/>\n<meta property=\"og:locale\" content=\"es_ES\" \/>\n<meta property=\"og:type\" content=\"article\" \/>\n<meta property=\"og:title\" content=\"CitricScreen - HT CASA\" \/>\n<meta property=\"og:url\" content=\"https:\/\/www.micropticsl.com\/es\/productos\/fungibles\/otros-consumibles\/citricscreen\/\" \/>\n<meta property=\"og:site_name\" content=\"HT CASA\" \/>\n<meta property=\"article:publisher\" content=\"https:\/\/www.facebook.com\/HamiltonThorneInc\" \/>\n<meta property=\"article:modified_time\" content=\"2023-07-10T14:07:58+00:00\" \/>\n<meta property=\"og:image\" content=\"https:\/\/www.micropticsl.com\/wp-content\/uploads\/2017\/04\/featured_disposables.png\" \/>\n\t<meta property=\"og:image:width\" content=\"300\" \/>\n\t<meta property=\"og:image:height\" content=\"200\" \/>\n\t<meta property=\"og:image:type\" content=\"image\/png\" \/>\n<meta name=\"twitter:card\" content=\"summary_large_image\" \/>\n<meta name=\"twitter:site\" content=\"@HamiltonThorne\" \/>\n<meta name=\"twitter:label1\" content=\"Tiempo de lectura\" \/>\n\t<meta name=\"twitter:data1\" content=\"2 minutos\" \/>\n<script type=\"application\/ld+json\" class=\"yoast-schema-graph\">{\"@context\":\"https:\/\/schema.org\",\"@graph\":[{\"@type\":\"WebPage\",\"@id\":\"https:\/\/www.micropticsl.com\/es\/productos\/fungibles\/otros-consumibles\/citricscreen\/\",\"url\":\"https:\/\/www.micropticsl.com\/es\/productos\/fungibles\/otros-consumibles\/citricscreen\/\",\"name\":\"CitricScreen - HT CASA\",\"isPartOf\":{\"@id\":\"https:\/\/www.micropticsl.com\/#website\"},\"primaryImageOfPage\":{\"@id\":\"https:\/\/www.micropticsl.com\/es\/productos\/fungibles\/otros-consumibles\/citricscreen\/#primaryimage\"},\"image\":{\"@id\":\"https:\/\/www.micropticsl.com\/es\/productos\/fungibles\/otros-consumibles\/citricscreen\/#primaryimage\"},\"thumbnailUrl\":\"https:\/\/www.micropticsl.com\/wp-content\/uploads\/2017\/04\/featured_disposables.png\",\"datePublished\":\"2017-05-09T07:23:19+00:00\",\"dateModified\":\"2023-07-10T14:07:58+00:00\",\"breadcrumb\":{\"@id\":\"https:\/\/www.micropticsl.com\/es\/productos\/fungibles\/otros-consumibles\/citricscreen\/#breadcrumb\"},\"inLanguage\":\"es\",\"potentialAction\":[{\"@type\":\"ReadAction\",\"target\":[\"https:\/\/www.micropticsl.com\/es\/productos\/fungibles\/otros-consumibles\/citricscreen\/\"]}]},{\"@type\":\"ImageObject\",\"inLanguage\":\"es\",\"@id\":\"https:\/\/www.micropticsl.com\/es\/productos\/fungibles\/otros-consumibles\/citricscreen\/#primaryimage\",\"url\":\"https:\/\/www.micropticsl.com\/wp-content\/uploads\/2017\/04\/featured_disposables.png\",\"contentUrl\":\"https:\/\/www.micropticsl.com\/wp-content\/uploads\/2017\/04\/featured_disposables.png\",\"width\":300,\"height\":200},{\"@type\":\"BreadcrumbList\",\"@id\":\"https:\/\/www.micropticsl.com\/es\/productos\/fungibles\/otros-consumibles\/citricscreen\/#breadcrumb\",\"itemListElement\":[{\"@type\":\"ListItem\",\"position\":1,\"name\":\"Home\",\"item\":\"https:\/\/www.micropticsl.com\/es\/\"},{\"@type\":\"ListItem\",\"position\":2,\"name\":\"Productos y servicios\",\"item\":\"https:\/\/www.micropticsl.com\/es\/productos\/\"},{\"@type\":\"ListItem\",\"position\":3,\"name\":\"Consumibles\",\"item\":\"https:\/\/www.micropticsl.com\/es\/productos\/fungibles\/\"},{\"@type\":\"ListItem\",\"position\":4,\"name\":\"Otros consumibles\",\"item\":\"https:\/\/www.micropticsl.com\/es\/productos\/fungibles\/otros-consumibles\/\"},{\"@type\":\"ListItem\",\"position\":5,\"name\":\"CitricScreen\"}]},{\"@type\":\"WebSite\",\"@id\":\"https:\/\/www.micropticsl.com\/#website\",\"url\":\"https:\/\/www.micropticsl.com\/\",\"name\":\"HT CASA\",\"description\":\"Su partner en an\u00e1lisis de semen\",\"publisher\":{\"@id\":\"https:\/\/www.micropticsl.com\/#organization\"},\"potentialAction\":[{\"@type\":\"SearchAction\",\"target\":{\"@type\":\"EntryPoint\",\"urlTemplate\":\"https:\/\/www.micropticsl.com\/?s={search_term_string}\"},\"query-input\":{\"@type\":\"PropertyValueSpecification\",\"valueRequired\":true,\"valueName\":\"search_term_string\"}}],\"inLanguage\":\"es\"},{\"@type\":\"Organization\",\"@id\":\"https:\/\/www.micropticsl.com\/#organization\",\"name\":\"HT CASA\",\"alternateName\":\"HT\",\"url\":\"https:\/\/www.micropticsl.com\/\",\"logo\":{\"@type\":\"ImageObject\",\"inLanguage\":\"es\",\"@id\":\"https:\/\/www.micropticsl.com\/#\/schema\/logo\/image\/\",\"url\":\"https:\/\/www.micropticsl.com\/wp-content\/uploads\/2024\/06\/ht_casa_logo_header_retina.png\",\"contentUrl\":\"https:\/\/www.micropticsl.com\/wp-content\/uploads\/2024\/06\/ht_casa_logo_header_retina.png\",\"width\":330,\"height\":180,\"caption\":\"HT CASA\"},\"image\":{\"@id\":\"https:\/\/www.micropticsl.com\/#\/schema\/logo\/image\/\"},\"sameAs\":[\"https:\/\/www.facebook.com\/HamiltonThorneInc\",\"https:\/\/x.com\/HamiltonThorne\",\"https:\/\/www.linkedin.com\/company\/hamilton-thorne-inc\",\"https:\/\/www.instagram.com\/hamiltonthorneinc\",\"https:\/\/www.youtube.com\/channel\/UCN1OlgxbXjMQXhIbILplq5A\"]}]}<\/script>\n<!-- \/ Yoast SEO plugin. -->","yoast_head_json":{"title":"CitricScreen - HT CASA","robots":{"index":"index","follow":"follow","max-snippet":"max-snippet:-1","max-image-preview":"max-image-preview:large","max-video-preview":"max-video-preview:-1"},"canonical":"https:\/\/www.micropticsl.com\/es\/productos\/fungibles\/otros-consumibles\/citricscreen\/","og_locale":"es_ES","og_type":"article","og_title":"CitricScreen - HT CASA","og_url":"https:\/\/www.micropticsl.com\/es\/productos\/fungibles\/otros-consumibles\/citricscreen\/","og_site_name":"HT CASA","article_publisher":"https:\/\/www.facebook.com\/HamiltonThorneInc","article_modified_time":"2023-07-10T14:07:58+00:00","og_image":[{"width":300,"height":200,"url":"https:\/\/www.micropticsl.com\/wp-content\/uploads\/2017\/04\/featured_disposables.png","type":"image\/png"}],"twitter_card":"summary_large_image","twitter_site":"@HamiltonThorne","twitter_misc":{"Tiempo de lectura":"2 minutos"},"schema":{"@context":"https:\/\/schema.org","@graph":[{"@type":"WebPage","@id":"https:\/\/www.micropticsl.com\/es\/productos\/fungibles\/otros-consumibles\/citricscreen\/","url":"https:\/\/www.micropticsl.com\/es\/productos\/fungibles\/otros-consumibles\/citricscreen\/","name":"CitricScreen - HT CASA","isPartOf":{"@id":"https:\/\/www.micropticsl.com\/#website"},"primaryImageOfPage":{"@id":"https:\/\/www.micropticsl.com\/es\/productos\/fungibles\/otros-consumibles\/citricscreen\/#primaryimage"},"image":{"@id":"https:\/\/www.micropticsl.com\/es\/productos\/fungibles\/otros-consumibles\/citricscreen\/#primaryimage"},"thumbnailUrl":"https:\/\/www.micropticsl.com\/wp-content\/uploads\/2017\/04\/featured_disposables.png","datePublished":"2017-05-09T07:23:19+00:00","dateModified":"2023-07-10T14:07:58+00:00","breadcrumb":{"@id":"https:\/\/www.micropticsl.com\/es\/productos\/fungibles\/otros-consumibles\/citricscreen\/#breadcrumb"},"inLanguage":"es","potentialAction":[{"@type":"ReadAction","target":["https:\/\/www.micropticsl.com\/es\/productos\/fungibles\/otros-consumibles\/citricscreen\/"]}]},{"@type":"ImageObject","inLanguage":"es","@id":"https:\/\/www.micropticsl.com\/es\/productos\/fungibles\/otros-consumibles\/citricscreen\/#primaryimage","url":"https:\/\/www.micropticsl.com\/wp-content\/uploads\/2017\/04\/featured_disposables.png","contentUrl":"https:\/\/www.micropticsl.com\/wp-content\/uploads\/2017\/04\/featured_disposables.png","width":300,"height":200},{"@type":"BreadcrumbList","@id":"https:\/\/www.micropticsl.com\/es\/productos\/fungibles\/otros-consumibles\/citricscreen\/#breadcrumb","itemListElement":[{"@type":"ListItem","position":1,"name":"Home","item":"https:\/\/www.micropticsl.com\/es\/"},{"@type":"ListItem","position":2,"name":"Productos y servicios","item":"https:\/\/www.micropticsl.com\/es\/productos\/"},{"@type":"ListItem","position":3,"name":"Consumibles","item":"https:\/\/www.micropticsl.com\/es\/productos\/fungibles\/"},{"@type":"ListItem","position":4,"name":"Otros consumibles","item":"https:\/\/www.micropticsl.com\/es\/productos\/fungibles\/otros-consumibles\/"},{"@type":"ListItem","position":5,"name":"CitricScreen"}]},{"@type":"WebSite","@id":"https:\/\/www.micropticsl.com\/#website","url":"https:\/\/www.micropticsl.com\/","name":"HT CASA","description":"Su partner en an\u00e1lisis de semen","publisher":{"@id":"https:\/\/www.micropticsl.com\/#organization"},"potentialAction":[{"@type":"SearchAction","target":{"@type":"EntryPoint","urlTemplate":"https:\/\/www.micropticsl.com\/?s={search_term_string}"},"query-input":{"@type":"PropertyValueSpecification","valueRequired":true,"valueName":"search_term_string"}}],"inLanguage":"es"},{"@type":"Organization","@id":"https:\/\/www.micropticsl.com\/#organization","name":"HT CASA","alternateName":"HT","url":"https:\/\/www.micropticsl.com\/","logo":{"@type":"ImageObject","inLanguage":"es","@id":"https:\/\/www.micropticsl.com\/#\/schema\/logo\/image\/","url":"https:\/\/www.micropticsl.com\/wp-content\/uploads\/2024\/06\/ht_casa_logo_header_retina.png","contentUrl":"https:\/\/www.micropticsl.com\/wp-content\/uploads\/2024\/06\/ht_casa_logo_header_retina.png","width":330,"height":180,"caption":"HT CASA"},"image":{"@id":"https:\/\/www.micropticsl.com\/#\/schema\/logo\/image\/"},"sameAs":["https:\/\/www.facebook.com\/HamiltonThorneInc","https:\/\/x.com\/HamiltonThorne","https:\/\/www.linkedin.com\/company\/hamilton-thorne-inc","https:\/\/www.instagram.com\/hamiltonthorneinc","https:\/\/www.youtube.com\/channel\/UCN1OlgxbXjMQXhIbILplq5A"]}]}},"_links":{"self":[{"href":"https:\/\/www.micropticsl.com\/es\/wp-json\/wp\/v2\/pages\/26845","targetHints":{"allow":["GET"]}}],"collection":[{"href":"https:\/\/www.micropticsl.com\/es\/wp-json\/wp\/v2\/pages"}],"about":[{"href":"https:\/\/www.micropticsl.com\/es\/wp-json\/wp\/v2\/types\/page"}],"author":[{"embeddable":true,"href":"https:\/\/www.micropticsl.com\/es\/wp-json\/wp\/v2\/users\/1"}],"replies":[{"embeddable":true,"href":"https:\/\/www.micropticsl.com\/es\/wp-json\/wp\/v2\/comments?post=26845"}],"version-history":[{"count":0,"href":"https:\/\/www.micropticsl.com\/es\/wp-json\/wp\/v2\/pages\/26845\/revisions"}],"up":[{"embeddable":true,"href":"https:\/\/www.micropticsl.com\/es\/wp-json\/wp\/v2\/pages\/26833"}],"wp:featuredmedia":[{"embeddable":true,"href":"https:\/\/www.micropticsl.com\/es\/wp-json\/wp\/v2\/media\/28427"}],"wp:attachment":[{"href":"https:\/\/www.micropticsl.com\/es\/wp-json\/wp\/v2\/media?parent=26845"}],"curies":[{"name":"wp","href":"https:\/\/api.w.org\/{rel}","templated":true}]}}