{"id":7487,"date":"2014-02-27T17:55:32","date_gmt":"2014-02-27T16:55:32","guid":{"rendered":"https:\/\/www.micropticsl.com\/?page_id=7487"},"modified":"2024-07-22T16:03:03","modified_gmt":"2024-07-22T14:03:03","slug":"noticias","status":"publish","type":"page","link":"https:\/\/www.micropticsl.com\/es\/noticias\/","title":{"rendered":"Noticias"},"content":{"rendered":"<div>\n<div>\n<div>\n<div class=\"fusion-fullwidth fullwidth-box fusion-builder-row-1 hundred-percent-fullwidth non-hundred-percent-height-scrolling\" style=\"--awb-border-radius-top-left:0px;--awb-border-radius-top-right:0px;--awb-border-radius-bottom-right:0px;--awb-border-radius-bottom-left:0px;--awb-overflow:visible;--awb-flex-wrap:wrap;\" ><\/p>\n<div class=\"fusion-builder-row fusion-row\">\n<div class=\"fusion-layout-column fusion_builder_column fusion-builder-column-0 fusion_builder_column_1_1 1_1 fusion-one-full fusion-column-first fusion-column-last\" style=\"--awb-bg-size:cover;\"><div class=\"fusion-column-wrapper fusion-flex-column-wrapper-legacy\">\n<\/div>\n<div class=\"fusion-blog-shortcode fusion-blog-shortcode-1 fusion-blog-archive fusion-blog-layout-large-alternate fusion-blog-infinite fusion-blog-no-images\"><div class=\"fusion-posts-container fusion-posts-container-infinite fusion-posts-container-load-more fusion-no-meta-info\" data-pages=\"34\"><article id=\"blog-1-post-37217\" class=\"fusion-post-large-alternate post-37217 post type-post status-publish format-standard has-post-thumbnail hentry category-news-es\">\n<div class=\"fusion-date-and-formats\"><div class=\"fusion-date-box updated\"><span class=\"fusion-date\">31<\/span><span class=\"fusion-month-year\">03, 2025<\/span><\/div><div class=\"fusion-format-box\"><i class=\"awb-icon-pen\" aria-hidden=\"true\"><\/i><\/div><\/div><div class=\"fusion-post-content post-content\"><h2 class=\"blog-shortcode-post-title entry-title\"><a href=\"https:\/\/www.micropticsl.com\/es\/introducing-nexpring-health\/\">Presentamos Nexpring Health \u2013 31 de marzo<\/a><\/h2><div class=\"fusion-post-content-container\"><p>   Nos complace anunciar que nuestra empresa ahora forma parte de Nexpring Health, uniendo la experiencia de Cook Reproductive Health, Hamilton Thorne, Planer, IVFtech, Gynemed, Gyn\u00e9tics, Microptic, TekEvent y Embryotech. Cada embri\u00f3n, cada procedimiento, cada ciclo cuenta. Tenga la seguridad de que: Sus productos, calidad y servicio se<a href=\"https:\/\/www.micropticsl.com\/es\/introducing-nexpring-health\/\"> [...]<\/a><\/p><\/div><\/div><div class=\"fusion-clearfix\"><\/div><\/article>\n<article id=\"blog-1-post-37191\" class=\"fusion-post-large-alternate post-37191 post type-post status-publish format-standard has-post-thumbnail hentry category-news-es\">\n<div class=\"fusion-date-and-formats\"><div class=\"fusion-date-box updated\"><span class=\"fusion-date\">18<\/span><span class=\"fusion-month-year\">02, 2025<\/span><\/div><div class=\"fusion-format-box\"><i class=\"awb-icon-pen\" aria-hidden=\"true\"><\/i><\/div><\/div><div class=\"fusion-post-content post-content\"><h2 class=\"blog-shortcode-post-title entry-title\"><a href=\"https:\/\/www.micropticsl.com\/es\/eqa-2055\/\">Control de Calidad Externo 2025 \u2013 18 de febrero<\/a><\/h2><div class=\"fusion-post-content-container\"><p>   La nueva edici\u00f3n del Control de Calidad Externo (EQC) para SCA y SCA SCOPE est\u00e1 disponible para aquellos clientes que tengan el contrato de mantenimiento. Dado que el an\u00e1lisis de semen es extraordinariamente complejo, los controles de calidad son esenciales para detectar y corregir errores sistem\u00e1ticos que<a href=\"https:\/\/www.micropticsl.com\/es\/eqa-2055\/\"> [...]<\/a><\/p><\/div><\/div><div class=\"fusion-clearfix\"><\/div><\/article>\n<article id=\"blog-1-post-37157\" class=\"fusion-post-large-alternate post-37157 post type-post status-publish format-standard has-post-thumbnail hentry category-news-es\">\n<div class=\"fusion-date-and-formats\"><div class=\"fusion-date-box updated\"><span class=\"fusion-date\">21<\/span><span class=\"fusion-month-year\">01, 2025<\/span><\/div><div class=\"fusion-format-box\"><i class=\"awb-icon-pen\" aria-hidden=\"true\"><\/i><\/div><\/div><div class=\"fusion-post-content post-content\"><h2 class=\"blog-shortcode-post-title entry-title\"><a href=\"https:\/\/www.micropticsl.com\/es\/hamilton-thorne-cook-irvine\/\">\u00a1Cook Medical Reproductive Health, Hamilton Thorne Ltd. y Fujifilm Irvine Scientific unen sus fuerzas! \u2013 21 de enero<\/a><\/h2><div class=\"fusion-post-content-container\"><p>   Estamos encantados de anunciar que una filial de Hamilton Thorne Ltd. ha firmado un acuerdo para adquirir la oferta de productos de citogen\u00e9tica y tecnolog\u00eda de reproducci\u00f3n asistida de FUJIFILM Irvine Scientific. Esta adquisici\u00f3n estrat\u00e9gica re\u00fane a tres l\u00edderes de la industria y crea una poderosa asociaci\u00f3n<a href=\"https:\/\/www.micropticsl.com\/es\/hamilton-thorne-cook-irvine\/\"> [...]<\/a><\/p><\/div><\/div><div class=\"fusion-clearfix\"><\/div><\/article>\n<\/div><div class=\"fusion-infinite-scroll-trigger\"><\/div><div class=\"pagination infinite-scroll clearfix\" style=\"display:none;\"><span class=\"current\">1<\/span><a href=\"https:\/\/www.micropticsl.com\/es\/wp-json\/wp\/v2\/pages\/7487\/page\/2\/\" class=\"inactive\">2<\/a><a class=\"pagination-next\" rel=\"next\" href=\"https:\/\/www.micropticsl.com\/es\/wp-json\/wp\/v2\/pages\/7487\/page\/2\/\"><span class=\"page-text\">Siguiente<\/span><span class=\"page-next\"><\/span><\/a><\/div><div class=\"fusion-clearfix\"><\/div><button class=\"fusion-load-more-button fusion-blog-button fusion-clearfix\">Cargar m\u00e1s posts<\/button><\/div>\n<div class=\"fusion-clearfix\"><\/div><\/div><\/div>\n<\/div>\n<p><\/div>\n<\/div>\n<\/div>\n","protected":false},"excerpt":{"rendered":"","protected":false},"author":1,"featured_media":28692,"parent":0,"menu_order":0,"comment_status":"open","ping_status":"open","template":"","meta":{"footnotes":""},"class_list":["post-7487","page","type-page","status-publish","has-post-thumbnail","hentry"],"yoast_head":"<!-- This site is optimized with the Yoast SEO plugin v24.8 - https:\/\/yoast.com\/wordpress\/plugins\/seo\/ -->\n<title>\u00daltimas noticias de MICROPTIC - HT CASA<\/title>\n<meta name=\"description\" content=\"Las \u00faltimas noticias de Microptic: Noticias e informaci\u00f3n de la compa\u00f1\u00eda y sus productos.\" \/>\n<meta name=\"robots\" content=\"index, follow, max-snippet:-1, max-image-preview:large, max-video-preview:-1\" \/>\n<link rel=\"canonical\" href=\"https:\/\/www.micropticsl.com\/es\/noticias\/\" \/>\n<meta property=\"og:locale\" content=\"es_ES\" \/>\n<meta property=\"og:type\" content=\"article\" \/>\n<meta property=\"og:title\" content=\"\u00daltimas noticias de MICROPTIC - HT CASA\" \/>\n<meta property=\"og:description\" content=\"Las \u00faltimas noticias de Microptic: Noticias e informaci\u00f3n de la compa\u00f1\u00eda y sus productos.\" \/>\n<meta property=\"og:url\" content=\"https:\/\/www.micropticsl.com\/es\/noticias\/\" \/>\n<meta property=\"og:site_name\" content=\"HT CASA\" \/>\n<meta property=\"article:publisher\" content=\"https:\/\/www.facebook.com\/HamiltonThorneInc\" \/>\n<meta property=\"article:modified_time\" content=\"2024-07-22T14:03:03+00:00\" \/>\n<meta property=\"og:image\" content=\"https:\/\/www.micropticsl.com\/wp-content\/uploads\/2017\/05\/featured_news.png\" \/>\n\t<meta property=\"og:image:width\" content=\"300\" \/>\n\t<meta property=\"og:image:height\" content=\"200\" \/>\n\t<meta property=\"og:image:type\" content=\"image\/png\" \/>\n<meta name=\"twitter:card\" content=\"summary_large_image\" \/>\n<meta name=\"twitter:site\" content=\"@HamiltonThorne\" \/>\n<meta name=\"twitter:label1\" content=\"Tiempo de lectura\" \/>\n\t<meta name=\"twitter:data1\" content=\"1 minuto\" \/>\n<script type=\"application\/ld+json\" class=\"yoast-schema-graph\">{\"@context\":\"https:\/\/schema.org\",\"@graph\":[{\"@type\":\"WebPage\",\"@id\":\"https:\/\/www.micropticsl.com\/es\/noticias\/\",\"url\":\"https:\/\/www.micropticsl.com\/es\/noticias\/\",\"name\":\"\u00daltimas noticias de MICROPTIC - HT CASA\",\"isPartOf\":{\"@id\":\"https:\/\/www.micropticsl.com\/#website\"},\"primaryImageOfPage\":{\"@id\":\"https:\/\/www.micropticsl.com\/es\/noticias\/#primaryimage\"},\"image\":{\"@id\":\"https:\/\/www.micropticsl.com\/es\/noticias\/#primaryimage\"},\"thumbnailUrl\":\"https:\/\/www.micropticsl.com\/wp-content\/uploads\/2017\/05\/featured_news.png\",\"datePublished\":\"2014-02-27T16:55:32+00:00\",\"dateModified\":\"2024-07-22T14:03:03+00:00\",\"description\":\"Las \u00faltimas noticias de Microptic: Noticias e informaci\u00f3n de la compa\u00f1\u00eda y sus productos.\",\"breadcrumb\":{\"@id\":\"https:\/\/www.micropticsl.com\/es\/noticias\/#breadcrumb\"},\"inLanguage\":\"es\",\"potentialAction\":[{\"@type\":\"ReadAction\",\"target\":[\"https:\/\/www.micropticsl.com\/es\/noticias\/\"]}]},{\"@type\":\"ImageObject\",\"inLanguage\":\"es\",\"@id\":\"https:\/\/www.micropticsl.com\/es\/noticias\/#primaryimage\",\"url\":\"https:\/\/www.micropticsl.com\/wp-content\/uploads\/2017\/05\/featured_news.png\",\"contentUrl\":\"https:\/\/www.micropticsl.com\/wp-content\/uploads\/2017\/05\/featured_news.png\",\"width\":300,\"height\":200},{\"@type\":\"BreadcrumbList\",\"@id\":\"https:\/\/www.micropticsl.com\/es\/noticias\/#breadcrumb\",\"itemListElement\":[{\"@type\":\"ListItem\",\"position\":1,\"name\":\"Home\",\"item\":\"https:\/\/www.micropticsl.com\/es\/\"},{\"@type\":\"ListItem\",\"position\":2,\"name\":\"Noticias\"}]},{\"@type\":\"WebSite\",\"@id\":\"https:\/\/www.micropticsl.com\/#website\",\"url\":\"https:\/\/www.micropticsl.com\/\",\"name\":\"HT CASA\",\"description\":\"Su partner en an\u00e1lisis de semen\",\"publisher\":{\"@id\":\"https:\/\/www.micropticsl.com\/#organization\"},\"potentialAction\":[{\"@type\":\"SearchAction\",\"target\":{\"@type\":\"EntryPoint\",\"urlTemplate\":\"https:\/\/www.micropticsl.com\/?s={search_term_string}\"},\"query-input\":{\"@type\":\"PropertyValueSpecification\",\"valueRequired\":true,\"valueName\":\"search_term_string\"}}],\"inLanguage\":\"es\"},{\"@type\":\"Organization\",\"@id\":\"https:\/\/www.micropticsl.com\/#organization\",\"name\":\"HT CASA\",\"alternateName\":\"HT\",\"url\":\"https:\/\/www.micropticsl.com\/\",\"logo\":{\"@type\":\"ImageObject\",\"inLanguage\":\"es\",\"@id\":\"https:\/\/www.micropticsl.com\/#\/schema\/logo\/image\/\",\"url\":\"https:\/\/www.micropticsl.com\/wp-content\/uploads\/2024\/06\/ht_casa_logo_header_retina.png\",\"contentUrl\":\"https:\/\/www.micropticsl.com\/wp-content\/uploads\/2024\/06\/ht_casa_logo_header_retina.png\",\"width\":330,\"height\":180,\"caption\":\"HT CASA\"},\"image\":{\"@id\":\"https:\/\/www.micropticsl.com\/#\/schema\/logo\/image\/\"},\"sameAs\":[\"https:\/\/www.facebook.com\/HamiltonThorneInc\",\"https:\/\/x.com\/HamiltonThorne\",\"https:\/\/www.linkedin.com\/company\/hamilton-thorne-inc\",\"https:\/\/www.instagram.com\/hamiltonthorneinc\",\"https:\/\/www.youtube.com\/channel\/UCN1OlgxbXjMQXhIbILplq5A\"]}]}<\/script>\n<!-- \/ Yoast SEO plugin. -->","yoast_head_json":{"title":"\u00daltimas noticias de MICROPTIC - HT CASA","description":"Las \u00faltimas noticias de Microptic: Noticias e informaci\u00f3n de la compa\u00f1\u00eda y sus productos.","robots":{"index":"index","follow":"follow","max-snippet":"max-snippet:-1","max-image-preview":"max-image-preview:large","max-video-preview":"max-video-preview:-1"},"canonical":"https:\/\/www.micropticsl.com\/es\/noticias\/","og_locale":"es_ES","og_type":"article","og_title":"\u00daltimas noticias de MICROPTIC - HT CASA","og_description":"Las \u00faltimas noticias de Microptic: Noticias e informaci\u00f3n de la compa\u00f1\u00eda y sus productos.","og_url":"https:\/\/www.micropticsl.com\/es\/noticias\/","og_site_name":"HT CASA","article_publisher":"https:\/\/www.facebook.com\/HamiltonThorneInc","article_modified_time":"2024-07-22T14:03:03+00:00","og_image":[{"width":300,"height":200,"url":"https:\/\/www.micropticsl.com\/wp-content\/uploads\/2017\/05\/featured_news.png","type":"image\/png"}],"twitter_card":"summary_large_image","twitter_site":"@HamiltonThorne","twitter_misc":{"Tiempo de lectura":"1 minuto"},"schema":{"@context":"https:\/\/schema.org","@graph":[{"@type":"WebPage","@id":"https:\/\/www.micropticsl.com\/es\/noticias\/","url":"https:\/\/www.micropticsl.com\/es\/noticias\/","name":"\u00daltimas noticias de MICROPTIC - HT CASA","isPartOf":{"@id":"https:\/\/www.micropticsl.com\/#website"},"primaryImageOfPage":{"@id":"https:\/\/www.micropticsl.com\/es\/noticias\/#primaryimage"},"image":{"@id":"https:\/\/www.micropticsl.com\/es\/noticias\/#primaryimage"},"thumbnailUrl":"https:\/\/www.micropticsl.com\/wp-content\/uploads\/2017\/05\/featured_news.png","datePublished":"2014-02-27T16:55:32+00:00","dateModified":"2024-07-22T14:03:03+00:00","description":"Las \u00faltimas noticias de Microptic: Noticias e informaci\u00f3n de la compa\u00f1\u00eda y sus productos.","breadcrumb":{"@id":"https:\/\/www.micropticsl.com\/es\/noticias\/#breadcrumb"},"inLanguage":"es","potentialAction":[{"@type":"ReadAction","target":["https:\/\/www.micropticsl.com\/es\/noticias\/"]}]},{"@type":"ImageObject","inLanguage":"es","@id":"https:\/\/www.micropticsl.com\/es\/noticias\/#primaryimage","url":"https:\/\/www.micropticsl.com\/wp-content\/uploads\/2017\/05\/featured_news.png","contentUrl":"https:\/\/www.micropticsl.com\/wp-content\/uploads\/2017\/05\/featured_news.png","width":300,"height":200},{"@type":"BreadcrumbList","@id":"https:\/\/www.micropticsl.com\/es\/noticias\/#breadcrumb","itemListElement":[{"@type":"ListItem","position":1,"name":"Home","item":"https:\/\/www.micropticsl.com\/es\/"},{"@type":"ListItem","position":2,"name":"Noticias"}]},{"@type":"WebSite","@id":"https:\/\/www.micropticsl.com\/#website","url":"https:\/\/www.micropticsl.com\/","name":"HT CASA","description":"Su partner en an\u00e1lisis de semen","publisher":{"@id":"https:\/\/www.micropticsl.com\/#organization"},"potentialAction":[{"@type":"SearchAction","target":{"@type":"EntryPoint","urlTemplate":"https:\/\/www.micropticsl.com\/?s={search_term_string}"},"query-input":{"@type":"PropertyValueSpecification","valueRequired":true,"valueName":"search_term_string"}}],"inLanguage":"es"},{"@type":"Organization","@id":"https:\/\/www.micropticsl.com\/#organization","name":"HT CASA","alternateName":"HT","url":"https:\/\/www.micropticsl.com\/","logo":{"@type":"ImageObject","inLanguage":"es","@id":"https:\/\/www.micropticsl.com\/#\/schema\/logo\/image\/","url":"https:\/\/www.micropticsl.com\/wp-content\/uploads\/2024\/06\/ht_casa_logo_header_retina.png","contentUrl":"https:\/\/www.micropticsl.com\/wp-content\/uploads\/2024\/06\/ht_casa_logo_header_retina.png","width":330,"height":180,"caption":"HT CASA"},"image":{"@id":"https:\/\/www.micropticsl.com\/#\/schema\/logo\/image\/"},"sameAs":["https:\/\/www.facebook.com\/HamiltonThorneInc","https:\/\/x.com\/HamiltonThorne","https:\/\/www.linkedin.com\/company\/hamilton-thorne-inc","https:\/\/www.instagram.com\/hamiltonthorneinc","https:\/\/www.youtube.com\/channel\/UCN1OlgxbXjMQXhIbILplq5A"]}]}},"_links":{"self":[{"href":"https:\/\/www.micropticsl.com\/es\/wp-json\/wp\/v2\/pages\/7487","targetHints":{"allow":["GET"]}}],"collection":[{"href":"https:\/\/www.micropticsl.com\/es\/wp-json\/wp\/v2\/pages"}],"about":[{"href":"https:\/\/www.micropticsl.com\/es\/wp-json\/wp\/v2\/types\/page"}],"author":[{"embeddable":true,"href":"https:\/\/www.micropticsl.com\/es\/wp-json\/wp\/v2\/users\/1"}],"replies":[{"embeddable":true,"href":"https:\/\/www.micropticsl.com\/es\/wp-json\/wp\/v2\/comments?post=7487"}],"version-history":[{"count":0,"href":"https:\/\/www.micropticsl.com\/es\/wp-json\/wp\/v2\/pages\/7487\/revisions"}],"wp:featuredmedia":[{"embeddable":true,"href":"https:\/\/www.micropticsl.com\/es\/wp-json\/wp\/v2\/media\/28692"}],"wp:attachment":[{"href":"https:\/\/www.micropticsl.com\/es\/wp-json\/wp\/v2\/media?parent=7487"}],"curies":[{"name":"wp","href":"https:\/\/api.w.org\/{rel}","templated":true}]}}