{"id":7569,"date":"2014-03-03T16:08:41","date_gmt":"2014-03-03T15:08:41","guid":{"rendered":"https:\/\/www.micropticsl.com\/?page_id=7569"},"modified":"2024-07-08T08:48:33","modified_gmt":"2024-07-08T06:48:33","slug":"balanza-de-precision","status":"publish","type":"page","link":"https:\/\/www.micropticsl.com\/es\/productos\/componentes\/balanza-de-precision\/","title":{"rendered":"Balanza de precisi\u00f3n"},"content":{"rendered":"<div class=\"fusion-fullwidth fullwidth-box fusion-builder-row-1 hundred-percent-fullwidth non-hundred-percent-height-scrolling\" style=\"--awb-border-radius-top-left:0px;--awb-border-radius-top-right:0px;--awb-border-radius-bottom-right:0px;--awb-border-radius-bottom-left:0px;--awb-overflow:visible;--awb-flex-wrap:wrap;\" ><\/p>\n<div class=\"fusion-builder-row fusion-row\">\n<div class=\"fusion-layout-column fusion_builder_column fusion-builder-column-0 fusion_builder_column_1_1 1_1 fusion-one-full fusion-column-first fusion-column-last\" style=\"--awb-bg-size:cover;\"><div class=\"fusion-column-wrapper fusion-flex-column-wrapper-legacy\">\n<p>Balanza de precisi\u00f3n, ideal para medir el peso de la muestra y calcular el volumen autom\u00e1ticamente. Los datos se transfieren de forma autom\u00e1tica al sistema Sperm Class Analyzer\u00ae (SCA\u00ae).<\/p>\n<div class=\"fusion-clearfix\"><\/div><\/div><\/div>\n<div class=\"fusion-layout-column fusion_builder_column fusion-builder-column-1 fusion_builder_column_1_2 1_2 fusion-one-half fusion-column-first\" style=\"--awb-bg-size:cover;width:50%;width:calc(50% - ( ( 4% ) * 0.5 ) );margin-right: 4%;\"><div class=\"fusion-column-wrapper fusion-flex-column-wrapper-legacy\">\n<div class=\"fusion-image-element fusion-image-align-center in-legacy-container\" style=\"text-align:center;--awb-caption-title-font-family:var(--h2_typography-font-family);--awb-caption-title-font-weight:var(--h2_typography-font-weight);--awb-caption-title-font-style:var(--h2_typography-font-style);--awb-caption-title-size:var(--h2_typography-font-size);--awb-caption-title-transform:var(--h2_typography-text-transform);--awb-caption-title-line-height:var(--h2_typography-line-height);--awb-caption-title-letter-spacing:var(--h2_typography-letter-spacing);\"><div class=\"imageframe-align-center\"><span class=\" fusion-imageframe imageframe-dropshadow imageframe-1 hover-type-zoomin\" style=\"-webkit-box-shadow: 3px 3px 7px rgba(0,0,0,0.3);box-shadow: 3px 3px 7px rgba(0,0,0,0.3);\"><a href=\"https:\/\/www.micropticsl.com\/wp-content\/uploads\/2013\/09\/precision_balance.png\" class=\"fusion-lightbox\" data-rel=\"iLightbox[6b6e30c239bb75e9c8e]\" data-title=\"Balanza de precisi\u00f3n\" title=\"Balanza de precisi\u00f3n\"><img decoding=\"async\" width=\"320\" height=\"280\" alt=\"Balanza de precisi\u00f3n\" src=\"https:\/\/www.micropticsl.com\/wp-content\/uploads\/2013\/09\/precision_balance_thumb.png\" data-orig-src=\"https:\/\/www.micropticsl.com\/wp-content\/uploads\/2013\/09\/precision_balance_thumb.png\" class=\"lazyload img-responsive wp-image-20245\" srcset=\"data:image\/svg+xml,%3Csvg%20xmlns%3D%27http%3A%2F%2Fwww.w3.org%2F2000%2Fsvg%27%20width%3D%27320%27%20height%3D%27280%27%20viewBox%3D%270%200%20320%20280%27%3E%3Crect%20width%3D%27320%27%20height%3D%27280%27%20fill-opacity%3D%220%22%2F%3E%3C%2Fsvg%3E\" data-srcset=\"https:\/\/www.micropticsl.com\/wp-content\/uploads\/2013\/09\/precision_balance_thumb-200x175.png 200w, https:\/\/www.micropticsl.com\/wp-content\/uploads\/2013\/09\/precision_balance_thumb.png 320w\" data-sizes=\"auto\" data-orig-sizes=\"(max-width: 800px) 100vw, 320px\" \/><\/a><\/span><\/div><\/div>\n<div class=\"fusion-sep-clear\"><\/div><div class=\"fusion-separator fusion-full-width-sep\" style=\"margin-left: auto;margin-right: auto;margin-top:20px;width:100%;\"><\/div><div class=\"fusion-sep-clear\"><\/div>\n<p style=\"text-align: center;\"><em>Click para ampliar<br \/>\n<\/em><\/p>\n<div class=\"fusion-clearfix\"><\/div><\/div><\/div>\n<div class=\"fusion-layout-column fusion_builder_column fusion-builder-column-2 fusion_builder_column_1_2 1_2 fusion-one-half fusion-column-last\" style=\"--awb-bg-size:cover;width:50%;width:calc(50% - ( ( 4% ) * 0.5 ) );\"><div class=\"fusion-column-wrapper fusion-flex-column-wrapper-legacy\">\n<h2>Balanza de precisi\u00f3n<\/h2>\n<i class=\"fb-icon-element-1 fb-icon-element fontawesome-icon fa fa-chevron-circle-right circle-no fusion-text-flow\" style=\"--awb-iconcolor:#3374B9;--awb-iconcolor-hover:#3374B9;--awb-font-size:10px;--awb-margin-right:5px;\"><\/i>\nPantalla retro iluminada<div class=\"fusion-sep-clear\"><\/div><div class=\"fusion-separator fusion-full-width-sep\" style=\"margin-left: auto;margin-right: auto;width:100%;\"><\/div><div class=\"fusion-sep-clear\"><\/div>\n<i class=\"fb-icon-element-2 fb-icon-element fontawesome-icon fa fa-chevron-circle-right circle-no fusion-text-flow\" style=\"--awb-iconcolor:#3374B9;--awb-iconcolor-hover:#3374B9;--awb-font-size:10px;--awb-margin-right:5px;\"><\/i>\nBater\u00eda interna recargable<div class=\"fusion-sep-clear\"><\/div><div class=\"fusion-separator fusion-full-width-sep\" style=\"margin-left: auto;margin-right: auto;width:100%;\"><\/div><div class=\"fusion-sep-clear\"><\/div>\n<i class=\"fb-icon-element-3 fb-icon-element fontawesome-icon fa fa-chevron-circle-right circle-no fusion-text-flow\" style=\"--awb-iconcolor:#3374B9;--awb-iconcolor-hover:#3374B9;--awb-font-size:10px;--awb-margin-right:5px;\"><\/i>\nCapacidad: Hasta 1.500 g<div class=\"fusion-sep-clear\"><\/div><div class=\"fusion-separator fusion-full-width-sep\" style=\"margin-left: auto;margin-right: auto;width:100%;\"><\/div><div class=\"fusion-sep-clear\"><\/div>\n<i class=\"fb-icon-element-4 fb-icon-element fontawesome-icon fa fa-chevron-circle-right circle-no fusion-text-flow\" style=\"--awb-iconcolor:#3374B9;--awb-iconcolor-hover:#3374B9;--awb-font-size:10px;--awb-margin-right:5px;\"><\/i>\nLegibilidad: 0,05 g<div class=\"fusion-sep-clear\"><\/div><div class=\"fusion-separator fusion-full-width-sep\" style=\"margin-left: auto;margin-right: auto;width:100%;\"><\/div><div class=\"fusion-sep-clear\"><\/div>\n<i class=\"fb-icon-element-5 fb-icon-element fontawesome-icon fa fa-chevron-circle-right circle-no fusion-text-flow\" style=\"--awb-iconcolor:#3374B9;--awb-iconcolor-hover:#3374B9;--awb-font-size:10px;--awb-margin-right:5px;\"><\/i>\nRS-232-C e interfaz USB<\/p>\n<p>M\u00e1s informaci\u00f3n:<\/p>\n<div class=\"fusion-button-wrapper\"><a class=\"fusion-button button-flat button-large button-default fusion-button-default button-1 fusion-button-default-span fusion-button-default-type\" target=\"_self\" goog_report_conversion(&#039;https:\/\/www.micropticsl.com\/es\/?p=\"7501&#039;)\" href=\"https:\/\/www.micropticsl.com\/es\/?p=7501\"><span class=\"fusion-button-text\">Petici\u00f3n de informaci\u00f3n<\/span><\/a><\/div>\n<div class=\"fusion-sep-clear\"><\/div><div class=\"fusion-separator fusion-full-width-sep\" style=\"margin-left: auto;margin-right: auto;margin-top:40px;width:100%;\"><\/div><div class=\"fusion-sep-clear\"><\/div>\n<div class=\"table-1\">\n<table width=\"100%\">\n<tbody>\n<tr>\n<td>Referencia: HCB1502<\/td>\n<\/tr>\n<tr>\n<td>Cat\u00e1logo: <a title=\"Descargar cat\u00e1logo balanza de precisi\u00f3n\" href=\"https:\/\/www.micropticsl.com\/wp-content\/uploads\/2013\/09\/precision_balance_catalog.pdf\" target=\"_blank\" rel=\"noopener\">Descargar cat\u00e1logo<\/a> <a href=\"https:\/\/www.micropticsl.com\/wp-content\/uploads\/2013\/09\/pdf_thumbnail.png\"><img decoding=\"async\" class=\"lazyload alignnone size-full wp-image-5963\" style=\"margin: 6px 6px 0px;\" src=\"data:image\/svg+xml,%3Csvg%20xmlns%3D%27http%3A%2F%2Fwww.w3.org%2F2000%2Fsvg%27%20width%3D%2715%27%20height%3D%279%27%20viewBox%3D%270%200%2015%209%27%3E%3Crect%20width%3D%2715%27%20height%3D%279%27%20fill-opacity%3D%220%22%2F%3E%3C%2Fsvg%3E\" data-orig-src=\"https:\/\/www.micropticsl.com\/wp-content\/uploads\/2013\/09\/pdf_thumbnail.png\" alt=\"pdf_thumbnail\" width=\"15\" height=\"9\" \/><\/a><\/td>\n<\/tr>\n<tr>\n<td>Manual: <a title=\"Descargar manual balanza de precisi\u00f3n\" href=\"https:\/\/www.micropticsl.com\/wp-content\/uploads\/2013\/09\/presicision_balance_manual.pdf\" target=\"_blank\" rel=\"noopener\">Descargar manual<\/a> <img class=\"lazyload\" decoding=\"async\" style=\"margin: 6px 6px 0px;\" src=\"data:image\/svg+xml,%3Csvg%20xmlns%3D%27http%3A%2F%2Fwww.w3.org%2F2000%2Fsvg%27%20width%3D%2715%27%20height%3D%279%27%20viewBox%3D%270%200%2015%209%27%3E%3Crect%20width%3D%2715%27%20height%3D%279%27%20fill-opacity%3D%220%22%2F%3E%3C%2Fsvg%3E\" data-orig-src=\"https:\/\/www.micropticsl.com\/wp-content\/uploads\/2013\/09\/pdf_thumbnail.png\" alt=\"pdf_thumbnail\" width=\"15\" height=\"9\" \/><\/td>\n<\/tr>\n<\/tbody>\n<\/table>\n<\/div>\n<div class=\"fusion-clearfix\"><\/div><\/div><\/div>\n<\/div>\n<p><\/div>\n","protected":false},"excerpt":{"rendered":"","protected":false},"author":1,"featured_media":28395,"parent":7554,"menu_order":0,"comment_status":"closed","ping_status":"closed","template":"","meta":{"footnotes":""},"class_list":["post-7569","page","type-page","status-publish","has-post-thumbnail","hentry"],"yoast_head":"<!-- This site is optimized with the Yoast SEO plugin v24.8 - https:\/\/yoast.com\/wordpress\/plugins\/seo\/ -->\n<title>Balanza de precisi\u00f3n - HT CASA<\/title>\n<meta name=\"robots\" content=\"index, follow, max-snippet:-1, max-image-preview:large, max-video-preview:-1\" \/>\n<link rel=\"canonical\" href=\"https:\/\/www.micropticsl.com\/es\/productos\/componentes\/balanza-de-precision\/\" \/>\n<meta property=\"og:locale\" content=\"es_ES\" \/>\n<meta property=\"og:type\" content=\"article\" \/>\n<meta property=\"og:title\" content=\"Balanza de precisi\u00f3n - HT CASA\" \/>\n<meta property=\"og:url\" content=\"https:\/\/www.micropticsl.com\/es\/productos\/componentes\/balanza-de-precision\/\" \/>\n<meta property=\"og:site_name\" content=\"HT CASA\" \/>\n<meta property=\"article:publisher\" content=\"https:\/\/www.facebook.com\/HamiltonThorneInc\" \/>\n<meta property=\"article:modified_time\" content=\"2024-07-08T06:48:33+00:00\" \/>\n<meta property=\"og:image\" content=\"https:\/\/www.micropticsl.com\/wp-content\/uploads\/2013\/09\/featured_components.png\" \/>\n\t<meta property=\"og:image:width\" content=\"300\" \/>\n\t<meta property=\"og:image:height\" content=\"200\" \/>\n\t<meta property=\"og:image:type\" content=\"image\/png\" \/>\n<meta name=\"twitter:card\" content=\"summary_large_image\" \/>\n<meta name=\"twitter:site\" content=\"@HamiltonThorne\" \/>\n<meta name=\"twitter:label1\" content=\"Tiempo de lectura\" \/>\n\t<meta name=\"twitter:data1\" content=\"2 minutos\" \/>\n<script type=\"application\/ld+json\" class=\"yoast-schema-graph\">{\"@context\":\"https:\/\/schema.org\",\"@graph\":[{\"@type\":\"WebPage\",\"@id\":\"https:\/\/www.micropticsl.com\/es\/productos\/componentes\/balanza-de-precision\/\",\"url\":\"https:\/\/www.micropticsl.com\/es\/productos\/componentes\/balanza-de-precision\/\",\"name\":\"Balanza de precisi\u00f3n - HT CASA\",\"isPartOf\":{\"@id\":\"https:\/\/www.micropticsl.com\/#website\"},\"primaryImageOfPage\":{\"@id\":\"https:\/\/www.micropticsl.com\/es\/productos\/componentes\/balanza-de-precision\/#primaryimage\"},\"image\":{\"@id\":\"https:\/\/www.micropticsl.com\/es\/productos\/componentes\/balanza-de-precision\/#primaryimage\"},\"thumbnailUrl\":\"https:\/\/www.micropticsl.com\/wp-content\/uploads\/2013\/09\/featured_components.png\",\"datePublished\":\"2014-03-03T15:08:41+00:00\",\"dateModified\":\"2024-07-08T06:48:33+00:00\",\"breadcrumb\":{\"@id\":\"https:\/\/www.micropticsl.com\/es\/productos\/componentes\/balanza-de-precision\/#breadcrumb\"},\"inLanguage\":\"es\",\"potentialAction\":[{\"@type\":\"ReadAction\",\"target\":[\"https:\/\/www.micropticsl.com\/es\/productos\/componentes\/balanza-de-precision\/\"]}]},{\"@type\":\"ImageObject\",\"inLanguage\":\"es\",\"@id\":\"https:\/\/www.micropticsl.com\/es\/productos\/componentes\/balanza-de-precision\/#primaryimage\",\"url\":\"https:\/\/www.micropticsl.com\/wp-content\/uploads\/2013\/09\/featured_components.png\",\"contentUrl\":\"https:\/\/www.micropticsl.com\/wp-content\/uploads\/2013\/09\/featured_components.png\",\"width\":300,\"height\":200},{\"@type\":\"BreadcrumbList\",\"@id\":\"https:\/\/www.micropticsl.com\/es\/productos\/componentes\/balanza-de-precision\/#breadcrumb\",\"itemListElement\":[{\"@type\":\"ListItem\",\"position\":1,\"name\":\"Home\",\"item\":\"https:\/\/www.micropticsl.com\/es\/\"},{\"@type\":\"ListItem\",\"position\":2,\"name\":\"Productos y servicios\",\"item\":\"https:\/\/www.micropticsl.com\/es\/productos\/\"},{\"@type\":\"ListItem\",\"position\":3,\"name\":\"Componentes\",\"item\":\"https:\/\/www.micropticsl.com\/es\/productos\/componentes\/\"},{\"@type\":\"ListItem\",\"position\":4,\"name\":\"Balanza de precisi\u00f3n\"}]},{\"@type\":\"WebSite\",\"@id\":\"https:\/\/www.micropticsl.com\/#website\",\"url\":\"https:\/\/www.micropticsl.com\/\",\"name\":\"HT CASA\",\"description\":\"Su partner en an\u00e1lisis de semen\",\"publisher\":{\"@id\":\"https:\/\/www.micropticsl.com\/#organization\"},\"potentialAction\":[{\"@type\":\"SearchAction\",\"target\":{\"@type\":\"EntryPoint\",\"urlTemplate\":\"https:\/\/www.micropticsl.com\/?s={search_term_string}\"},\"query-input\":{\"@type\":\"PropertyValueSpecification\",\"valueRequired\":true,\"valueName\":\"search_term_string\"}}],\"inLanguage\":\"es\"},{\"@type\":\"Organization\",\"@id\":\"https:\/\/www.micropticsl.com\/#organization\",\"name\":\"HT CASA\",\"alternateName\":\"HT\",\"url\":\"https:\/\/www.micropticsl.com\/\",\"logo\":{\"@type\":\"ImageObject\",\"inLanguage\":\"es\",\"@id\":\"https:\/\/www.micropticsl.com\/#\/schema\/logo\/image\/\",\"url\":\"https:\/\/www.micropticsl.com\/wp-content\/uploads\/2024\/06\/ht_casa_logo_header_retina.png\",\"contentUrl\":\"https:\/\/www.micropticsl.com\/wp-content\/uploads\/2024\/06\/ht_casa_logo_header_retina.png\",\"width\":330,\"height\":180,\"caption\":\"HT CASA\"},\"image\":{\"@id\":\"https:\/\/www.micropticsl.com\/#\/schema\/logo\/image\/\"},\"sameAs\":[\"https:\/\/www.facebook.com\/HamiltonThorneInc\",\"https:\/\/x.com\/HamiltonThorne\",\"https:\/\/www.linkedin.com\/company\/hamilton-thorne-inc\",\"https:\/\/www.instagram.com\/hamiltonthorneinc\",\"https:\/\/www.youtube.com\/channel\/UCN1OlgxbXjMQXhIbILplq5A\"]}]}<\/script>\n<!-- \/ Yoast SEO plugin. -->","yoast_head_json":{"title":"Balanza de precisi\u00f3n - HT CASA","robots":{"index":"index","follow":"follow","max-snippet":"max-snippet:-1","max-image-preview":"max-image-preview:large","max-video-preview":"max-video-preview:-1"},"canonical":"https:\/\/www.micropticsl.com\/es\/productos\/componentes\/balanza-de-precision\/","og_locale":"es_ES","og_type":"article","og_title":"Balanza de precisi\u00f3n - HT CASA","og_url":"https:\/\/www.micropticsl.com\/es\/productos\/componentes\/balanza-de-precision\/","og_site_name":"HT CASA","article_publisher":"https:\/\/www.facebook.com\/HamiltonThorneInc","article_modified_time":"2024-07-08T06:48:33+00:00","og_image":[{"width":300,"height":200,"url":"https:\/\/www.micropticsl.com\/wp-content\/uploads\/2013\/09\/featured_components.png","type":"image\/png"}],"twitter_card":"summary_large_image","twitter_site":"@HamiltonThorne","twitter_misc":{"Tiempo de lectura":"2 minutos"},"schema":{"@context":"https:\/\/schema.org","@graph":[{"@type":"WebPage","@id":"https:\/\/www.micropticsl.com\/es\/productos\/componentes\/balanza-de-precision\/","url":"https:\/\/www.micropticsl.com\/es\/productos\/componentes\/balanza-de-precision\/","name":"Balanza de precisi\u00f3n - HT CASA","isPartOf":{"@id":"https:\/\/www.micropticsl.com\/#website"},"primaryImageOfPage":{"@id":"https:\/\/www.micropticsl.com\/es\/productos\/componentes\/balanza-de-precision\/#primaryimage"},"image":{"@id":"https:\/\/www.micropticsl.com\/es\/productos\/componentes\/balanza-de-precision\/#primaryimage"},"thumbnailUrl":"https:\/\/www.micropticsl.com\/wp-content\/uploads\/2013\/09\/featured_components.png","datePublished":"2014-03-03T15:08:41+00:00","dateModified":"2024-07-08T06:48:33+00:00","breadcrumb":{"@id":"https:\/\/www.micropticsl.com\/es\/productos\/componentes\/balanza-de-precision\/#breadcrumb"},"inLanguage":"es","potentialAction":[{"@type":"ReadAction","target":["https:\/\/www.micropticsl.com\/es\/productos\/componentes\/balanza-de-precision\/"]}]},{"@type":"ImageObject","inLanguage":"es","@id":"https:\/\/www.micropticsl.com\/es\/productos\/componentes\/balanza-de-precision\/#primaryimage","url":"https:\/\/www.micropticsl.com\/wp-content\/uploads\/2013\/09\/featured_components.png","contentUrl":"https:\/\/www.micropticsl.com\/wp-content\/uploads\/2013\/09\/featured_components.png","width":300,"height":200},{"@type":"BreadcrumbList","@id":"https:\/\/www.micropticsl.com\/es\/productos\/componentes\/balanza-de-precision\/#breadcrumb","itemListElement":[{"@type":"ListItem","position":1,"name":"Home","item":"https:\/\/www.micropticsl.com\/es\/"},{"@type":"ListItem","position":2,"name":"Productos y servicios","item":"https:\/\/www.micropticsl.com\/es\/productos\/"},{"@type":"ListItem","position":3,"name":"Componentes","item":"https:\/\/www.micropticsl.com\/es\/productos\/componentes\/"},{"@type":"ListItem","position":4,"name":"Balanza de precisi\u00f3n"}]},{"@type":"WebSite","@id":"https:\/\/www.micropticsl.com\/#website","url":"https:\/\/www.micropticsl.com\/","name":"HT CASA","description":"Su partner en an\u00e1lisis de semen","publisher":{"@id":"https:\/\/www.micropticsl.com\/#organization"},"potentialAction":[{"@type":"SearchAction","target":{"@type":"EntryPoint","urlTemplate":"https:\/\/www.micropticsl.com\/?s={search_term_string}"},"query-input":{"@type":"PropertyValueSpecification","valueRequired":true,"valueName":"search_term_string"}}],"inLanguage":"es"},{"@type":"Organization","@id":"https:\/\/www.micropticsl.com\/#organization","name":"HT CASA","alternateName":"HT","url":"https:\/\/www.micropticsl.com\/","logo":{"@type":"ImageObject","inLanguage":"es","@id":"https:\/\/www.micropticsl.com\/#\/schema\/logo\/image\/","url":"https:\/\/www.micropticsl.com\/wp-content\/uploads\/2024\/06\/ht_casa_logo_header_retina.png","contentUrl":"https:\/\/www.micropticsl.com\/wp-content\/uploads\/2024\/06\/ht_casa_logo_header_retina.png","width":330,"height":180,"caption":"HT CASA"},"image":{"@id":"https:\/\/www.micropticsl.com\/#\/schema\/logo\/image\/"},"sameAs":["https:\/\/www.facebook.com\/HamiltonThorneInc","https:\/\/x.com\/HamiltonThorne","https:\/\/www.linkedin.com\/company\/hamilton-thorne-inc","https:\/\/www.instagram.com\/hamiltonthorneinc","https:\/\/www.youtube.com\/channel\/UCN1OlgxbXjMQXhIbILplq5A"]}]}},"_links":{"self":[{"href":"https:\/\/www.micropticsl.com\/es\/wp-json\/wp\/v2\/pages\/7569","targetHints":{"allow":["GET"]}}],"collection":[{"href":"https:\/\/www.micropticsl.com\/es\/wp-json\/wp\/v2\/pages"}],"about":[{"href":"https:\/\/www.micropticsl.com\/es\/wp-json\/wp\/v2\/types\/page"}],"author":[{"embeddable":true,"href":"https:\/\/www.micropticsl.com\/es\/wp-json\/wp\/v2\/users\/1"}],"replies":[{"embeddable":true,"href":"https:\/\/www.micropticsl.com\/es\/wp-json\/wp\/v2\/comments?post=7569"}],"version-history":[{"count":0,"href":"https:\/\/www.micropticsl.com\/es\/wp-json\/wp\/v2\/pages\/7569\/revisions"}],"up":[{"embeddable":true,"href":"https:\/\/www.micropticsl.com\/es\/wp-json\/wp\/v2\/pages\/7554"}],"wp:featuredmedia":[{"embeddable":true,"href":"https:\/\/www.micropticsl.com\/es\/wp-json\/wp\/v2\/media\/28395"}],"wp:attachment":[{"href":"https:\/\/www.micropticsl.com\/es\/wp-json\/wp\/v2\/media?parent=7569"}],"curies":[{"name":"wp","href":"https:\/\/api.w.org\/{rel}","templated":true}]}}