{"id":10881,"date":"2015-03-04T13:06:21","date_gmt":"2015-03-04T12:06:21","guid":{"rendered":"https:\/\/www.micropticsl.com\/actualites\/evenements\/presentation-sca-evolution-eshre-2015-lisbon\/"},"modified":"2024-07-08T08:38:45","modified_gmt":"2024-07-08T06:38:45","slug":"sca-evolution-a-eshre","status":"publish","type":"page","link":"https:\/\/www.micropticsl.com\/fr\/actualites\/evenements\/sca-evolution-a-eshre\/","title":{"rendered":"SCA\u00ae evolution \u00e0 ESHRE"},"content":{"rendered":"<h2>Pr\u00e9sentation du SCA\u00ae Evolution lors de l\u2019ESHRE 2015 \u2013 Lisbonne<\/h2>\n<p><div class=\"fusion-fullwidth fullwidth-box fusion-builder-row-1 hundred-percent-fullwidth non-hundred-percent-height-scrolling\" style=\"--awb-border-radius-top-left:0px;--awb-border-radius-top-right:0px;--awb-border-radius-bottom-right:0px;--awb-border-radius-bottom-left:0px;--awb-overflow:visible;--awb-margin-top:40px;--awb-background-color:rgba(255,255,255,0);--awb-flex-wrap:wrap;\" ><div class=\"fusion-builder-row fusion-row\"><div class=\"fusion-layout-column fusion_builder_column fusion-builder-column-0 fusion_builder_column_1_1 1_1 fusion-one-full fusion-column-first fusion-column-last fusion-column-no-min-height\" style=\"--awb-bg-size:cover;--awb-margin-bottom:0px;\"><div class=\"fusion-column-wrapper fusion-flex-column-wrapper-legacy\"><div class=\"fusion-sep-clear\"><\/div><div class=\"fusion-separator fusion-full-width-sep\" style=\"margin-left: auto;margin-right: auto;width:100%;\"><\/div><div class=\"fusion-sep-clear\"><\/div>\n<div class=\"fusion-clearfix\"><\/div><\/div><\/div><\/div><\/div><div class=\"fusion-fullwidth fullwidth-box fusion-builder-row-2 hundred-percent-fullwidth non-hundred-percent-height-scrolling\" style=\"--awb-border-radius-top-left:0px;--awb-border-radius-top-right:0px;--awb-border-radius-bottom-right:0px;--awb-border-radius-bottom-left:0px;--awb-overflow:visible;--awb-flex-wrap:wrap;\" ><div class=\"fusion-builder-row fusion-row\"><div class=\"fusion-layout-column fusion_builder_column fusion-builder-column-1 fusion_builder_column_1_2 1_2 fusion-one-half fusion-column-first\" style=\"--awb-bg-size:cover;width:50%;width:calc(50% - ( ( 4% ) * 0.5 ) );margin-right: 4%;\"><div class=\"fusion-column-wrapper fusion-flex-column-wrapper-legacy\">\n<p style=\"text-align: left;\"><div class=\"fusion-image-element in-legacy-container\" style=\"--awb-caption-title-font-family:var(--h2_typography-font-family);--awb-caption-title-font-weight:var(--h2_typography-font-weight);--awb-caption-title-font-style:var(--h2_typography-font-style);--awb-caption-title-size:var(--h2_typography-font-size);--awb-caption-title-transform:var(--h2_typography-text-transform);--awb-caption-title-line-height:var(--h2_typography-line-height);--awb-caption-title-letter-spacing:var(--h2_typography-letter-spacing);\"><span class=\" fusion-imageframe imageframe-dropshadow imageframe-1 hover-type-none\" style=\"-webkit-box-shadow: 3px 3px 7px rgba(0,0,0,0.3);box-shadow: 3px 3px 7px rgba(0,0,0,0.3);\"><img decoding=\"async\" width=\"300\" height=\"197\" alt=\"SCA CASA System\" title=\"sca_system_new_thumb\" src=\"data:image\/svg+xml,%3Csvg%20xmlns%3D%27http%3A%2F%2Fwww.w3.org%2F2000%2Fsvg%27%20width%3D%27300%27%20height%3D%27197%27%20viewBox%3D%270%200%20300%20197%27%3E%3Crect%20width%3D%27300%27%20height%3D%27197%27%20fill-opacity%3D%220%22%2F%3E%3C%2Fsvg%3E\" data-orig-src=\"https:\/\/www.micropticsl.com\/wp-content\/uploads\/2013\/09\/sca_system_new_thumb.png\" class=\"lazyload img-responsive wp-image-19744\"\/><\/span><\/div>\n<div class=\"fusion-clearfix\"><\/div><\/div><\/div>\n<div class=\"fusion-layout-column fusion_builder_column fusion-builder-column-2 fusion_builder_column_1_2 1_2 fusion-one-half fusion-column-last\" style=\"--awb-bg-size:cover;width:50%;width:calc(50% - ( ( 4% ) * 0.5 ) );\"><div class=\"fusion-column-wrapper fusion-flex-column-wrapper-legacy\">\n<p>Microptic organise une pr\u00e9sentation de la nouvelle version <strong>SCA\u00ae Evolution<\/strong> au cours de <strong>l&rsquo;ESHRE 2015 \u00e0 Lisbonne<\/strong> pour les clients et personnes int\u00e9ress\u00e9es par notre syst\u00e8me CASA.<\/p>\n<p>Pour assister \u00e0 cette pr\u00e9sentation, qui aura lieu le samedi 13 Juin \u00e0 <strong>l&rsquo;H\u00f4tel HF F\u00e9nix Lisboa<\/strong>, une inscription pr\u00e9alable est n\u00e9cessaire. Durant cette \u00e9v\u00e8nement, il y aura une br\u00e8ve pr\u00e9sentation de tous les avantages de notre syst\u00e8me, ainsi qu&rsquo;une conf\u00e9rence d&rsquo;une heure \u201c<b>The importance of sperm functional test in semen evaluation\u201d <\/b>o\u00f9 le <strong>Professeur Gerhard Van der Horst<\/strong>.<\/p>\n<p>Note : L&rsquo;inscription \u00e0 l&rsquo;\u00e9v\u00e9nement est ferm\u00e9e.<\/p>\n<div class=\"fusion-clearfix\"><\/div><\/div><\/div>\n<div class=\"fusion-layout-column fusion_builder_column fusion-builder-column-3 fusion_builder_column_1_1 1_1 fusion-one-full fusion-column-first fusion-column-last fusion-column-no-min-height\" style=\"--awb-bg-size:cover;--awb-margin-bottom:0px;\"><div class=\"fusion-column-wrapper fusion-flex-column-wrapper-legacy\"><div class=\"fusion-sep-clear\"><\/div><div class=\"fusion-separator fusion-full-width-sep\" style=\"margin-left: auto;margin-right: auto;width:100%;\"><div class=\"fusion-separator-border sep-single\" style=\"--awb-height:20px;--awb-amount:20px;border-color:#e0dede;border-top-width:1px;\"><\/div><\/div><div class=\"fusion-sep-clear\"><\/div>\n<div class=\"fusion-sep-clear\"><\/div><div class=\"fusion-separator fusion-full-width-sep\" style=\"margin-left: auto;margin-right: auto;margin-top:20px;width:100%;\"><\/div><div class=\"fusion-sep-clear\"><\/div>\n<div class=\"fusion-clearfix\"><\/div><\/div><\/div><div class=\"fusion-layout-column fusion_builder_column fusion-builder-column-4 fusion_builder_column_1_2 1_2 fusion-one-half fusion-column-first\" style=\"--awb-bg-size:cover;width:50%;width:calc(50% - ( ( 4% ) * 0.5 ) );margin-right: 4%;\"><div class=\"fusion-column-wrapper fusion-flex-column-wrapper-legacy\">\n<h3>Pr\u00e9sentation:<\/h3>\n<p style=\"text-align: left;\"><img class=\"lazyload\" decoding=\"async\" src=\"data:image\/svg+xml,%3Csvg%20xmlns%3D%27http%3A%2F%2Fwww.w3.org%2F2000%2Fsvg%27%20width%3D%27154%27%20height%3D%2780%27%20viewBox%3D%270%200%20154%2080%27%3E%3Crect%20width%3D%27154%27%20height%3D%2780%27%20fill-opacity%3D%220%22%2F%3E%3C%2Fsvg%3E\" data-orig-src=\"https:\/\/www.micropticsl.com\/wp-content\/uploads\/2014\/08\/logo_news_sca_evolution.png\" alt=\"logo_news_sca_evolution\" width=\"154\" height=\"80\" \/><\/p>\n<p>SCA\u00ae EVOLUTION presentation and lecture on:<br \/>\n<em>The importance of sperm functional test in semen evaluation<br \/>\n<\/em>by Prof Gerhard van der Horst.<\/p>\n<h3>Programme:<\/h3>\n<p>15.30 Arrival and distribution of the documentation<br \/>\n15.45 Welcome and introduction to the sessions and CASA SCA\u00ae.<br \/>\n16.00 Presentation of SCA\u00ae evolution news.<br \/>\n17.30 Coffee break<br \/>\n18.00 Lecture: \u201cThe importance of Sperm Functional test in semen evaluation\u201d by Prof Gerhard van der Horst<br \/>\n19.00 \u201cSCA, extending the boundaries in spermatology research\u201d by Mr Hiva Alipour<br \/>\n19.30 Open discussion<br \/>\n20.00 Free buffet dinner<\/p>\n<i class=\"fb-icon-element-1 fb-icon-element fontawesome-icon fa fa-chevron-circle-right circle-no fusion-text-flow\" style=\"--awb-iconcolor:#3374B9;--awb-iconcolor-hover:#3374B9;--awb-font-size:10px;--awb-margin-right:5px;\"><\/i><a title=\"T\u00e9l\u00e9charger le programme\" href=\"https:\/\/www.micropticsl.com\/wp-content\/uploads\/2015\/03\/microptic_eshre_program.pdf\" target=\"_blank\" rel=\"noopener\">T\u00e9l\u00e9charger le programme<\/a> <img decoding=\"async\" class=\"lazyload alignnone size-full wp-image-5963\" style=\"margin: 6px 6px 0px;\" src=\"data:image\/svg+xml,%3Csvg%20xmlns%3D%27http%3A%2F%2Fwww.w3.org%2F2000%2Fsvg%27%20width%3D%2715%27%20height%3D%279%27%20viewBox%3D%270%200%2015%209%27%3E%3Crect%20width%3D%2715%27%20height%3D%279%27%20fill-opacity%3D%220%22%2F%3E%3C%2Fsvg%3E\" data-orig-src=\"https:\/\/www.micropticsl.com\/wp-content\/uploads\/2013\/09\/pdf_thumbnail.png\" alt=\"PDF\" width=\"15\" height=\"9\" \/><\/p>\n<div class=\"fusion-clearfix\"><\/div><\/div><\/div>\n<div class=\"fusion-layout-column fusion_builder_column fusion-builder-column-5 fusion_builder_column_1_2 1_2 fusion-one-half fusion-column-last\" style=\"--awb-bg-size:cover;width:50%;width:calc(50% - ( ( 4% ) * 0.5 ) );\"><div class=\"fusion-column-wrapper fusion-flex-column-wrapper-legacy\">\n<h3>Date:<\/h3>\n<p><strong>13 June 2015<\/strong><br \/>\n15:30-20:00<\/p>\n<h3>Lieu:<\/h3>\n<p><strong>Hotel HF F\u00e9nix Lisboa<\/strong><br \/>\nPra\u00e7a Marqu\u00eas de Pombal, 8<br \/>\n1269 &#8211; 133 LISBOA<\/p>\n\t\t\t\t\t<script type=\"text\/javascript\">\n\t\t\t\t\t\tvar map_fusion_map_69d4e59c05639;\n\t\t\t\t\t\tvar markers = [];\n\t\t\t\t\t\tvar counter = 0;\n\t\t\t\t\t\t\t\t\t\t\t\t\t\t\t\t\t\t\t\tvar fusionMapNonce = '8cf5d3dcff';\n\t\t\t\t\t\t\t\t\t\t\t\tfunction fusion_run_map_fusion_map_69d4e59c05639() {\n\t\t\t\t\t\t\tjQuery('#fusion_map_69d4e59c05639').fusion_maps({\n\t\t\t\t\t\t\t\taddresses: [{\"address\":\"Hotel HF F\\u00e9nix Lisboa\",\"infobox_content\":\"\",\"coordinates\":false,\"cache\":true,\"latitude\":\"38.7222524\",\"longitude\":\"-9.139336599999978\"}],\n\t\t\t\t\t\t\t\tanimations: false,\n\t\t\t\t\t\t\t\tinfobox_background_color: '',\n\t\t\t\t\t\t\t\tinfobox_styling: '',\n\t\t\t\t\t\t\t\tinfobox_text_color: '',\n\t\t\t\t\t\t\t\tmap_style: '',\n\t\t\t\t\t\t\t\tmap_type: 'roadmap',\n\t\t\t\t\t\t\t\tmarker_icon: '',\n\t\t\t\t\t\t\t\toverlay_color: '',\n\t\t\t\t\t\t\t\toverlay_color_hsl: {\"hue\":0,\"sat\":0,\"lum\":100},\n\t\t\t\t\t\t\t\tshow_address: true,\n\t\t\t\t\t\t\t\tscale_control: false,\n\t\t\t\t\t\t\t\tscrollwheel: true,\n\t\t\t\t\t\t\t\tzoom: 10,\n\t\t\t\t\t\t\t\tzoom_control: false,\n\t\t\t\t\t\t\t});\n\t\t\t\t\t\t}\n\n\t\t\t\t\t\tgoogle.maps.event.addDomListener(window, 'load', fusion_run_map_fusion_map_69d4e59c05639);\n\t\t\t\t\t<\/script>\n\t\t\t\t\t<div class=\"shortcode-map fusion-google-map fusion-maps-js-type\" style=\"--awb-height:255px;\" id=\"fusion_map_69d4e59c05639\"><\/div>\n<div class=\"fusion-clearfix\"><\/div><\/div><\/div>\n<div class=\"fusion-layout-column fusion_builder_column fusion-builder-column-6 fusion_builder_column_1_1 1_1 fusion-one-full fusion-column-first fusion-column-last fusion-column-no-min-height\" style=\"--awb-bg-size:cover;--awb-margin-bottom:0px;\"><div class=\"fusion-column-wrapper fusion-flex-column-wrapper-legacy\"><div class=\"fusion-sep-clear\"><\/div><div class=\"fusion-separator fusion-full-width-sep\" style=\"margin-left: auto;margin-right: auto;width:100%;\"><div class=\"fusion-separator-border sep-single\" style=\"--awb-height:20px;--awb-amount:20px;border-color:#e0dede;border-top-width:1px;\"><\/div><\/div><div class=\"fusion-sep-clear\"><\/div>\n<div class=\"fusion-sep-clear\"><\/div><div class=\"fusion-separator fusion-full-width-sep\" style=\"margin-left: auto;margin-right: auto;margin-top:40px;width:100%;\"><\/div><div class=\"fusion-sep-clear\"><\/div>\n<p><img class=\"lazyload\" decoding=\"async\" src=\"data:image\/svg+xml,%3Csvg%20xmlns%3D%27http%3A%2F%2Fwww.w3.org%2F2000%2Fsvg%27%20width%3D%27665%27%20height%3D%27113%27%20viewBox%3D%270%200%20665%20113%27%3E%3Crect%20width%3D%27665%27%20height%3D%27113%27%20fill-opacity%3D%220%22%2F%3E%3C%2Fsvg%3E\" data-orig-src=\"https:\/\/www.micropticsl.com\/wp-content\/uploads\/2015\/03\/eshre_2015_lisbon.png\" alt=\"eshre_2015_lisbon\" width=\"665\" height=\"113\" \/><div class=\"fusion-clearfix\"><\/div><\/div><\/div><\/div><\/div><\/p>\n","protected":false},"excerpt":{"rendered":"<p>Pr\u00e9sentation du SCA\u00ae Evolution lors de l\u2019ESHRE 2015 \u2013 Lisbonne<\/p>\n","protected":false},"author":1,"featured_media":0,"parent":8274,"menu_order":0,"comment_status":"open","ping_status":"closed","template":"","meta":{"footnotes":""},"class_list":["post-10881","page","type-page","status-publish","hentry"],"yoast_head":"<!-- This site is optimized with the Yoast SEO plugin v24.8 - https:\/\/yoast.com\/wordpress\/plugins\/seo\/ -->\n<title>SCA\u00ae evolution \u00e0 ESHRE - HT CASA<\/title>\n<meta name=\"robots\" content=\"index, follow, max-snippet:-1, max-image-preview:large, max-video-preview:-1\" \/>\n<link rel=\"canonical\" href=\"https:\/\/www.micropticsl.com\/fr\/actualites\/evenements\/sca-evolution-a-eshre\/\" \/>\n<meta property=\"og:locale\" content=\"fr_FR\" \/>\n<meta property=\"og:type\" content=\"article\" \/>\n<meta property=\"og:title\" content=\"SCA\u00ae evolution \u00e0 ESHRE - HT CASA\" \/>\n<meta property=\"og:description\" content=\"Pr\u00e9sentation du SCA\u00ae Evolution lors de l\u2019ESHRE 2015 \u2013 Lisbonne\" \/>\n<meta property=\"og:url\" content=\"https:\/\/www.micropticsl.com\/fr\/actualites\/evenements\/sca-evolution-a-eshre\/\" \/>\n<meta property=\"og:site_name\" content=\"HT CASA\" \/>\n<meta property=\"article:publisher\" content=\"https:\/\/www.facebook.com\/HamiltonThorneInc\" \/>\n<meta property=\"article:modified_time\" content=\"2024-07-08T06:38:45+00:00\" \/>\n<meta property=\"og:image\" content=\"https:\/\/www.micropticsl.com\/wp-content\/uploads\/2013\/09\/sca_system_new_thumb.png\" \/>\n<meta name=\"twitter:card\" content=\"summary_large_image\" \/>\n<meta name=\"twitter:site\" content=\"@HamiltonThorne\" \/>\n<meta name=\"twitter:label1\" content=\"Dur\u00e9e de lecture estim\u00e9e\" \/>\n\t<meta name=\"twitter:data1\" content=\"2 minutes\" \/>\n<script type=\"application\/ld+json\" class=\"yoast-schema-graph\">{\"@context\":\"https:\/\/schema.org\",\"@graph\":[{\"@type\":\"WebPage\",\"@id\":\"https:\/\/www.micropticsl.com\/fr\/actualites\/evenements\/sca-evolution-a-eshre\/\",\"url\":\"https:\/\/www.micropticsl.com\/fr\/actualites\/evenements\/sca-evolution-a-eshre\/\",\"name\":\"SCA\u00ae evolution \u00e0 ESHRE - HT CASA\",\"isPartOf\":{\"@id\":\"https:\/\/www.micropticsl.com\/#website\"},\"primaryImageOfPage\":{\"@id\":\"https:\/\/www.micropticsl.com\/fr\/actualites\/evenements\/sca-evolution-a-eshre\/#primaryimage\"},\"image\":{\"@id\":\"https:\/\/www.micropticsl.com\/fr\/actualites\/evenements\/sca-evolution-a-eshre\/#primaryimage\"},\"thumbnailUrl\":\"https:\/\/www.micropticsl.com\/wp-content\/uploads\/2013\/09\/sca_system_new_thumb.png\",\"datePublished\":\"2015-03-04T12:06:21+00:00\",\"dateModified\":\"2024-07-08T06:38:45+00:00\",\"breadcrumb\":{\"@id\":\"https:\/\/www.micropticsl.com\/fr\/actualites\/evenements\/sca-evolution-a-eshre\/#breadcrumb\"},\"inLanguage\":\"fr-FR\",\"potentialAction\":[{\"@type\":\"ReadAction\",\"target\":[\"https:\/\/www.micropticsl.com\/fr\/actualites\/evenements\/sca-evolution-a-eshre\/\"]}]},{\"@type\":\"ImageObject\",\"inLanguage\":\"fr-FR\",\"@id\":\"https:\/\/www.micropticsl.com\/fr\/actualites\/evenements\/sca-evolution-a-eshre\/#primaryimage\",\"url\":\"https:\/\/www.micropticsl.com\/wp-content\/uploads\/2013\/09\/sca_system_new_thumb.png\",\"contentUrl\":\"https:\/\/www.micropticsl.com\/wp-content\/uploads\/2013\/09\/sca_system_new_thumb.png\"},{\"@type\":\"BreadcrumbList\",\"@id\":\"https:\/\/www.micropticsl.com\/fr\/actualites\/evenements\/sca-evolution-a-eshre\/#breadcrumb\",\"itemListElement\":[{\"@type\":\"ListItem\",\"position\":1,\"name\":\"Home\",\"item\":\"https:\/\/www.micropticsl.com\/fr\/\"},{\"@type\":\"ListItem\",\"position\":2,\"name\":\"Actualit\u00e9s\",\"item\":\"https:\/\/www.micropticsl.com\/fr\/actualites\/\"},{\"@type\":\"ListItem\",\"position\":3,\"name\":\"Ev\u00e8nements\",\"item\":\"https:\/\/www.micropticsl.com\/fr\/actualites\/evenements\/\"},{\"@type\":\"ListItem\",\"position\":4,\"name\":\"SCA\u00ae evolution \u00e0 ESHRE\"}]},{\"@type\":\"WebSite\",\"@id\":\"https:\/\/www.micropticsl.com\/#website\",\"url\":\"https:\/\/www.micropticsl.com\/\",\"name\":\"HT CASA\",\"description\":\"Votre partenaire en analyse de sperme\",\"publisher\":{\"@id\":\"https:\/\/www.micropticsl.com\/#organization\"},\"potentialAction\":[{\"@type\":\"SearchAction\",\"target\":{\"@type\":\"EntryPoint\",\"urlTemplate\":\"https:\/\/www.micropticsl.com\/?s={search_term_string}\"},\"query-input\":{\"@type\":\"PropertyValueSpecification\",\"valueRequired\":true,\"valueName\":\"search_term_string\"}}],\"inLanguage\":\"fr-FR\"},{\"@type\":\"Organization\",\"@id\":\"https:\/\/www.micropticsl.com\/#organization\",\"name\":\"HT CASA\",\"alternateName\":\"HT\",\"url\":\"https:\/\/www.micropticsl.com\/\",\"logo\":{\"@type\":\"ImageObject\",\"inLanguage\":\"fr-FR\",\"@id\":\"https:\/\/www.micropticsl.com\/#\/schema\/logo\/image\/\",\"url\":\"https:\/\/www.micropticsl.com\/wp-content\/uploads\/2024\/06\/ht_casa_logo_header_retina.png\",\"contentUrl\":\"https:\/\/www.micropticsl.com\/wp-content\/uploads\/2024\/06\/ht_casa_logo_header_retina.png\",\"width\":330,\"height\":180,\"caption\":\"HT CASA\"},\"image\":{\"@id\":\"https:\/\/www.micropticsl.com\/#\/schema\/logo\/image\/\"},\"sameAs\":[\"https:\/\/www.facebook.com\/HamiltonThorneInc\",\"https:\/\/x.com\/HamiltonThorne\",\"https:\/\/www.linkedin.com\/company\/hamilton-thorne-inc\",\"https:\/\/www.instagram.com\/hamiltonthorneinc\",\"https:\/\/www.youtube.com\/channel\/UCN1OlgxbXjMQXhIbILplq5A\"]}]}<\/script>\n<!-- \/ Yoast SEO plugin. -->","yoast_head_json":{"title":"SCA\u00ae evolution \u00e0 ESHRE - HT CASA","robots":{"index":"index","follow":"follow","max-snippet":"max-snippet:-1","max-image-preview":"max-image-preview:large","max-video-preview":"max-video-preview:-1"},"canonical":"https:\/\/www.micropticsl.com\/fr\/actualites\/evenements\/sca-evolution-a-eshre\/","og_locale":"fr_FR","og_type":"article","og_title":"SCA\u00ae evolution \u00e0 ESHRE - HT CASA","og_description":"Pr\u00e9sentation du SCA\u00ae Evolution lors de l\u2019ESHRE 2015 \u2013 Lisbonne","og_url":"https:\/\/www.micropticsl.com\/fr\/actualites\/evenements\/sca-evolution-a-eshre\/","og_site_name":"HT CASA","article_publisher":"https:\/\/www.facebook.com\/HamiltonThorneInc","article_modified_time":"2024-07-08T06:38:45+00:00","og_image":[{"url":"https:\/\/www.micropticsl.com\/wp-content\/uploads\/2013\/09\/sca_system_new_thumb.png","type":"","width":"","height":""}],"twitter_card":"summary_large_image","twitter_site":"@HamiltonThorne","twitter_misc":{"Dur\u00e9e de lecture estim\u00e9e":"2 minutes"},"schema":{"@context":"https:\/\/schema.org","@graph":[{"@type":"WebPage","@id":"https:\/\/www.micropticsl.com\/fr\/actualites\/evenements\/sca-evolution-a-eshre\/","url":"https:\/\/www.micropticsl.com\/fr\/actualites\/evenements\/sca-evolution-a-eshre\/","name":"SCA\u00ae evolution \u00e0 ESHRE - HT CASA","isPartOf":{"@id":"https:\/\/www.micropticsl.com\/#website"},"primaryImageOfPage":{"@id":"https:\/\/www.micropticsl.com\/fr\/actualites\/evenements\/sca-evolution-a-eshre\/#primaryimage"},"image":{"@id":"https:\/\/www.micropticsl.com\/fr\/actualites\/evenements\/sca-evolution-a-eshre\/#primaryimage"},"thumbnailUrl":"https:\/\/www.micropticsl.com\/wp-content\/uploads\/2013\/09\/sca_system_new_thumb.png","datePublished":"2015-03-04T12:06:21+00:00","dateModified":"2024-07-08T06:38:45+00:00","breadcrumb":{"@id":"https:\/\/www.micropticsl.com\/fr\/actualites\/evenements\/sca-evolution-a-eshre\/#breadcrumb"},"inLanguage":"fr-FR","potentialAction":[{"@type":"ReadAction","target":["https:\/\/www.micropticsl.com\/fr\/actualites\/evenements\/sca-evolution-a-eshre\/"]}]},{"@type":"ImageObject","inLanguage":"fr-FR","@id":"https:\/\/www.micropticsl.com\/fr\/actualites\/evenements\/sca-evolution-a-eshre\/#primaryimage","url":"https:\/\/www.micropticsl.com\/wp-content\/uploads\/2013\/09\/sca_system_new_thumb.png","contentUrl":"https:\/\/www.micropticsl.com\/wp-content\/uploads\/2013\/09\/sca_system_new_thumb.png"},{"@type":"BreadcrumbList","@id":"https:\/\/www.micropticsl.com\/fr\/actualites\/evenements\/sca-evolution-a-eshre\/#breadcrumb","itemListElement":[{"@type":"ListItem","position":1,"name":"Home","item":"https:\/\/www.micropticsl.com\/fr\/"},{"@type":"ListItem","position":2,"name":"Actualit\u00e9s","item":"https:\/\/www.micropticsl.com\/fr\/actualites\/"},{"@type":"ListItem","position":3,"name":"Ev\u00e8nements","item":"https:\/\/www.micropticsl.com\/fr\/actualites\/evenements\/"},{"@type":"ListItem","position":4,"name":"SCA\u00ae evolution \u00e0 ESHRE"}]},{"@type":"WebSite","@id":"https:\/\/www.micropticsl.com\/#website","url":"https:\/\/www.micropticsl.com\/","name":"HT CASA","description":"Votre partenaire en analyse de sperme","publisher":{"@id":"https:\/\/www.micropticsl.com\/#organization"},"potentialAction":[{"@type":"SearchAction","target":{"@type":"EntryPoint","urlTemplate":"https:\/\/www.micropticsl.com\/?s={search_term_string}"},"query-input":{"@type":"PropertyValueSpecification","valueRequired":true,"valueName":"search_term_string"}}],"inLanguage":"fr-FR"},{"@type":"Organization","@id":"https:\/\/www.micropticsl.com\/#organization","name":"HT CASA","alternateName":"HT","url":"https:\/\/www.micropticsl.com\/","logo":{"@type":"ImageObject","inLanguage":"fr-FR","@id":"https:\/\/www.micropticsl.com\/#\/schema\/logo\/image\/","url":"https:\/\/www.micropticsl.com\/wp-content\/uploads\/2024\/06\/ht_casa_logo_header_retina.png","contentUrl":"https:\/\/www.micropticsl.com\/wp-content\/uploads\/2024\/06\/ht_casa_logo_header_retina.png","width":330,"height":180,"caption":"HT CASA"},"image":{"@id":"https:\/\/www.micropticsl.com\/#\/schema\/logo\/image\/"},"sameAs":["https:\/\/www.facebook.com\/HamiltonThorneInc","https:\/\/x.com\/HamiltonThorne","https:\/\/www.linkedin.com\/company\/hamilton-thorne-inc","https:\/\/www.instagram.com\/hamiltonthorneinc","https:\/\/www.youtube.com\/channel\/UCN1OlgxbXjMQXhIbILplq5A"]}]}},"_links":{"self":[{"href":"https:\/\/www.micropticsl.com\/fr\/wp-json\/wp\/v2\/pages\/10881","targetHints":{"allow":["GET"]}}],"collection":[{"href":"https:\/\/www.micropticsl.com\/fr\/wp-json\/wp\/v2\/pages"}],"about":[{"href":"https:\/\/www.micropticsl.com\/fr\/wp-json\/wp\/v2\/types\/page"}],"author":[{"embeddable":true,"href":"https:\/\/www.micropticsl.com\/fr\/wp-json\/wp\/v2\/users\/1"}],"replies":[{"embeddable":true,"href":"https:\/\/www.micropticsl.com\/fr\/wp-json\/wp\/v2\/comments?post=10881"}],"version-history":[{"count":0,"href":"https:\/\/www.micropticsl.com\/fr\/wp-json\/wp\/v2\/pages\/10881\/revisions"}],"up":[{"embeddable":true,"href":"https:\/\/www.micropticsl.com\/fr\/wp-json\/wp\/v2\/pages\/8274"}],"wp:attachment":[{"href":"https:\/\/www.micropticsl.com\/fr\/wp-json\/wp\/v2\/media?parent=10881"}],"curies":[{"name":"wp","href":"https:\/\/api.w.org\/{rel}","templated":true}]}}