{"id":16320,"date":"2016-04-20T07:54:53","date_gmt":"2016-04-20T06:54:53","guid":{"rendered":"https:\/\/www.micropticsl.com\/?page_id=16320"},"modified":"2017-09-28T12:59:28","modified_gmt":"2017-09-28T10:59:28","slug":"modules-danalyses-tox","status":"publish","type":"page","link":"https:\/\/www.micropticsl.com\/fr\/produits\/systeme-casa-sca\/modules-danalyses-tox\/","title":{"rendered":"Modules principaux TOX"},"content":{"rendered":"<div class=\"fusion-fullwidth fullwidth-box fusion-builder-row-1 hundred-percent-fullwidth non-hundred-percent-height-scrolling\" style=\"--awb-border-radius-top-left:0px;--awb-border-radius-top-right:0px;--awb-border-radius-bottom-right:0px;--awb-border-radius-bottom-left:0px;--awb-overflow:visible;--awb-flex-wrap:wrap;\" ><\/p>\n<div class=\"fusion-builder-row fusion-row\">\n<div class=\"fusion-layout-column fusion_builder_column fusion-builder-column-0 fusion_builder_column_1_3 1_3 fusion-one-third fusion-column-first\" style=\"--awb-bg-size:cover;width:33.3333333333%;width:calc(33.3333333333% - ( ( 4% + 4% ) * 0.333333333333 ) );margin-right: 4%;\"><div class=\"fusion-column-wrapper fusion-flex-column-wrapper-legacy\">\n<p><a title=\"SCA Mobilit\u00e9 et concentration\" href=\"https:\/\/www.micropticsl.com\/fr\/?page_id=15736\"><img decoding=\"async\" class=\"lazyload alignnone size-full wp-image-9563\" src=\"data:image\/svg+xml,%3Csvg%20xmlns%3D%27http%3A%2F%2Fwww.w3.org%2F2000%2Fsvg%27%20width%3D%27200%27%20height%3D%27100%27%20viewBox%3D%270%200%20200%20100%27%3E%3Crect%20width%3D%27200%27%20height%3D%27100%27%20fill-opacity%3D%220%22%2F%3E%3C%2Fsvg%3E\" data-orig-src=\"https:\/\/www.micropticsl.com\/wp-content\/uploads\/2014\/04\/sca_mobilite_et_concentration_produits_new.png\" alt=\"sca_mobilite_et_concentration_produits_new\" width=\"200\" height=\"100\" \/><\/a><\/p>\n<h2><a title=\"SCA Motility and concentration\" href=\"https:\/\/www.micropticsl.com\/fr\/?page_id=15736\">SCA\u00ae Mobilit\u00e9 et Concentration TOX<\/a><\/h2>\n<p>Module pour l\u2019analyse automatique de la mobilit\u00e9 et de la concentration de spermatozo\u00efdes dans l\u2019\u00e9chantillon de spermes.<\/p>\n<p><a href=\"https:\/\/www.micropticsl.com\/fr\/?page_id=15736\">En lire plus &gt;<\/a><\/p>\n<div class=\"fusion-clearfix\"><\/div><\/div><\/div>\n<div class=\"fusion-layout-column fusion_builder_column fusion-builder-column-1 fusion_builder_column_1_3 1_3 fusion-one-third\" style=\"--awb-bg-size:cover;width:33.3333333333%;width:calc(33.3333333333% - ( ( 4% + 4% ) * 0.333333333333 ) );margin-right: 4%;\"><div class=\"fusion-column-wrapper fusion-flex-column-wrapper-legacy\">\n<p><a title=\"SCA Morphologie\" href=\"https:\/\/www.micropticsl.com\/fr\/?page_id=15749\"><img decoding=\"async\" class=\"lazyload alignnone size-full wp-image-9564\" src=\"data:image\/svg+xml,%3Csvg%20xmlns%3D%27http%3A%2F%2Fwww.w3.org%2F2000%2Fsvg%27%20width%3D%27200%27%20height%3D%27100%27%20viewBox%3D%270%200%20200%20100%27%3E%3Crect%20width%3D%27200%27%20height%3D%27100%27%20fill-opacity%3D%220%22%2F%3E%3C%2Fsvg%3E\" data-orig-src=\"https:\/\/www.micropticsl.com\/wp-content\/uploads\/2014\/04\/sca_morphologie_produits_new.png\" alt=\"sca_morphologie_produits_new\" width=\"200\" height=\"100\" \/><\/a><\/p>\n<h2><a title=\"SCA Morphology\" href=\"https:\/\/www.micropticsl.com\/fr\/?page_id=15749\">SCA\u00ae Morphologie TOX<\/a><\/h2>\n<p>Module qui permet une analyse automatique de la morphom\u00e9trie et une classification de la morphologie des \u00e9chantillons de spermatozo\u00efdes color\u00e9s.<\/p>\n<p><a title=\"SCA Morphology\" href=\"https:\/\/www.micropticsl.com\/fr\/?page_id=15749\">En lire plus &gt;<\/a><\/p>\n<div class=\"fusion-clearfix\"><\/div><\/div><\/div>\n<div class=\"fusion-layout-column fusion_builder_column fusion-builder-column-2 fusion_builder_column_1_3 1_3 fusion-one-third fusion-column-last\" style=\"--awb-bg-size:cover;width:33.3333333333%;width:calc(33.3333333333% - ( ( 4% + 4% ) * 0.333333333333 ) );\"><div class=\"fusion-column-wrapper fusion-flex-column-wrapper-legacy\">\n<p><a title=\"SCA Fragmentation d'ADN\" href=\"https:\/\/www.micropticsl.com\/fr\/?page_id=15760\"><img decoding=\"async\" class=\"lazyload alignnone size-full wp-image-9565\" src=\"data:image\/svg+xml,%3Csvg%20xmlns%3D%27http%3A%2F%2Fwww.w3.org%2F2000%2Fsvg%27%20width%3D%27200%27%20height%3D%27100%27%20viewBox%3D%270%200%20200%20100%27%3E%3Crect%20width%3D%27200%27%20height%3D%27100%27%20fill-opacity%3D%220%22%2F%3E%3C%2Fsvg%3E\" data-orig-src=\"https:\/\/www.micropticsl.com\/wp-content\/uploads\/2014\/04\/sca_fragmentation_adn_produits_new.png\" alt=\"sca_fragmentation_adn_produits_new\" width=\"200\" height=\"100\" \/><\/a><\/p>\n<h2><a title=\"SCA DNA Fragmentation\" href=\"https:\/\/www.micropticsl.com\/fr\/?page_id=15760\">SCA\u00ae Fragmentation d\u2019ADN TOX<\/a><\/h2>\n<p>Module pour l\u2019analyse automatique de la fragmentation d\u2019ADN dans les \u00e9chantillons de spermes pr\u00e9alablement trait\u00e9s avec les kits, bas\u00e9s sur le Test de Dispersion Chromatine.<\/p>\n<p><a title=\"SCA DNA Fragmentation\" href=\"https:\/\/www.micropticsl.com\/fr\/?page_id=15760\">En lire plus &gt;<\/a><\/p>\n<div class=\"fusion-clearfix\"><\/div><\/div><\/div>\n<div class=\"fusion-layout-column fusion_builder_column fusion-builder-column-3 fusion_builder_column_1_3 1_3 fusion-one-third fusion-column-first\" style=\"--awb-bg-size:cover;width:33.3333333333%;width:calc(33.3333333333% - ( ( 4% + 4% ) * 0.333333333333 ) );margin-right: 4%;\"><div class=\"fusion-column-wrapper fusion-flex-column-wrapper-legacy\">\n<p><a title=\"SCA Vitalit\u00e9\" href=\"https:\/\/www.micropticsl.com\/fr\/?page_id=15775\"><img decoding=\"async\" class=\"lazyload alignnone size-full wp-image-9566\" src=\"data:image\/svg+xml,%3Csvg%20xmlns%3D%27http%3A%2F%2Fwww.w3.org%2F2000%2Fsvg%27%20width%3D%27200%27%20height%3D%27100%27%20viewBox%3D%270%200%20200%20100%27%3E%3Crect%20width%3D%27200%27%20height%3D%27100%27%20fill-opacity%3D%220%22%2F%3E%3C%2Fsvg%3E\" data-orig-src=\"https:\/\/www.micropticsl.com\/wp-content\/uploads\/2014\/04\/sca_vitalite_produits_new.png\" alt=\"sca_vitalite_produits_new\" width=\"200\" height=\"100\" \/><\/a><\/p>\n<h2><a title=\"SCA Vitality\" href=\"https:\/\/www.micropticsl.com\/fr\/?page_id=15775\">SCA\u00ae Vitalit\u00e9 TOX<\/a><\/h2>\n<p>Module qui permet la d\u00e9tection automatique et le comptage de spermatozo\u00efdes vivants et morts dans un \u00e9chantillon de spermes.<\/p>\n<p><a title=\"SCA Vitality\" href=\"https:\/\/www.micropticsl.com\/fr\/?page_id=15775\">En lire plus &gt;<\/a><\/p>\n<div class=\"fusion-clearfix\"><\/div><\/div><\/div>\n<div class=\"fusion-layout-column fusion_builder_column fusion-builder-column-4 fusion_builder_column_1_3 1_3 fusion-one-third\" style=\"--awb-bg-size:cover;width:33.3333333333%;width:calc(33.3333333333% - ( ( 4% + 4% ) * 0.333333333333 ) );margin-right: 4%;\"><div class=\"fusion-column-wrapper fusion-flex-column-wrapper-legacy\">\n<p><a href=\"https:\/\/www.micropticsl.com\/fr\/?page_id=27425\"><img decoding=\"async\" class=\"lazyload alignnone size-full wp-image-25750\" src=\"data:image\/svg+xml,%3Csvg%20xmlns%3D%27http%3A%2F%2Fwww.w3.org%2F2000%2Fsvg%27%20width%3D%27200%27%20height%3D%27100%27%20viewBox%3D%270%200%20200%20100%27%3E%3Crect%20width%3D%27200%27%20height%3D%27100%27%20fill-opacity%3D%220%22%2F%3E%3C%2Fsvg%3E\" data-orig-src=\"https:\/\/www.micropticsl.com\/wp-content\/uploads\/2014\/04\/sca_reaction_acrosome_produits.png\" alt=\"\" width=\"200\" height=\"100\" \/><\/a><\/p>\n<h2><a title=\"SCA Vitality\" href=\"https:\/\/www.micropticsl.com\/fr\/?page_id=27425\">SCA\u00ae R\u00e9action de l\u2019acrosome TOX<\/a><\/h2>\n<p>Module qui permet la d\u00e9tection automatique et le comptage de spermatozo\u00efdes vivants et morts dans un \u00e9chantillon de spermes.<\/p>\n<p><a title=\"SCA Vitality\" href=\"https:\/\/www.micropticsl.com\/fr\/?page_id=27425\">En lire plus &gt;<\/a><\/p>\n<div class=\"fusion-clearfix\"><\/div><\/div><\/div>\n<div class=\"fusion-layout-column fusion_builder_column fusion-builder-column-5 fusion_builder_column_1_3 1_3 fusion-one-third fusion-column-last\" style=\"--awb-bg-size:cover;width:33.3333333333%;width:calc(33.3333333333% - ( ( 4% + 4% ) * 0.333333333333 ) );\"><div class=\"fusion-column-wrapper fusion-flex-column-wrapper-legacy\">\n<p><a title=\"SCA Gestion des \u00e9chantillons\" href=\"https:\/\/www.micropticsl.com\/fr\/?page_id=25934\"><img decoding=\"async\" class=\"lazyload alignnone size-full wp-image-9578\" src=\"data:image\/svg+xml,%3Csvg%20xmlns%3D%27http%3A%2F%2Fwww.w3.org%2F2000%2Fsvg%27%20width%3D%27200%27%20height%3D%27100%27%20viewBox%3D%270%200%20200%20100%27%3E%3Crect%20width%3D%27200%27%20height%3D%27100%27%20fill-opacity%3D%220%22%2F%3E%3C%2Fsvg%3E\" data-orig-src=\"https:\/\/www.micropticsl.com\/wp-content\/uploads\/2014\/04\/sca_gestion_echantillons_produits.png\" alt=\"sca_gestion_echantillons_produits\" width=\"200\" height=\"100\" \/><\/a><\/p>\n<h2><a title=\"SCA Gestion des \u00e9chantillons\" href=\"https:\/\/www.micropticsl.com\/fr\/?page_id=25934\">SCA\u00ae Gestion des \u00e9chantillons TOX<\/a><\/h2>\n<p>Cet outil est fournit avec n\u2019importe quel module d\u2019analyse et permet aux utilisateurs de g\u00e9rer tous les \u00e9chantillons et les informations sur les patients, et d\u2019acc\u00e9der aux modules du Sperm Class Analyzer, de visualiser les r\u00e9sultats et d\u2019imprimer les rapports.<\/p>\n<p><a title=\"SCA Gestion des \u00e9chantillons\" href=\"https:\/\/www.micropticsl.com\/fr\/?page_id=25934\">En lire plus &gt;<\/a><\/p>\n<div class=\"fusion-clearfix\"><\/div><\/div><\/div>\n<\/div>\n<p><\/div>\n","protected":false},"excerpt":{"rendered":"","protected":false},"author":1,"featured_media":28485,"parent":8524,"menu_order":0,"comment_status":"closed","ping_status":"closed","template":"","meta":{"footnotes":""},"class_list":["post-16320","page","type-page","status-publish","has-post-thumbnail","hentry"],"yoast_head":"<!-- This site is optimized with the Yoast SEO plugin v24.8 - https:\/\/yoast.com\/wordpress\/plugins\/seo\/ -->\n<title>Modules principaux TOX - HT CASA<\/title>\n<meta name=\"robots\" content=\"index, follow, max-snippet:-1, max-image-preview:large, max-video-preview:-1\" \/>\n<link rel=\"canonical\" href=\"https:\/\/www.micropticsl.com\/fr\/produits\/systeme-casa-sca\/modules-danalyses-tox\/\" \/>\n<meta property=\"og:locale\" content=\"fr_FR\" \/>\n<meta property=\"og:type\" content=\"article\" \/>\n<meta property=\"og:title\" content=\"Modules principaux TOX - HT CASA\" \/>\n<meta property=\"og:url\" content=\"https:\/\/www.micropticsl.com\/fr\/produits\/systeme-casa-sca\/modules-danalyses-tox\/\" \/>\n<meta property=\"og:site_name\" content=\"HT CASA\" \/>\n<meta property=\"article:publisher\" content=\"https:\/\/www.facebook.com\/HamiltonThorneInc\" \/>\n<meta property=\"article:modified_time\" content=\"2017-09-28T10:59:28+00:00\" \/>\n<meta property=\"og:image\" content=\"https:\/\/www.micropticsl.com\/wp-content\/uploads\/2015\/11\/featured_sca.png\" \/>\n\t<meta property=\"og:image:width\" content=\"300\" \/>\n\t<meta property=\"og:image:height\" content=\"200\" \/>\n\t<meta property=\"og:image:type\" content=\"image\/png\" \/>\n<meta name=\"twitter:card\" content=\"summary_large_image\" \/>\n<meta name=\"twitter:site\" content=\"@HamiltonThorne\" \/>\n<meta name=\"twitter:label1\" content=\"Dur\u00e9e de lecture estim\u00e9e\" \/>\n\t<meta name=\"twitter:data1\" content=\"1 minute\" \/>\n<script type=\"application\/ld+json\" class=\"yoast-schema-graph\">{\"@context\":\"https:\/\/schema.org\",\"@graph\":[{\"@type\":\"WebPage\",\"@id\":\"https:\/\/www.micropticsl.com\/fr\/produits\/systeme-casa-sca\/modules-danalyses-tox\/\",\"url\":\"https:\/\/www.micropticsl.com\/fr\/produits\/systeme-casa-sca\/modules-danalyses-tox\/\",\"name\":\"Modules principaux TOX - HT CASA\",\"isPartOf\":{\"@id\":\"https:\/\/www.micropticsl.com\/#website\"},\"primaryImageOfPage\":{\"@id\":\"https:\/\/www.micropticsl.com\/fr\/produits\/systeme-casa-sca\/modules-danalyses-tox\/#primaryimage\"},\"image\":{\"@id\":\"https:\/\/www.micropticsl.com\/fr\/produits\/systeme-casa-sca\/modules-danalyses-tox\/#primaryimage\"},\"thumbnailUrl\":\"https:\/\/www.micropticsl.com\/wp-content\/uploads\/2015\/11\/featured_sca.png\",\"datePublished\":\"2016-04-20T06:54:53+00:00\",\"dateModified\":\"2017-09-28T10:59:28+00:00\",\"breadcrumb\":{\"@id\":\"https:\/\/www.micropticsl.com\/fr\/produits\/systeme-casa-sca\/modules-danalyses-tox\/#breadcrumb\"},\"inLanguage\":\"fr-FR\",\"potentialAction\":[{\"@type\":\"ReadAction\",\"target\":[\"https:\/\/www.micropticsl.com\/fr\/produits\/systeme-casa-sca\/modules-danalyses-tox\/\"]}]},{\"@type\":\"ImageObject\",\"inLanguage\":\"fr-FR\",\"@id\":\"https:\/\/www.micropticsl.com\/fr\/produits\/systeme-casa-sca\/modules-danalyses-tox\/#primaryimage\",\"url\":\"https:\/\/www.micropticsl.com\/wp-content\/uploads\/2015\/11\/featured_sca.png\",\"contentUrl\":\"https:\/\/www.micropticsl.com\/wp-content\/uploads\/2015\/11\/featured_sca.png\",\"width\":300,\"height\":200},{\"@type\":\"BreadcrumbList\",\"@id\":\"https:\/\/www.micropticsl.com\/fr\/produits\/systeme-casa-sca\/modules-danalyses-tox\/#breadcrumb\",\"itemListElement\":[{\"@type\":\"ListItem\",\"position\":1,\"name\":\"Home\",\"item\":\"https:\/\/www.micropticsl.com\/fr\/\"},{\"@type\":\"ListItem\",\"position\":2,\"name\":\"Produits et services\",\"item\":\"https:\/\/www.micropticsl.com\/fr\/produits\/\"},{\"@type\":\"ListItem\",\"position\":3,\"name\":\"Syst\u00e8me CASA SCA\u00ae\",\"item\":\"https:\/\/www.micropticsl.com\/fr\/produits\/systeme-casa-sca\/\"},{\"@type\":\"ListItem\",\"position\":4,\"name\":\"Modules principaux TOX\"}]},{\"@type\":\"WebSite\",\"@id\":\"https:\/\/www.micropticsl.com\/#website\",\"url\":\"https:\/\/www.micropticsl.com\/\",\"name\":\"HT CASA\",\"description\":\"Votre partenaire en analyse de sperme\",\"publisher\":{\"@id\":\"https:\/\/www.micropticsl.com\/#organization\"},\"potentialAction\":[{\"@type\":\"SearchAction\",\"target\":{\"@type\":\"EntryPoint\",\"urlTemplate\":\"https:\/\/www.micropticsl.com\/?s={search_term_string}\"},\"query-input\":{\"@type\":\"PropertyValueSpecification\",\"valueRequired\":true,\"valueName\":\"search_term_string\"}}],\"inLanguage\":\"fr-FR\"},{\"@type\":\"Organization\",\"@id\":\"https:\/\/www.micropticsl.com\/#organization\",\"name\":\"HT CASA\",\"alternateName\":\"HT\",\"url\":\"https:\/\/www.micropticsl.com\/\",\"logo\":{\"@type\":\"ImageObject\",\"inLanguage\":\"fr-FR\",\"@id\":\"https:\/\/www.micropticsl.com\/#\/schema\/logo\/image\/\",\"url\":\"https:\/\/www.micropticsl.com\/wp-content\/uploads\/2024\/06\/ht_casa_logo_header_retina.png\",\"contentUrl\":\"https:\/\/www.micropticsl.com\/wp-content\/uploads\/2024\/06\/ht_casa_logo_header_retina.png\",\"width\":330,\"height\":180,\"caption\":\"HT CASA\"},\"image\":{\"@id\":\"https:\/\/www.micropticsl.com\/#\/schema\/logo\/image\/\"},\"sameAs\":[\"https:\/\/www.facebook.com\/HamiltonThorneInc\",\"https:\/\/x.com\/HamiltonThorne\",\"https:\/\/www.linkedin.com\/company\/hamilton-thorne-inc\",\"https:\/\/www.instagram.com\/hamiltonthorneinc\",\"https:\/\/www.youtube.com\/channel\/UCN1OlgxbXjMQXhIbILplq5A\"]}]}<\/script>\n<!-- \/ Yoast SEO plugin. -->","yoast_head_json":{"title":"Modules principaux TOX - HT CASA","robots":{"index":"index","follow":"follow","max-snippet":"max-snippet:-1","max-image-preview":"max-image-preview:large","max-video-preview":"max-video-preview:-1"},"canonical":"https:\/\/www.micropticsl.com\/fr\/produits\/systeme-casa-sca\/modules-danalyses-tox\/","og_locale":"fr_FR","og_type":"article","og_title":"Modules principaux TOX - HT CASA","og_url":"https:\/\/www.micropticsl.com\/fr\/produits\/systeme-casa-sca\/modules-danalyses-tox\/","og_site_name":"HT CASA","article_publisher":"https:\/\/www.facebook.com\/HamiltonThorneInc","article_modified_time":"2017-09-28T10:59:28+00:00","og_image":[{"width":300,"height":200,"url":"https:\/\/www.micropticsl.com\/wp-content\/uploads\/2015\/11\/featured_sca.png","type":"image\/png"}],"twitter_card":"summary_large_image","twitter_site":"@HamiltonThorne","twitter_misc":{"Dur\u00e9e de lecture estim\u00e9e":"1 minute"},"schema":{"@context":"https:\/\/schema.org","@graph":[{"@type":"WebPage","@id":"https:\/\/www.micropticsl.com\/fr\/produits\/systeme-casa-sca\/modules-danalyses-tox\/","url":"https:\/\/www.micropticsl.com\/fr\/produits\/systeme-casa-sca\/modules-danalyses-tox\/","name":"Modules principaux TOX - HT CASA","isPartOf":{"@id":"https:\/\/www.micropticsl.com\/#website"},"primaryImageOfPage":{"@id":"https:\/\/www.micropticsl.com\/fr\/produits\/systeme-casa-sca\/modules-danalyses-tox\/#primaryimage"},"image":{"@id":"https:\/\/www.micropticsl.com\/fr\/produits\/systeme-casa-sca\/modules-danalyses-tox\/#primaryimage"},"thumbnailUrl":"https:\/\/www.micropticsl.com\/wp-content\/uploads\/2015\/11\/featured_sca.png","datePublished":"2016-04-20T06:54:53+00:00","dateModified":"2017-09-28T10:59:28+00:00","breadcrumb":{"@id":"https:\/\/www.micropticsl.com\/fr\/produits\/systeme-casa-sca\/modules-danalyses-tox\/#breadcrumb"},"inLanguage":"fr-FR","potentialAction":[{"@type":"ReadAction","target":["https:\/\/www.micropticsl.com\/fr\/produits\/systeme-casa-sca\/modules-danalyses-tox\/"]}]},{"@type":"ImageObject","inLanguage":"fr-FR","@id":"https:\/\/www.micropticsl.com\/fr\/produits\/systeme-casa-sca\/modules-danalyses-tox\/#primaryimage","url":"https:\/\/www.micropticsl.com\/wp-content\/uploads\/2015\/11\/featured_sca.png","contentUrl":"https:\/\/www.micropticsl.com\/wp-content\/uploads\/2015\/11\/featured_sca.png","width":300,"height":200},{"@type":"BreadcrumbList","@id":"https:\/\/www.micropticsl.com\/fr\/produits\/systeme-casa-sca\/modules-danalyses-tox\/#breadcrumb","itemListElement":[{"@type":"ListItem","position":1,"name":"Home","item":"https:\/\/www.micropticsl.com\/fr\/"},{"@type":"ListItem","position":2,"name":"Produits et services","item":"https:\/\/www.micropticsl.com\/fr\/produits\/"},{"@type":"ListItem","position":3,"name":"Syst\u00e8me CASA SCA\u00ae","item":"https:\/\/www.micropticsl.com\/fr\/produits\/systeme-casa-sca\/"},{"@type":"ListItem","position":4,"name":"Modules principaux TOX"}]},{"@type":"WebSite","@id":"https:\/\/www.micropticsl.com\/#website","url":"https:\/\/www.micropticsl.com\/","name":"HT CASA","description":"Votre partenaire en analyse de sperme","publisher":{"@id":"https:\/\/www.micropticsl.com\/#organization"},"potentialAction":[{"@type":"SearchAction","target":{"@type":"EntryPoint","urlTemplate":"https:\/\/www.micropticsl.com\/?s={search_term_string}"},"query-input":{"@type":"PropertyValueSpecification","valueRequired":true,"valueName":"search_term_string"}}],"inLanguage":"fr-FR"},{"@type":"Organization","@id":"https:\/\/www.micropticsl.com\/#organization","name":"HT CASA","alternateName":"HT","url":"https:\/\/www.micropticsl.com\/","logo":{"@type":"ImageObject","inLanguage":"fr-FR","@id":"https:\/\/www.micropticsl.com\/#\/schema\/logo\/image\/","url":"https:\/\/www.micropticsl.com\/wp-content\/uploads\/2024\/06\/ht_casa_logo_header_retina.png","contentUrl":"https:\/\/www.micropticsl.com\/wp-content\/uploads\/2024\/06\/ht_casa_logo_header_retina.png","width":330,"height":180,"caption":"HT CASA"},"image":{"@id":"https:\/\/www.micropticsl.com\/#\/schema\/logo\/image\/"},"sameAs":["https:\/\/www.facebook.com\/HamiltonThorneInc","https:\/\/x.com\/HamiltonThorne","https:\/\/www.linkedin.com\/company\/hamilton-thorne-inc","https:\/\/www.instagram.com\/hamiltonthorneinc","https:\/\/www.youtube.com\/channel\/UCN1OlgxbXjMQXhIbILplq5A"]}]}},"_links":{"self":[{"href":"https:\/\/www.micropticsl.com\/fr\/wp-json\/wp\/v2\/pages\/16320","targetHints":{"allow":["GET"]}}],"collection":[{"href":"https:\/\/www.micropticsl.com\/fr\/wp-json\/wp\/v2\/pages"}],"about":[{"href":"https:\/\/www.micropticsl.com\/fr\/wp-json\/wp\/v2\/types\/page"}],"author":[{"embeddable":true,"href":"https:\/\/www.micropticsl.com\/fr\/wp-json\/wp\/v2\/users\/1"}],"replies":[{"embeddable":true,"href":"https:\/\/www.micropticsl.com\/fr\/wp-json\/wp\/v2\/comments?post=16320"}],"version-history":[{"count":0,"href":"https:\/\/www.micropticsl.com\/fr\/wp-json\/wp\/v2\/pages\/16320\/revisions"}],"up":[{"embeddable":true,"href":"https:\/\/www.micropticsl.com\/fr\/wp-json\/wp\/v2\/pages\/8524"}],"wp:featuredmedia":[{"embeddable":true,"href":"https:\/\/www.micropticsl.com\/fr\/wp-json\/wp\/v2\/media\/28485"}],"wp:attachment":[{"href":"https:\/\/www.micropticsl.com\/fr\/wp-json\/wp\/v2\/media?parent=16320"}],"curies":[{"name":"wp","href":"https:\/\/api.w.org\/{rel}","templated":true}]}}