{"id":26844,"date":"2017-05-09T09:23:17","date_gmt":"2017-05-09T07:23:17","guid":{"rendered":"https:\/\/www.micropticsl.com\/?page_id=26844\/"},"modified":"2023-07-10T16:09:05","modified_gmt":"2023-07-10T14:09:05","slug":"citricscreen","status":"publish","type":"page","link":"https:\/\/www.micropticsl.com\/fr\/produits\/consommables\/autres-consommables\/citricscreen\/","title":{"rendered":"CitricScreen"},"content":{"rendered":"<div class=\"fusion-fullwidth fullwidth-box fusion-builder-row-1 hundred-percent-fullwidth non-hundred-percent-height-scrolling\" style=\"--awb-border-radius-top-left:0px;--awb-border-radius-top-right:0px;--awb-border-radius-bottom-right:0px;--awb-border-radius-bottom-left:0px;--awb-overflow:visible;--awb-flex-wrap:wrap;\" ><div class=\"fusion-builder-row fusion-row\">\n<div class=\"fusion-layout-column fusion_builder_column fusion-builder-column-0 fusion_builder_column_1_1 1_1 fusion-one-full fusion-column-first fusion-column-last\" style=\"--awb-bg-size:cover;\"><div class=\"fusion-column-wrapper fusion-flex-column-wrapper-legacy\">\n<h2><div class=\"fusion-title title fusion-title-1 fusion-title-text fusion-title-size-two\"><h2 class=\"fusion-title-heading title-heading-left\" style=\"margin:0;\">Kit pour mesurer la quantit\u00e9 d\u2019acide citrique dans le plasma s\u00e9minal<\/h2><span class=\"awb-title-spacer\"><\/span><div class=\"title-sep-container\"><div class=\"title-sep sep-double sep-solid\" style=\"border-color:#e0dede;\"><\/div><\/div><\/div><\/h2>\n<div class=\"fusion-clearfix\"><\/div><\/div><\/div>\n<div class=\"fusion-layout-column fusion_builder_column fusion-builder-column-1 fusion_builder_column_1_2 1_2 fusion-one-half fusion-column-first\" style=\"--awb-bg-size:cover;width:50%;width:calc(50% - ( ( 4% ) * 0.5 ) );margin-right: 4%;\"><div class=\"fusion-column-wrapper fusion-flex-column-wrapper-legacy\">\n<p style=\"text-align: center;\"><div class=\"fusion-image-element in-legacy-container\" style=\"--awb-caption-title-font-family:var(--h2_typography-font-family);--awb-caption-title-font-weight:var(--h2_typography-font-weight);--awb-caption-title-font-style:var(--h2_typography-font-style);--awb-caption-title-size:var(--h2_typography-font-size);--awb-caption-title-transform:var(--h2_typography-text-transform);--awb-caption-title-line-height:var(--h2_typography-line-height);--awb-caption-title-letter-spacing:var(--h2_typography-letter-spacing);\"><span class=\" fusion-imageframe imageframe-dropshadow imageframe-1 hover-type-zoomin\" style=\"-webkit-box-shadow: 3px 3px 7px rgba(0,0,0,0.3);box-shadow: 3px 3px 7px rgba(0,0,0,0.3);\"><a href=\"https:\/\/www.micropticsl.com\/wp-content\/uploads\/2017\/04\/disposables_citricscreen.png\" class=\"fusion-lightbox\" data-rel=\"iLightbox[20138ac93b83c9aae27]\" data-title=\"CitricScreen\" title=\"CitricScreen\"><img decoding=\"async\" width=\"320\" height=\"210\" alt=\"CitricScreen\" src=\"https:\/\/www.micropticsl.com\/wp-content\/uploads\/2017\/04\/disposables_citricscreen_thumb.png\" data-orig-src=\"https:\/\/www.micropticsl.com\/wp-content\/uploads\/2017\/04\/disposables_citricscreen_thumb.png\" class=\"lazyload img-responsive wp-image-26653\" srcset=\"data:image\/svg+xml,%3Csvg%20xmlns%3D%27http%3A%2F%2Fwww.w3.org%2F2000%2Fsvg%27%20width%3D%27320%27%20height%3D%27210%27%20viewBox%3D%270%200%20320%20210%27%3E%3Crect%20width%3D%27320%27%20height%3D%27210%27%20fill-opacity%3D%220%22%2F%3E%3C%2Fsvg%3E\" data-srcset=\"https:\/\/www.micropticsl.com\/wp-content\/uploads\/2017\/04\/disposables_citricscreen_thumb-200x131.png 200w, https:\/\/www.micropticsl.com\/wp-content\/uploads\/2017\/04\/disposables_citricscreen_thumb.png 320w\" data-sizes=\"auto\" data-orig-sizes=\"(max-width: 800px) 100vw, 320px\" \/><\/a><\/span><\/div>\n<p style=\"text-align: center;\"><em>Cliquez sur l\u2019image pour l\u2019agrandir<\/em><\/p>\n<div class=\"fusion-clearfix\"><\/div><\/div><\/div>\n<div class=\"fusion-layout-column fusion_builder_column fusion-builder-column-2 fusion_builder_column_1_2 1_2 fusion-one-half fusion-column-last\" style=\"--awb-bg-size:cover;width:50%;width:calc(50% - ( ( 4% ) * 0.5 ) );\"><div class=\"fusion-column-wrapper fusion-flex-column-wrapper-legacy\">\n<p><strong>CitricScreen <\/strong>mesure la quantit\u00e9 <strong>d\u2019acide citrique<\/strong> du plasme s\u00e9minale.<\/p>\n<p>Le plasme s\u00e9minale est compos\u00e9 majoritairement d\u2019acide citrique, fructose et phosphocholine. <strong>L\u2019acide citrique <\/strong>constitue <strong>une grande partie du total du sperme \u00e9jacul\u00e9<\/strong> pour beaucoup d\u2019esp\u00e8ces de mammif\u00e8res y compris le taureau, le b\u00e9lier, le cochon, le cheval et le lapin. Ce composant a \u00e9t\u00e9 associ\u00e9 avec le processus de gel spontan\u00e9e, coagulation et liqu\u00e9faction du sperme. Il a \u00e9t\u00e9 aussi sugg\u00e9r\u00e9 maintenir l\u2019\u00e9quilibre osmotique et le pH des \u00e9jaculations et ainsi, la fonction de membrane et la morphologie des spermatozo\u00efdes.<\/p>\n<p>La quantification de l\u2019Acide Citrique du sperme mesure avec pr\u00e9cision la s\u00e9cr\u00e9tion de glande prostatique. Un niveau bas d\u2019acide citrique est associ\u00e9 avec la prostatite subclinique, laquelle peut r\u00e9duire la fertilit\u00e9 masculine.<\/p>\n<p><em>FOR RESEARCH USE ONLY<\/em><\/p>\n<p>Plus d\u2019informations :<\/p>\n<div class=\"fusion-button-wrapper\"><a class=\"fusion-button button-flat button-large button-default fusion-button-default button-1 fusion-button-default-span fusion-button-default-type\" target=\"_self\" goog_report_conversion(&#039;https:\/\/www.micropticsl.com\/es\/?p=\"8255&#039;)\" href=\"https:\/\/www.micropticsl.com\/fr\/?p=8255\"><span class=\"fusion-button-text\">Demande d\u2019informations<\/span><\/a><\/div>\n<div class=\"fusion-clearfix\"><\/div><\/div><\/div>\n<div class=\"fusion-sep-clear\"><\/div><div class=\"fusion-separator fusion-full-width-sep\" style=\"margin-left: auto;margin-right: auto;margin-top:40px;margin-bottom:40px;width:100%;\"><div class=\"fusion-separator-border sep-single sep-solid\" style=\"--awb-height:20px;--awb-amount:20px;border-color:#e0dede;border-top-width:1px;\"><\/div><\/div><div class=\"fusion-sep-clear\"><\/div>\n<div class=\"fusion-layout-column fusion_builder_column fusion-builder-column-3 fusion_builder_column_1_2 1_2 fusion-one-half fusion-column-first\" style=\"--awb-bg-size:cover;width:50%;width:calc(50% - ( ( 4% ) * 0.5 ) );margin-right: 4%;\"><div class=\"fusion-column-wrapper fusion-flex-column-wrapper-legacy\">\n<h3>Information compl\u00e9mentaire :<\/h3>\n<div class=\"table-1\">\n<table width=\"100%\">\n<tbody>\n<tr>\n<td>R\u00e9f\u00e9rence : CITRIC<\/td>\n<\/tr>\n<tr>\n<td>Catalogue : <a title=\"Diff-Quik protocol\" href=\"https:\/\/www.micropticsl.com\/wp-content\/uploads\/2013\/09\/microptic_disposables_catalog_english.pdf\" target=\"_blank\" rel=\"noopener noreferrer\">T\u00e9l\u00e9charger le catalogue<\/a> <img class=\"lazyload\" decoding=\"async\" style=\"margin: 6px 6px 0px;\" src=\"data:image\/svg+xml,%3Csvg%20xmlns%3D%27http%3A%2F%2Fwww.w3.org%2F2000%2Fsvg%27%20width%3D%2715%27%20height%3D%279%27%20viewBox%3D%270%200%2015%209%27%3E%3Crect%20width%3D%2715%27%20height%3D%279%27%20fill-opacity%3D%220%22%2F%3E%3C%2Fsvg%3E\" data-orig-src=\"https:\/\/www.micropticsl.com\/wp-content\/uploads\/2013\/09\/pdf_thumbnail.png\" alt=\"pdf_thumbnail\" width=\"15\" height=\"9\" \/><\/td>\n<\/tr>\n<tr>\n<td>Protocole : <a title=\"T\u00e9l\u00e9charger le protocole\" href=\"https:\/\/www.micropticsl.com\/wp-content\/uploads\/2017\/04\/citricscreen_protocol.pdf\" target=\"_blank\" rel=\"noopener noreferrer\">T\u00e9l\u00e9charger le protocole<\/a> <img class=\"lazyload\" decoding=\"async\" style=\"margin: 6px 6px 0px;\" src=\"data:image\/svg+xml,%3Csvg%20xmlns%3D%27http%3A%2F%2Fwww.w3.org%2F2000%2Fsvg%27%20width%3D%2715%27%20height%3D%279%27%20viewBox%3D%270%200%2015%209%27%3E%3Crect%20width%3D%2715%27%20height%3D%279%27%20fill-opacity%3D%220%22%2F%3E%3C%2Fsvg%3E\" data-orig-src=\"https:\/\/www.micropticsl.com\/wp-content\/uploads\/2013\/09\/pdf_thumbnail.png\" alt=\"pdf_thumbnail\" width=\"15\" height=\"9\" \/><\/td>\n<\/tr>\n<\/tbody>\n<\/table>\n<\/div>\n<div class=\"fusion-clearfix\"><\/div><\/div><\/div>\n<\/div>\n<\/div>\n","protected":false},"excerpt":{"rendered":"","protected":false},"author":1,"featured_media":28426,"parent":26832,"menu_order":0,"comment_status":"closed","ping_status":"closed","template":"","meta":{"footnotes":""},"class_list":["post-26844","page","type-page","status-publish","has-post-thumbnail","hentry"],"yoast_head":"<!-- This site is optimized with the Yoast SEO plugin v24.8 - https:\/\/yoast.com\/wordpress\/plugins\/seo\/ -->\n<title>CitricScreen - HT CASA<\/title>\n<meta name=\"robots\" content=\"index, follow, max-snippet:-1, max-image-preview:large, max-video-preview:-1\" \/>\n<link rel=\"canonical\" href=\"https:\/\/www.micropticsl.com\/fr\/produits\/consommables\/autres-consommables\/citricscreen\/\" \/>\n<meta property=\"og:locale\" content=\"fr_FR\" \/>\n<meta property=\"og:type\" content=\"article\" \/>\n<meta property=\"og:title\" content=\"CitricScreen - HT CASA\" \/>\n<meta property=\"og:url\" content=\"https:\/\/www.micropticsl.com\/fr\/produits\/consommables\/autres-consommables\/citricscreen\/\" \/>\n<meta property=\"og:site_name\" content=\"HT CASA\" \/>\n<meta property=\"article:publisher\" content=\"https:\/\/www.facebook.com\/HamiltonThorneInc\" \/>\n<meta property=\"article:modified_time\" content=\"2023-07-10T14:09:05+00:00\" \/>\n<meta property=\"og:image\" content=\"https:\/\/www.micropticsl.com\/wp-content\/uploads\/2017\/04\/featured_disposables.png\" \/>\n\t<meta property=\"og:image:width\" content=\"300\" \/>\n\t<meta property=\"og:image:height\" content=\"200\" \/>\n\t<meta property=\"og:image:type\" content=\"image\/png\" \/>\n<meta name=\"twitter:card\" content=\"summary_large_image\" \/>\n<meta name=\"twitter:site\" content=\"@HamiltonThorne\" \/>\n<meta name=\"twitter:label1\" content=\"Dur\u00e9e de lecture estim\u00e9e\" \/>\n\t<meta name=\"twitter:data1\" content=\"2 minutes\" \/>\n<script type=\"application\/ld+json\" class=\"yoast-schema-graph\">{\"@context\":\"https:\/\/schema.org\",\"@graph\":[{\"@type\":\"WebPage\",\"@id\":\"https:\/\/www.micropticsl.com\/fr\/produits\/consommables\/autres-consommables\/citricscreen\/\",\"url\":\"https:\/\/www.micropticsl.com\/fr\/produits\/consommables\/autres-consommables\/citricscreen\/\",\"name\":\"CitricScreen - HT CASA\",\"isPartOf\":{\"@id\":\"https:\/\/www.micropticsl.com\/#website\"},\"primaryImageOfPage\":{\"@id\":\"https:\/\/www.micropticsl.com\/fr\/produits\/consommables\/autres-consommables\/citricscreen\/#primaryimage\"},\"image\":{\"@id\":\"https:\/\/www.micropticsl.com\/fr\/produits\/consommables\/autres-consommables\/citricscreen\/#primaryimage\"},\"thumbnailUrl\":\"https:\/\/www.micropticsl.com\/wp-content\/uploads\/2017\/04\/featured_disposables.png\",\"datePublished\":\"2017-05-09T07:23:17+00:00\",\"dateModified\":\"2023-07-10T14:09:05+00:00\",\"breadcrumb\":{\"@id\":\"https:\/\/www.micropticsl.com\/fr\/produits\/consommables\/autres-consommables\/citricscreen\/#breadcrumb\"},\"inLanguage\":\"fr-FR\",\"potentialAction\":[{\"@type\":\"ReadAction\",\"target\":[\"https:\/\/www.micropticsl.com\/fr\/produits\/consommables\/autres-consommables\/citricscreen\/\"]}]},{\"@type\":\"ImageObject\",\"inLanguage\":\"fr-FR\",\"@id\":\"https:\/\/www.micropticsl.com\/fr\/produits\/consommables\/autres-consommables\/citricscreen\/#primaryimage\",\"url\":\"https:\/\/www.micropticsl.com\/wp-content\/uploads\/2017\/04\/featured_disposables.png\",\"contentUrl\":\"https:\/\/www.micropticsl.com\/wp-content\/uploads\/2017\/04\/featured_disposables.png\",\"width\":300,\"height\":200},{\"@type\":\"BreadcrumbList\",\"@id\":\"https:\/\/www.micropticsl.com\/fr\/produits\/consommables\/autres-consommables\/citricscreen\/#breadcrumb\",\"itemListElement\":[{\"@type\":\"ListItem\",\"position\":1,\"name\":\"Home\",\"item\":\"https:\/\/www.micropticsl.com\/fr\/\"},{\"@type\":\"ListItem\",\"position\":2,\"name\":\"Produits et services\",\"item\":\"https:\/\/www.micropticsl.com\/fr\/produits\/\"},{\"@type\":\"ListItem\",\"position\":3,\"name\":\"Consommables\",\"item\":\"https:\/\/www.micropticsl.com\/fr\/produits\/consommables\/\"},{\"@type\":\"ListItem\",\"position\":4,\"name\":\"Autres consommables\",\"item\":\"https:\/\/www.micropticsl.com\/fr\/produits\/consommables\/autres-consommables\/\"},{\"@type\":\"ListItem\",\"position\":5,\"name\":\"CitricScreen\"}]},{\"@type\":\"WebSite\",\"@id\":\"https:\/\/www.micropticsl.com\/#website\",\"url\":\"https:\/\/www.micropticsl.com\/\",\"name\":\"HT CASA\",\"description\":\"Votre partenaire en analyse de sperme\",\"publisher\":{\"@id\":\"https:\/\/www.micropticsl.com\/#organization\"},\"potentialAction\":[{\"@type\":\"SearchAction\",\"target\":{\"@type\":\"EntryPoint\",\"urlTemplate\":\"https:\/\/www.micropticsl.com\/?s={search_term_string}\"},\"query-input\":{\"@type\":\"PropertyValueSpecification\",\"valueRequired\":true,\"valueName\":\"search_term_string\"}}],\"inLanguage\":\"fr-FR\"},{\"@type\":\"Organization\",\"@id\":\"https:\/\/www.micropticsl.com\/#organization\",\"name\":\"HT CASA\",\"alternateName\":\"HT\",\"url\":\"https:\/\/www.micropticsl.com\/\",\"logo\":{\"@type\":\"ImageObject\",\"inLanguage\":\"fr-FR\",\"@id\":\"https:\/\/www.micropticsl.com\/#\/schema\/logo\/image\/\",\"url\":\"https:\/\/www.micropticsl.com\/wp-content\/uploads\/2024\/06\/ht_casa_logo_header_retina.png\",\"contentUrl\":\"https:\/\/www.micropticsl.com\/wp-content\/uploads\/2024\/06\/ht_casa_logo_header_retina.png\",\"width\":330,\"height\":180,\"caption\":\"HT CASA\"},\"image\":{\"@id\":\"https:\/\/www.micropticsl.com\/#\/schema\/logo\/image\/\"},\"sameAs\":[\"https:\/\/www.facebook.com\/HamiltonThorneInc\",\"https:\/\/x.com\/HamiltonThorne\",\"https:\/\/www.linkedin.com\/company\/hamilton-thorne-inc\",\"https:\/\/www.instagram.com\/hamiltonthorneinc\",\"https:\/\/www.youtube.com\/channel\/UCN1OlgxbXjMQXhIbILplq5A\"]}]}<\/script>\n<!-- \/ Yoast SEO plugin. -->","yoast_head_json":{"title":"CitricScreen - HT CASA","robots":{"index":"index","follow":"follow","max-snippet":"max-snippet:-1","max-image-preview":"max-image-preview:large","max-video-preview":"max-video-preview:-1"},"canonical":"https:\/\/www.micropticsl.com\/fr\/produits\/consommables\/autres-consommables\/citricscreen\/","og_locale":"fr_FR","og_type":"article","og_title":"CitricScreen - HT CASA","og_url":"https:\/\/www.micropticsl.com\/fr\/produits\/consommables\/autres-consommables\/citricscreen\/","og_site_name":"HT CASA","article_publisher":"https:\/\/www.facebook.com\/HamiltonThorneInc","article_modified_time":"2023-07-10T14:09:05+00:00","og_image":[{"width":300,"height":200,"url":"https:\/\/www.micropticsl.com\/wp-content\/uploads\/2017\/04\/featured_disposables.png","type":"image\/png"}],"twitter_card":"summary_large_image","twitter_site":"@HamiltonThorne","twitter_misc":{"Dur\u00e9e de lecture estim\u00e9e":"2 minutes"},"schema":{"@context":"https:\/\/schema.org","@graph":[{"@type":"WebPage","@id":"https:\/\/www.micropticsl.com\/fr\/produits\/consommables\/autres-consommables\/citricscreen\/","url":"https:\/\/www.micropticsl.com\/fr\/produits\/consommables\/autres-consommables\/citricscreen\/","name":"CitricScreen - HT CASA","isPartOf":{"@id":"https:\/\/www.micropticsl.com\/#website"},"primaryImageOfPage":{"@id":"https:\/\/www.micropticsl.com\/fr\/produits\/consommables\/autres-consommables\/citricscreen\/#primaryimage"},"image":{"@id":"https:\/\/www.micropticsl.com\/fr\/produits\/consommables\/autres-consommables\/citricscreen\/#primaryimage"},"thumbnailUrl":"https:\/\/www.micropticsl.com\/wp-content\/uploads\/2017\/04\/featured_disposables.png","datePublished":"2017-05-09T07:23:17+00:00","dateModified":"2023-07-10T14:09:05+00:00","breadcrumb":{"@id":"https:\/\/www.micropticsl.com\/fr\/produits\/consommables\/autres-consommables\/citricscreen\/#breadcrumb"},"inLanguage":"fr-FR","potentialAction":[{"@type":"ReadAction","target":["https:\/\/www.micropticsl.com\/fr\/produits\/consommables\/autres-consommables\/citricscreen\/"]}]},{"@type":"ImageObject","inLanguage":"fr-FR","@id":"https:\/\/www.micropticsl.com\/fr\/produits\/consommables\/autres-consommables\/citricscreen\/#primaryimage","url":"https:\/\/www.micropticsl.com\/wp-content\/uploads\/2017\/04\/featured_disposables.png","contentUrl":"https:\/\/www.micropticsl.com\/wp-content\/uploads\/2017\/04\/featured_disposables.png","width":300,"height":200},{"@type":"BreadcrumbList","@id":"https:\/\/www.micropticsl.com\/fr\/produits\/consommables\/autres-consommables\/citricscreen\/#breadcrumb","itemListElement":[{"@type":"ListItem","position":1,"name":"Home","item":"https:\/\/www.micropticsl.com\/fr\/"},{"@type":"ListItem","position":2,"name":"Produits et services","item":"https:\/\/www.micropticsl.com\/fr\/produits\/"},{"@type":"ListItem","position":3,"name":"Consommables","item":"https:\/\/www.micropticsl.com\/fr\/produits\/consommables\/"},{"@type":"ListItem","position":4,"name":"Autres consommables","item":"https:\/\/www.micropticsl.com\/fr\/produits\/consommables\/autres-consommables\/"},{"@type":"ListItem","position":5,"name":"CitricScreen"}]},{"@type":"WebSite","@id":"https:\/\/www.micropticsl.com\/#website","url":"https:\/\/www.micropticsl.com\/","name":"HT CASA","description":"Votre partenaire en analyse de sperme","publisher":{"@id":"https:\/\/www.micropticsl.com\/#organization"},"potentialAction":[{"@type":"SearchAction","target":{"@type":"EntryPoint","urlTemplate":"https:\/\/www.micropticsl.com\/?s={search_term_string}"},"query-input":{"@type":"PropertyValueSpecification","valueRequired":true,"valueName":"search_term_string"}}],"inLanguage":"fr-FR"},{"@type":"Organization","@id":"https:\/\/www.micropticsl.com\/#organization","name":"HT CASA","alternateName":"HT","url":"https:\/\/www.micropticsl.com\/","logo":{"@type":"ImageObject","inLanguage":"fr-FR","@id":"https:\/\/www.micropticsl.com\/#\/schema\/logo\/image\/","url":"https:\/\/www.micropticsl.com\/wp-content\/uploads\/2024\/06\/ht_casa_logo_header_retina.png","contentUrl":"https:\/\/www.micropticsl.com\/wp-content\/uploads\/2024\/06\/ht_casa_logo_header_retina.png","width":330,"height":180,"caption":"HT CASA"},"image":{"@id":"https:\/\/www.micropticsl.com\/#\/schema\/logo\/image\/"},"sameAs":["https:\/\/www.facebook.com\/HamiltonThorneInc","https:\/\/x.com\/HamiltonThorne","https:\/\/www.linkedin.com\/company\/hamilton-thorne-inc","https:\/\/www.instagram.com\/hamiltonthorneinc","https:\/\/www.youtube.com\/channel\/UCN1OlgxbXjMQXhIbILplq5A"]}]}},"_links":{"self":[{"href":"https:\/\/www.micropticsl.com\/fr\/wp-json\/wp\/v2\/pages\/26844","targetHints":{"allow":["GET"]}}],"collection":[{"href":"https:\/\/www.micropticsl.com\/fr\/wp-json\/wp\/v2\/pages"}],"about":[{"href":"https:\/\/www.micropticsl.com\/fr\/wp-json\/wp\/v2\/types\/page"}],"author":[{"embeddable":true,"href":"https:\/\/www.micropticsl.com\/fr\/wp-json\/wp\/v2\/users\/1"}],"replies":[{"embeddable":true,"href":"https:\/\/www.micropticsl.com\/fr\/wp-json\/wp\/v2\/comments?post=26844"}],"version-history":[{"count":0,"href":"https:\/\/www.micropticsl.com\/fr\/wp-json\/wp\/v2\/pages\/26844\/revisions"}],"up":[{"embeddable":true,"href":"https:\/\/www.micropticsl.com\/fr\/wp-json\/wp\/v2\/pages\/26832"}],"wp:featuredmedia":[{"embeddable":true,"href":"https:\/\/www.micropticsl.com\/fr\/wp-json\/wp\/v2\/media\/28426"}],"wp:attachment":[{"href":"https:\/\/www.micropticsl.com\/fr\/wp-json\/wp\/v2\/media?parent=26844"}],"curies":[{"name":"wp","href":"https:\/\/api.w.org\/{rel}","templated":true}]}}