{"id":8274,"date":"2014-03-20T11:52:06","date_gmt":"2014-03-20T10:52:06","guid":{"rendered":"https:\/\/www.micropticsl.com\/?page_id=8274"},"modified":"2024-07-08T08:34:49","modified_gmt":"2024-07-08T06:34:49","slug":"evenements","status":"publish","type":"page","link":"https:\/\/www.micropticsl.com\/fr\/actualites\/evenements\/","title":{"rendered":"Ev\u00e8nements"},"content":{"rendered":"<div>\n<div>\n<div class=\"fusion-fullwidth fullwidth-box fusion-builder-row-1 hundred-percent-fullwidth non-hundred-percent-height-scrolling\" style=\"--awb-border-radius-top-left:0px;--awb-border-radius-top-right:0px;--awb-border-radius-bottom-right:0px;--awb-border-radius-bottom-left:0px;--awb-overflow:visible;--awb-flex-wrap:wrap;\" ><\/p>\n<div class=\"fusion-builder-row fusion-row\">\n<div class=\"fusion-layout-column fusion_builder_column fusion-builder-column-0 fusion_builder_column_1_1 1_1 fusion-one-full fusion-column-first fusion-column-last\" style=\"--awb-bg-size:cover;\"><div class=\"fusion-column-wrapper fusion-flex-column-wrapper-legacy\">\n<p>Nos produits sont expos\u00e9s aux \u00e9v\u00e8nements suivants:<\/p>\n<div class=\"fusion-sep-clear\"><\/div><div class=\"fusion-separator fusion-full-width-sep\" style=\"margin-left: auto;margin-right: auto;margin-top:10px;width:100%;\"><\/div><div class=\"fusion-sep-clear\"><\/div>\n<div class=\"fusion-blog-shortcode fusion-blog-shortcode-1 fusion-blog-archive fusion-blog-layout-grid-wrapper fusion-blog-infinite fusion-blog-no-images\"><style type=\"text\/css\">.fusion-blog-shortcode-1 .fusion-blog-layout-grid .fusion-post-grid{padding:20px;}.fusion-blog-shortcode-1 .fusion-posts-container{margin-left: -20px !important; margin-right:-20px !important;}<\/style><div class=\"fusion-posts-container fusion-posts-container-infinite fusion-posts-container-load-more fusion-blog-layout-grid fusion-blog-layout-grid-2 isotope\" data-pages=\"1\" data-grid-col-space=\"40\" style=\"margin: -20px -20px 0;min-height:500px;\"><article id=\"blog-1-post-37238\" class=\"fusion-post-grid post-37238 post type-post status-publish format-standard has-post-thumbnail hentry category-events-fr\">\n<div class=\"fusion-post-wrapper\" style=\"background-color:rgba(255,255,255,0);border:1px solid #ebeaea;border-bottom-width:3px;\"><div class=\"fusion-post-content-wrapper\" style=\"padding:30px 25px 20px 25px;\"><div class=\"fusion-post-content post-content\"><h2 class=\"blog-shortcode-post-title entry-title\"><a href=\"https:\/\/www.micropticsl.com\/fr\/reprofacts-2025\/\">Reprofacts \u2013 The highlights of the ESHRE Annual Congress<\/a><\/h2><span class=\"vcard\" style=\"display: none;\"><span class=\"fn\"><a href=\"https:\/\/www.micropticsl.com\/fr\/author\/microptic\/\" title=\"Articles par microptic\" rel=\"author\">microptic<\/a><\/span><\/span><span class=\"updated\" style=\"display:none;\">2025-07-02T15:32:03+02:00<\/span><div class=\"fusion-content-sep sep-double sep-solid\"><\/div><div class=\"fusion-post-content-container\"><p><img decoding=\"async\" class=\"lazyload alignnone size-full wp-image-37235\" src=\"https:\/\/www.micropticsl.com\/wp-content\/uploads\/2025\/07\/Screenshot-2025-07-02-at-15-25-45-ReproFacts-Deutschland-ReproFacts-Innere-Medizin.png\" data-orig-src=\"https:\/\/www.micropticsl.com\/wp-content\/uploads\/2025\/07\/Screenshot-2025-07-02-at-15-25-45-ReproFacts-Deutschland-ReproFacts-Innere-Medizin.png\" alt=\"\" width=\"240\" height=\"71\" srcset=\"data:image\/svg+xml,%3Csvg%20xmlns%3D%27http%3A%2F%2Fwww.w3.org%2F2000%2Fsvg%27%20width%3D%27240%27%20height%3D%2771%27%20viewBox%3D%270%200%20240%2071%27%3E%3Crect%20width%3D%27240%27%20height%3D%2771%27%20fill-opacity%3D%220%22%2F%3E%3C%2Fsvg%3E\" data-srcset=\"https:\/\/www.micropticsl.com\/wp-content\/uploads\/2025\/07\/Screenshot-2025-07-02-at-15-25-45-ReproFacts-Deutschland-ReproFacts-Innere-Medizin-200x59.png 200w, https:\/\/www.micropticsl.com\/wp-content\/uploads\/2025\/07\/Screenshot-2025-07-02-at-15-25-45-ReproFacts-Deutschland-ReproFacts-Innere-Medizin.png 240w\" data-sizes=\"auto\" data-orig-sizes=\"(max-width: 240px) 100vw, 240px\"><\/p>\n<h2>Reprofacts 2025<\/h2>\n<p>July 11, 2025<br>\nFrankfurt, Germany<br>\n<a href=\"https:\/\/reprofacts.de\/\" target=\"_blank\" rel=\"noopener\">reprofacts.de<\/a><\/p>\n<p>Event participated by NEXPRING HEALTH   <\/p>\n<\/div><\/div><\/div><div class=\"fusion-clearfix\"><\/div><\/div>\n<\/article>\n<div class=\"fusion-clearfix\"><\/div><\/div><\/div>\n<\/div>\n<div>\n<i class=\"fb-icon-element-1 fb-icon-element fontawesome-icon fa fa-chevron-circle-right circle-no fusion-text-flow\" style=\"--awb-iconcolor:#3374B9;--awb-iconcolor-hover:#3374B9;--awb-font-size:10px;--awb-margin-right:5px;\"><\/i>\n<a href=\"https:\/\/www.micropticsl.com\/fr\/?page_id=23539\"><span id=\"result_box\" class=\"short_text\" lang=\"fr\"><span class=\"\">Voir \u00e9v\u00e9nements pass\u00e9s<\/span><\/span><\/a><\/p>\n<\/div>\n<div class=\"fusion-clearfix\"><\/div><\/div><\/div>\n<\/div>\n<p><\/div>\n<\/div>\n","protected":false},"excerpt":{"rendered":"","protected":false},"author":1,"featured_media":28688,"parent":8272,"menu_order":0,"comment_status":"closed","ping_status":"closed","template":"","meta":{"footnotes":""},"class_list":["post-8274","page","type-page","status-publish","has-post-thumbnail","hentry"],"yoast_head":"<!-- This site is optimized with the Yoast SEO plugin v24.8 - https:\/\/yoast.com\/wordpress\/plugins\/seo\/ -->\n<title>Events of MICROPTIC - HT CASA<\/title>\n<meta name=\"description\" content=\"Coming events of Microptic were our products will be displayed: Congresses, annual meetings, lectures and workshops.\" \/>\n<meta name=\"robots\" content=\"index, follow, max-snippet:-1, max-image-preview:large, max-video-preview:-1\" \/>\n<link rel=\"canonical\" href=\"https:\/\/www.micropticsl.com\/fr\/actualites\/evenements\/\" \/>\n<meta property=\"og:locale\" content=\"fr_FR\" \/>\n<meta property=\"og:type\" content=\"article\" \/>\n<meta property=\"og:title\" content=\"Events of MICROPTIC - HT CASA\" \/>\n<meta property=\"og:description\" content=\"Coming events of Microptic were our products will be displayed: Congresses, annual meetings, lectures and workshops.\" \/>\n<meta property=\"og:url\" content=\"https:\/\/www.micropticsl.com\/fr\/actualites\/evenements\/\" \/>\n<meta property=\"og:site_name\" content=\"HT CASA\" \/>\n<meta property=\"article:publisher\" content=\"https:\/\/www.facebook.com\/HamiltonThorneInc\" \/>\n<meta property=\"article:modified_time\" content=\"2024-07-08T06:34:49+00:00\" \/>\n<meta property=\"og:image\" content=\"https:\/\/www.micropticsl.com\/wp-content\/uploads\/2017\/05\/featured_events.png\" \/>\n\t<meta property=\"og:image:width\" content=\"300\" \/>\n\t<meta property=\"og:image:height\" content=\"200\" \/>\n\t<meta property=\"og:image:type\" content=\"image\/png\" \/>\n<meta name=\"twitter:card\" content=\"summary_large_image\" \/>\n<meta name=\"twitter:site\" content=\"@HamiltonThorne\" \/>\n<meta name=\"twitter:label1\" content=\"Dur\u00e9e de lecture estim\u00e9e\" \/>\n\t<meta name=\"twitter:data1\" content=\"3 minutes\" \/>\n<script type=\"application\/ld+json\" class=\"yoast-schema-graph\">{\"@context\":\"https:\/\/schema.org\",\"@graph\":[{\"@type\":\"WebPage\",\"@id\":\"https:\/\/www.micropticsl.com\/fr\/actualites\/evenements\/\",\"url\":\"https:\/\/www.micropticsl.com\/fr\/actualites\/evenements\/\",\"name\":\"Events of MICROPTIC - HT CASA\",\"isPartOf\":{\"@id\":\"https:\/\/www.micropticsl.com\/#website\"},\"primaryImageOfPage\":{\"@id\":\"https:\/\/www.micropticsl.com\/fr\/actualites\/evenements\/#primaryimage\"},\"image\":{\"@id\":\"https:\/\/www.micropticsl.com\/fr\/actualites\/evenements\/#primaryimage\"},\"thumbnailUrl\":\"https:\/\/www.micropticsl.com\/wp-content\/uploads\/2017\/05\/featured_events.png\",\"datePublished\":\"2014-03-20T10:52:06+00:00\",\"dateModified\":\"2024-07-08T06:34:49+00:00\",\"description\":\"Coming events of Microptic were our products will be displayed: Congresses, annual meetings, lectures and workshops.\",\"breadcrumb\":{\"@id\":\"https:\/\/www.micropticsl.com\/fr\/actualites\/evenements\/#breadcrumb\"},\"inLanguage\":\"fr-FR\",\"potentialAction\":[{\"@type\":\"ReadAction\",\"target\":[\"https:\/\/www.micropticsl.com\/fr\/actualites\/evenements\/\"]}]},{\"@type\":\"ImageObject\",\"inLanguage\":\"fr-FR\",\"@id\":\"https:\/\/www.micropticsl.com\/fr\/actualites\/evenements\/#primaryimage\",\"url\":\"https:\/\/www.micropticsl.com\/wp-content\/uploads\/2017\/05\/featured_events.png\",\"contentUrl\":\"https:\/\/www.micropticsl.com\/wp-content\/uploads\/2017\/05\/featured_events.png\",\"width\":300,\"height\":200},{\"@type\":\"BreadcrumbList\",\"@id\":\"https:\/\/www.micropticsl.com\/fr\/actualites\/evenements\/#breadcrumb\",\"itemListElement\":[{\"@type\":\"ListItem\",\"position\":1,\"name\":\"Home\",\"item\":\"https:\/\/www.micropticsl.com\/fr\/\"},{\"@type\":\"ListItem\",\"position\":2,\"name\":\"Actualit\u00e9s\",\"item\":\"https:\/\/www.micropticsl.com\/fr\/actualites\/\"},{\"@type\":\"ListItem\",\"position\":3,\"name\":\"Ev\u00e8nements\"}]},{\"@type\":\"WebSite\",\"@id\":\"https:\/\/www.micropticsl.com\/#website\",\"url\":\"https:\/\/www.micropticsl.com\/\",\"name\":\"HT CASA\",\"description\":\"Votre partenaire en analyse de sperme\",\"publisher\":{\"@id\":\"https:\/\/www.micropticsl.com\/#organization\"},\"potentialAction\":[{\"@type\":\"SearchAction\",\"target\":{\"@type\":\"EntryPoint\",\"urlTemplate\":\"https:\/\/www.micropticsl.com\/?s={search_term_string}\"},\"query-input\":{\"@type\":\"PropertyValueSpecification\",\"valueRequired\":true,\"valueName\":\"search_term_string\"}}],\"inLanguage\":\"fr-FR\"},{\"@type\":\"Organization\",\"@id\":\"https:\/\/www.micropticsl.com\/#organization\",\"name\":\"HT CASA\",\"alternateName\":\"HT\",\"url\":\"https:\/\/www.micropticsl.com\/\",\"logo\":{\"@type\":\"ImageObject\",\"inLanguage\":\"fr-FR\",\"@id\":\"https:\/\/www.micropticsl.com\/#\/schema\/logo\/image\/\",\"url\":\"https:\/\/www.micropticsl.com\/wp-content\/uploads\/2024\/06\/ht_casa_logo_header_retina.png\",\"contentUrl\":\"https:\/\/www.micropticsl.com\/wp-content\/uploads\/2024\/06\/ht_casa_logo_header_retina.png\",\"width\":330,\"height\":180,\"caption\":\"HT CASA\"},\"image\":{\"@id\":\"https:\/\/www.micropticsl.com\/#\/schema\/logo\/image\/\"},\"sameAs\":[\"https:\/\/www.facebook.com\/HamiltonThorneInc\",\"https:\/\/x.com\/HamiltonThorne\",\"https:\/\/www.linkedin.com\/company\/hamilton-thorne-inc\",\"https:\/\/www.instagram.com\/hamiltonthorneinc\",\"https:\/\/www.youtube.com\/channel\/UCN1OlgxbXjMQXhIbILplq5A\"]}]}<\/script>\n<!-- \/ Yoast SEO plugin. -->","yoast_head_json":{"title":"Events of MICROPTIC - HT CASA","description":"Coming events of Microptic were our products will be displayed: Congresses, annual meetings, lectures and workshops.","robots":{"index":"index","follow":"follow","max-snippet":"max-snippet:-1","max-image-preview":"max-image-preview:large","max-video-preview":"max-video-preview:-1"},"canonical":"https:\/\/www.micropticsl.com\/fr\/actualites\/evenements\/","og_locale":"fr_FR","og_type":"article","og_title":"Events of MICROPTIC - HT CASA","og_description":"Coming events of Microptic were our products will be displayed: Congresses, annual meetings, lectures and workshops.","og_url":"https:\/\/www.micropticsl.com\/fr\/actualites\/evenements\/","og_site_name":"HT CASA","article_publisher":"https:\/\/www.facebook.com\/HamiltonThorneInc","article_modified_time":"2024-07-08T06:34:49+00:00","og_image":[{"width":300,"height":200,"url":"https:\/\/www.micropticsl.com\/wp-content\/uploads\/2017\/05\/featured_events.png","type":"image\/png"}],"twitter_card":"summary_large_image","twitter_site":"@HamiltonThorne","twitter_misc":{"Dur\u00e9e de lecture estim\u00e9e":"3 minutes"},"schema":{"@context":"https:\/\/schema.org","@graph":[{"@type":"WebPage","@id":"https:\/\/www.micropticsl.com\/fr\/actualites\/evenements\/","url":"https:\/\/www.micropticsl.com\/fr\/actualites\/evenements\/","name":"Events of MICROPTIC - HT CASA","isPartOf":{"@id":"https:\/\/www.micropticsl.com\/#website"},"primaryImageOfPage":{"@id":"https:\/\/www.micropticsl.com\/fr\/actualites\/evenements\/#primaryimage"},"image":{"@id":"https:\/\/www.micropticsl.com\/fr\/actualites\/evenements\/#primaryimage"},"thumbnailUrl":"https:\/\/www.micropticsl.com\/wp-content\/uploads\/2017\/05\/featured_events.png","datePublished":"2014-03-20T10:52:06+00:00","dateModified":"2024-07-08T06:34:49+00:00","description":"Coming events of Microptic were our products will be displayed: Congresses, annual meetings, lectures and workshops.","breadcrumb":{"@id":"https:\/\/www.micropticsl.com\/fr\/actualites\/evenements\/#breadcrumb"},"inLanguage":"fr-FR","potentialAction":[{"@type":"ReadAction","target":["https:\/\/www.micropticsl.com\/fr\/actualites\/evenements\/"]}]},{"@type":"ImageObject","inLanguage":"fr-FR","@id":"https:\/\/www.micropticsl.com\/fr\/actualites\/evenements\/#primaryimage","url":"https:\/\/www.micropticsl.com\/wp-content\/uploads\/2017\/05\/featured_events.png","contentUrl":"https:\/\/www.micropticsl.com\/wp-content\/uploads\/2017\/05\/featured_events.png","width":300,"height":200},{"@type":"BreadcrumbList","@id":"https:\/\/www.micropticsl.com\/fr\/actualites\/evenements\/#breadcrumb","itemListElement":[{"@type":"ListItem","position":1,"name":"Home","item":"https:\/\/www.micropticsl.com\/fr\/"},{"@type":"ListItem","position":2,"name":"Actualit\u00e9s","item":"https:\/\/www.micropticsl.com\/fr\/actualites\/"},{"@type":"ListItem","position":3,"name":"Ev\u00e8nements"}]},{"@type":"WebSite","@id":"https:\/\/www.micropticsl.com\/#website","url":"https:\/\/www.micropticsl.com\/","name":"HT CASA","description":"Votre partenaire en analyse de sperme","publisher":{"@id":"https:\/\/www.micropticsl.com\/#organization"},"potentialAction":[{"@type":"SearchAction","target":{"@type":"EntryPoint","urlTemplate":"https:\/\/www.micropticsl.com\/?s={search_term_string}"},"query-input":{"@type":"PropertyValueSpecification","valueRequired":true,"valueName":"search_term_string"}}],"inLanguage":"fr-FR"},{"@type":"Organization","@id":"https:\/\/www.micropticsl.com\/#organization","name":"HT CASA","alternateName":"HT","url":"https:\/\/www.micropticsl.com\/","logo":{"@type":"ImageObject","inLanguage":"fr-FR","@id":"https:\/\/www.micropticsl.com\/#\/schema\/logo\/image\/","url":"https:\/\/www.micropticsl.com\/wp-content\/uploads\/2024\/06\/ht_casa_logo_header_retina.png","contentUrl":"https:\/\/www.micropticsl.com\/wp-content\/uploads\/2024\/06\/ht_casa_logo_header_retina.png","width":330,"height":180,"caption":"HT CASA"},"image":{"@id":"https:\/\/www.micropticsl.com\/#\/schema\/logo\/image\/"},"sameAs":["https:\/\/www.facebook.com\/HamiltonThorneInc","https:\/\/x.com\/HamiltonThorne","https:\/\/www.linkedin.com\/company\/hamilton-thorne-inc","https:\/\/www.instagram.com\/hamiltonthorneinc","https:\/\/www.youtube.com\/channel\/UCN1OlgxbXjMQXhIbILplq5A"]}]}},"_links":{"self":[{"href":"https:\/\/www.micropticsl.com\/fr\/wp-json\/wp\/v2\/pages\/8274","targetHints":{"allow":["GET"]}}],"collection":[{"href":"https:\/\/www.micropticsl.com\/fr\/wp-json\/wp\/v2\/pages"}],"about":[{"href":"https:\/\/www.micropticsl.com\/fr\/wp-json\/wp\/v2\/types\/page"}],"author":[{"embeddable":true,"href":"https:\/\/www.micropticsl.com\/fr\/wp-json\/wp\/v2\/users\/1"}],"replies":[{"embeddable":true,"href":"https:\/\/www.micropticsl.com\/fr\/wp-json\/wp\/v2\/comments?post=8274"}],"version-history":[{"count":0,"href":"https:\/\/www.micropticsl.com\/fr\/wp-json\/wp\/v2\/pages\/8274\/revisions"}],"up":[{"embeddable":true,"href":"https:\/\/www.micropticsl.com\/fr\/wp-json\/wp\/v2\/pages\/8272"}],"wp:featuredmedia":[{"embeddable":true,"href":"https:\/\/www.micropticsl.com\/fr\/wp-json\/wp\/v2\/media\/28688"}],"wp:attachment":[{"href":"https:\/\/www.micropticsl.com\/fr\/wp-json\/wp\/v2\/media?parent=8274"}],"curies":[{"name":"wp","href":"https:\/\/api.w.org\/{rel}","templated":true}]}}