{"id":8485,"date":"2014-04-15T09:54:33","date_gmt":"2014-04-15T08:54:33","guid":{"rendered":"https:\/\/www.micropticsl.com\/?page_id=8485"},"modified":"2025-08-11T16:13:09","modified_gmt":"2025-08-11T14:13:09","slug":"platines-chauffantes","status":"publish","type":"page","link":"https:\/\/www.micropticsl.com\/fr\/produits\/composants\/platines-chauffantes\/","title":{"rendered":"Platines chauffantes"},"content":{"rendered":"<p><div class=\"fusion-fullwidth fullwidth-box fusion-builder-row-1 fusion-flex-container has-pattern-background has-mask-background nonhundred-percent-fullwidth non-hundred-percent-height-scrolling\" style=\"--awb-border-radius-top-left:0px;--awb-border-radius-top-right:0px;--awb-border-radius-bottom-right:0px;--awb-border-radius-bottom-left:0px;--awb-flex-wrap:wrap;\" ><div class=\"fusion-builder-row fusion-row fusion-flex-align-items-flex-start fusion-flex-content-wrap\" style=\"max-width:1144px;margin-left: calc(-4% \/ 2 );margin-right: calc(-4% \/ 2 );\"><div class=\"fusion-layout-column fusion_builder_column fusion-builder-column-0 fusion_builder_column_1_1 1_1 fusion-flex-column\" style=\"--awb-bg-size:cover;--awb-width-large:100%;--awb-margin-top-large:0px;--awb-spacing-right-large:1.92%;--awb-margin-bottom-large:20px;--awb-spacing-left-large:1.92%;--awb-width-medium:100%;--awb-order-medium:0;--awb-spacing-right-medium:1.92%;--awb-spacing-left-medium:1.92%;--awb-width-small:100%;--awb-order-small:0;--awb-spacing-right-small:1.92%;--awb-spacing-left-small:1.92%;\"><div class=\"fusion-column-wrapper fusion-column-has-shadow fusion-flex-justify-content-flex-start fusion-content-layout-column\"><div class=\"fusion-text fusion-text-1\"><div class=\"fusion-layout-column fusion_builder_column fusion-builder-column-0 fusion_builder_column_1_1 1_1 fusion-one-full fusion-column-first fusion-column-last\">\n<p style=\"text-align: left;\">Chauffe-lames \u00e0 commande num\u00e9rique pour les principaux mod\u00e8les de microscopes:<\/p>\n<\/div>\n<\/div><\/div><\/div><\/div><\/div><div class=\"fusion-fullwidth fullwidth-box fusion-builder-row-2 hundred-percent-fullwidth non-hundred-percent-height-scrolling\" style=\"--awb-border-radius-top-left:0px;--awb-border-radius-top-right:0px;--awb-border-radius-bottom-right:0px;--awb-border-radius-bottom-left:0px;--awb-overflow:visible;--awb-flex-wrap:wrap;\" ><div class=\"fusion-builder-row fusion-row\"><div class=\"fusion-layout-column fusion_builder_column fusion-builder-column-1 fusion_builder_column_1_2 1_2 fusion-one-half fusion-column-first\" style=\"--awb-bg-blend:overlay;--awb-bg-size:cover;width:50%;width:calc(50% - ( ( 4% ) * 0.5 ) );margin-right: 4%;\"><div class=\"fusion-column-wrapper fusion-flex-column-wrapper-legacy\"><div class=\"fusion-image-element fusion-image-align-center in-legacy-container\" style=\"text-align:center;--awb-caption-title-font-family:var(--h2_typography-font-family);--awb-caption-title-font-weight:var(--h2_typography-font-weight);--awb-caption-title-font-style:var(--h2_typography-font-style);--awb-caption-title-size:var(--h2_typography-font-size);--awb-caption-title-transform:var(--h2_typography-text-transform);--awb-caption-title-line-height:var(--h2_typography-line-height);--awb-caption-title-letter-spacing:var(--h2_typography-letter-spacing);\"><div class=\"imageframe-align-center\"><span class=\" fusion-imageframe imageframe-dropshadow imageframe-1 hover-type-zoomin\" style=\"-webkit-box-shadow: 3px 3px 7px rgba(0,0,0,0.3);box-shadow: 3px 3px 7px rgba(0,0,0,0.3);\"><a href=\"https:\/\/www.micropticsl.com\/wp-content\/uploads\/2013\/09\/portable_heating_stage_new.png\" class=\"fusion-lightbox\" data-rel=\"iLightbox[cf6a3a6e206e2e1965b]\" data-title=\"Platine chauffante portable\" title=\"Platine chauffante portable\"><img decoding=\"async\" width=\"320\" height=\"200\" alt=\"Platine chauffante portable \" src=\"https:\/\/www.micropticsl.com\/wp-content\/uploads\/2013\/09\/portable_heating_stage_new_thumb.png\" data-orig-src=\"https:\/\/www.micropticsl.com\/wp-content\/uploads\/2013\/09\/portable_heating_stage_new_thumb.png\" class=\"lazyload img-responsive wp-image-26540\" srcset=\"data:image\/svg+xml,%3Csvg%20xmlns%3D%27http%3A%2F%2Fwww.w3.org%2F2000%2Fsvg%27%20width%3D%27320%27%20height%3D%27200%27%20viewBox%3D%270%200%20320%20200%27%3E%3Crect%20width%3D%27320%27%20height%3D%27200%27%20fill-opacity%3D%220%22%2F%3E%3C%2Fsvg%3E\" data-srcset=\"https:\/\/www.micropticsl.com\/wp-content\/uploads\/2013\/09\/portable_heating_stage_new_thumb-200x125.png 200w, https:\/\/www.micropticsl.com\/wp-content\/uploads\/2013\/09\/portable_heating_stage_new_thumb.png 320w\" data-sizes=\"auto\" data-orig-sizes=\"(max-width: 800px) 100vw, 320px\" \/><\/a><\/span><\/div><\/div><div class=\"fusion-sep-clear\"><\/div><div class=\"fusion-separator fusion-full-width-sep\" style=\"margin-left: auto;margin-right: auto;margin-top:20px;width:100%;\"><\/div><div class=\"fusion-sep-clear\"><\/div><div class=\"fusion-text fusion-text-2\"><p style=\"text-align: center;\"><em>Cliquez sur l\u2019image pour l\u2019agrandir<\/em><\/p>\n<\/div><div class=\"fusion-clearfix\"><\/div><\/div><\/div><div class=\"fusion-layout-column fusion_builder_column fusion-builder-column-2 fusion_builder_column_1_2 1_2 fusion-one-half fusion-column-last\" style=\"--awb-bg-blend:overlay;--awb-bg-size:cover;width:50%;width:calc(50% - ( ( 4% ) * 0.5 ) );\"><div class=\"fusion-column-wrapper fusion-flex-column-wrapper-legacy\"><div class=\"fusion-text fusion-text-3\"><h2>Platine chauffante portable<\/h2>\n<p>La platine chauffante portable s\u2019adapte \u00e0 toute platine de microscope ordinaire. Sa conception compacte permet de l\u2019apposer tel que vous le feriez avec une lame. Vous n\u2019aurez pas besoin d\u2019outils.<\/p>\n<p>La platine fonctionne avec un contr\u00f4leur externe qui permet l\u2019utilisateur de modifier la temp\u00e9rature param\u00e9tr\u00e9e ou monitorer la vraie temp\u00e9rature.<\/p>\n<p>Pour plus d\u2019informations :<\/p>\n<\/div><div class=\"fusion-button-wrapper\"><a class=\"fusion-button button-flat button-large button-default fusion-button-default button-1 fusion-button-default-span fusion-button-default-type\" target=\"_self\" href=\"https:\/\/www.micropticsl.com\/fr\/?p=8255\"><span class=\"fusion-button-text\">Demande d\u2019informations<\/span><\/a><\/div><div class=\"fusion-sep-clear\"><\/div><div class=\"fusion-separator fusion-full-width-sep\" style=\"margin-left: auto;margin-right: auto;margin-top:40px;width:100%;\"><\/div><div class=\"fusion-sep-clear\"><\/div><div class=\"fusion-text fusion-text-4\"><div class=\"table-1\">\n<table width=\"100%\">\n<tbody>\n<tr>\n<td>R\u00e9f\u00e9rence : HS-PT-IT<\/td>\n<\/tr>\n<tr>\n<td>Catalogue : <a title=\"T\u00e9l\u00e9charger le catalogue\" href=\"https:\/\/www.micropticsl.com\/wp-content\/uploads\/2013\/09\/microptic_disposables_catalog_english.pdf\" target=\"_blank\" rel=\"noopener noreferrer\">T\u00e9l\u00e9charger le catalogue<\/a> <img decoding=\"async\" class=\"lazyload alignnone size-full wp-image-5963\" style=\"margin: 6px 6px 0px;\" src=\"data:image\/svg+xml,%3Csvg%20xmlns%3D%27http%3A%2F%2Fwww.w3.org%2F2000%2Fsvg%27%20width%3D%2715%27%20height%3D%279%27%20viewBox%3D%270%200%2015%209%27%3E%3Crect%20width%3D%2715%27%20height%3D%279%27%20fill-opacity%3D%220%22%2F%3E%3C%2Fsvg%3E\" data-orig-src=\"https:\/\/www.micropticsl.com\/wp-content\/uploads\/2013\/09\/pdf_thumbnail.png\" alt=\"pdf_thumbnail\" width=\"15\" height=\"9\" \/><\/td>\n<\/tr>\n<\/tbody>\n<\/table>\n<\/div>\n<\/div><div class=\"fusion-sep-clear\"><\/div><div class=\"fusion-separator fusion-full-width-sep\" style=\"margin-left: auto;margin-right: auto;margin-top:40px;margin-bottom:60px;width:100%;\"><div class=\"fusion-separator-border sep-shadow\" style=\"--awb-height:20px;--awb-amount:20px;background:radial-gradient(ellipse at 50% -50% , #e0dede 0px, rgba(255, 255, 255, 0) 80%) repeat scroll 0 0 rgba(0, 0, 0, 0);background:-webkit-radial-gradient(ellipse at 50% -50% , #e0dede 0px, rgba(255, 255, 255, 0) 80%) repeat scroll 0 0 rgba(0, 0, 0, 0);background:-moz-radial-gradient(ellipse at 50% -50% , #e0dede 0px, rgba(255, 255, 255, 0) 80%) repeat scroll 0 0 rgba(0, 0, 0, 0);background:-o-radial-gradient(ellipse at 50% -50% , #e0dede 0px, rgba(255, 255, 255, 0) 80%) repeat scroll 0 0 rgba(0, 0, 0, 0);\"><\/div><\/div><div class=\"fusion-sep-clear\"><\/div><div class=\"fusion-clearfix\"><\/div><\/div><\/div><div class=\"fusion-layout-column fusion_builder_column fusion-builder-column-3 fusion_builder_column_1_2 1_2 fusion-one-half fusion-column-first\" style=\"--awb-bg-blend:overlay;--awb-bg-size:cover;width:50%;width:calc(50% - ( ( 4% ) * 0.5 ) );margin-right: 4%;\"><div class=\"fusion-column-wrapper fusion-flex-column-wrapper-legacy\"><div class=\"fusion-image-element fusion-image-align-center in-legacy-container\" style=\"text-align:center;--awb-margin-bottom:20px;--awb-caption-title-font-family:var(--h2_typography-font-family);--awb-caption-title-font-weight:var(--h2_typography-font-weight);--awb-caption-title-font-style:var(--h2_typography-font-style);--awb-caption-title-size:var(--h2_typography-font-size);--awb-caption-title-transform:var(--h2_typography-text-transform);--awb-caption-title-line-height:var(--h2_typography-line-height);--awb-caption-title-letter-spacing:var(--h2_typography-letter-spacing);\"><div class=\"imageframe-align-center\"><span class=\" fusion-imageframe imageframe-dropshadow imageframe-2 hover-type-zoomin\" style=\"-webkit-box-shadow: 3px 3px 7px rgba(0,0,0,0.3);box-shadow: 3px 3px 7px rgba(0,0,0,0.3);\"><a href=\"https:\/\/www.micropticsl.com\/wp-content\/uploads\/2013\/09\/slide_warmer_for_motorized_stage.png\" class=\"fusion-lightbox\" data-rel=\"iLightbox[299ee4c14389d8c0cd0]\" data-title=\"Chauffeur de lames pour platines motoris\u00e9es\" title=\"Chauffeur de lames pour platines motoris\u00e9es\"><img decoding=\"async\" width=\"320\" height=\"168\" alt=\"Chauffeur de lames pour platines motoris\u00e9es\" src=\"https:\/\/www.micropticsl.com\/wp-content\/uploads\/2013\/09\/slide_warmer_for_motorized_stage_thumb.png\" data-orig-src=\"https:\/\/www.micropticsl.com\/wp-content\/uploads\/2013\/09\/slide_warmer_for_motorized_stage_thumb.png\" class=\"lazyload img-responsive wp-image-23769\" srcset=\"data:image\/svg+xml,%3Csvg%20xmlns%3D%27http%3A%2F%2Fwww.w3.org%2F2000%2Fsvg%27%20width%3D%27320%27%20height%3D%27168%27%20viewBox%3D%270%200%20320%20168%27%3E%3Crect%20width%3D%27320%27%20height%3D%27168%27%20fill-opacity%3D%220%22%2F%3E%3C%2Fsvg%3E\" data-srcset=\"https:\/\/www.micropticsl.com\/wp-content\/uploads\/2013\/09\/slide_warmer_for_motorized_stage_thumb-200x105.png 200w, https:\/\/www.micropticsl.com\/wp-content\/uploads\/2013\/09\/slide_warmer_for_motorized_stage_thumb.png 320w\" data-sizes=\"auto\" data-orig-sizes=\"(max-width: 800px) 100vw, 320px\" \/><\/a><\/span><\/div><\/div><div class=\"fusion-text fusion-text-5\"><p style=\"text-align: center;\"><em>Cliquez sur l\u2019image pour l\u2019agrandir<\/em><\/p>\n<\/div><div class=\"fusion-clearfix\"><\/div><\/div><\/div><div class=\"fusion-layout-column fusion_builder_column fusion-builder-column-4 fusion_builder_column_1_2 1_2 fusion-one-half fusion-column-last\" style=\"--awb-bg-blend:overlay;--awb-bg-size:cover;width:50%;width:calc(50% - ( ( 4% ) * 0.5 ) );\"><div class=\"fusion-column-wrapper fusion-flex-column-wrapper-legacy\"><div class=\"fusion-text fusion-text-6\"><h2>Chauffeur de lames pour platines motoris\u00e9es<\/h2>\n<p>Syst\u00e8me automatique de contr\u00f4le de temp\u00e9rature pour platines de microscope pour une platine motoris\u00e9e Prior Optiscan III. Il assure un contr\u00f4le de temp\u00e9rature des sp\u00e9cimens plus pr\u00e9cis et fiable de temp\u00e9rature des sp\u00e9cimens lors d\u2019une observation sous le microscope.<\/p>\n<p>Pour plus d\u2019informations :<\/p>\n<\/div><div class=\"fusion-button-wrapper\"><a class=\"fusion-button button-flat button-large button-default fusion-button-default button-2 fusion-button-default-span fusion-button-default-type\" target=\"_self\" href=\"https:\/\/www.micropticsl.com\/fr\/?p=8255\"><span class=\"fusion-button-text\">Demande d\u2019informations<\/span><\/a><\/div><div class=\"fusion-sep-clear\"><\/div><div class=\"fusion-separator fusion-full-width-sep\" style=\"margin-left: auto;margin-right: auto;margin-top:40px;width:100%;\"><\/div><div class=\"fusion-sep-clear\"><\/div><div class=\"fusion-text fusion-text-7\"><div class=\"table-1\">\n<table width=\"100%\">\n<tbody>\n<tr>\n<td>R\u00e9f\u00e9rence : MATS-UAXKW-D-EA<\/td>\n<\/tr>\n<\/tbody>\n<\/table>\n<\/div>\n<\/div><div class=\"fusion-clearfix\"><\/div><\/div><\/div><\/div><\/div><\/p>\n","protected":false},"excerpt":{"rendered":"","protected":false},"author":1,"featured_media":28394,"parent":8280,"menu_order":0,"comment_status":"closed","ping_status":"closed","template":"","meta":{"footnotes":""},"class_list":["post-8485","page","type-page","status-publish","has-post-thumbnail","hentry"],"yoast_head":"<!-- This site is optimized with the Yoast SEO plugin v24.8 - https:\/\/yoast.com\/wordpress\/plugins\/seo\/ -->\n<title>Platines chauffantes - HT CASA<\/title>\n<meta name=\"robots\" content=\"index, follow, max-snippet:-1, max-image-preview:large, max-video-preview:-1\" \/>\n<link rel=\"canonical\" href=\"https:\/\/www.micropticsl.com\/fr\/produits\/composants\/platines-chauffantes\/\" \/>\n<meta property=\"og:locale\" content=\"fr_FR\" \/>\n<meta property=\"og:type\" content=\"article\" \/>\n<meta property=\"og:title\" content=\"Platines chauffantes - HT CASA\" \/>\n<meta property=\"og:url\" content=\"https:\/\/www.micropticsl.com\/fr\/produits\/composants\/platines-chauffantes\/\" \/>\n<meta property=\"og:site_name\" content=\"HT CASA\" \/>\n<meta property=\"article:publisher\" content=\"https:\/\/www.facebook.com\/HamiltonThorneInc\" \/>\n<meta property=\"article:modified_time\" content=\"2025-08-11T14:13:09+00:00\" \/>\n<meta property=\"og:image\" content=\"https:\/\/www.micropticsl.com\/wp-content\/uploads\/2013\/09\/featured_components.png\" \/>\n\t<meta property=\"og:image:width\" content=\"300\" \/>\n\t<meta property=\"og:image:height\" content=\"200\" \/>\n\t<meta property=\"og:image:type\" content=\"image\/png\" \/>\n<meta name=\"twitter:card\" content=\"summary_large_image\" \/>\n<meta name=\"twitter:site\" content=\"@HamiltonThorne\" \/>\n<meta name=\"twitter:label1\" content=\"Dur\u00e9e de lecture estim\u00e9e\" \/>\n\t<meta name=\"twitter:data1\" content=\"2 minutes\" \/>\n<script type=\"application\/ld+json\" class=\"yoast-schema-graph\">{\"@context\":\"https:\/\/schema.org\",\"@graph\":[{\"@type\":\"WebPage\",\"@id\":\"https:\/\/www.micropticsl.com\/fr\/produits\/composants\/platines-chauffantes\/\",\"url\":\"https:\/\/www.micropticsl.com\/fr\/produits\/composants\/platines-chauffantes\/\",\"name\":\"Platines chauffantes - HT CASA\",\"isPartOf\":{\"@id\":\"https:\/\/www.micropticsl.com\/#website\"},\"primaryImageOfPage\":{\"@id\":\"https:\/\/www.micropticsl.com\/fr\/produits\/composants\/platines-chauffantes\/#primaryimage\"},\"image\":{\"@id\":\"https:\/\/www.micropticsl.com\/fr\/produits\/composants\/platines-chauffantes\/#primaryimage\"},\"thumbnailUrl\":\"https:\/\/www.micropticsl.com\/wp-content\/uploads\/2013\/09\/featured_components.png\",\"datePublished\":\"2014-04-15T08:54:33+00:00\",\"dateModified\":\"2025-08-11T14:13:09+00:00\",\"breadcrumb\":{\"@id\":\"https:\/\/www.micropticsl.com\/fr\/produits\/composants\/platines-chauffantes\/#breadcrumb\"},\"inLanguage\":\"fr-FR\",\"potentialAction\":[{\"@type\":\"ReadAction\",\"target\":[\"https:\/\/www.micropticsl.com\/fr\/produits\/composants\/platines-chauffantes\/\"]}]},{\"@type\":\"ImageObject\",\"inLanguage\":\"fr-FR\",\"@id\":\"https:\/\/www.micropticsl.com\/fr\/produits\/composants\/platines-chauffantes\/#primaryimage\",\"url\":\"https:\/\/www.micropticsl.com\/wp-content\/uploads\/2013\/09\/featured_components.png\",\"contentUrl\":\"https:\/\/www.micropticsl.com\/wp-content\/uploads\/2013\/09\/featured_components.png\",\"width\":300,\"height\":200},{\"@type\":\"BreadcrumbList\",\"@id\":\"https:\/\/www.micropticsl.com\/fr\/produits\/composants\/platines-chauffantes\/#breadcrumb\",\"itemListElement\":[{\"@type\":\"ListItem\",\"position\":1,\"name\":\"Home\",\"item\":\"https:\/\/www.micropticsl.com\/fr\/\"},{\"@type\":\"ListItem\",\"position\":2,\"name\":\"Produits et services\",\"item\":\"https:\/\/www.micropticsl.com\/fr\/produits\/\"},{\"@type\":\"ListItem\",\"position\":3,\"name\":\"Composants\",\"item\":\"https:\/\/www.micropticsl.com\/fr\/produits\/composants\/\"},{\"@type\":\"ListItem\",\"position\":4,\"name\":\"Platines chauffantes\"}]},{\"@type\":\"WebSite\",\"@id\":\"https:\/\/www.micropticsl.com\/#website\",\"url\":\"https:\/\/www.micropticsl.com\/\",\"name\":\"HT CASA\",\"description\":\"Votre partenaire en analyse de sperme\",\"publisher\":{\"@id\":\"https:\/\/www.micropticsl.com\/#organization\"},\"potentialAction\":[{\"@type\":\"SearchAction\",\"target\":{\"@type\":\"EntryPoint\",\"urlTemplate\":\"https:\/\/www.micropticsl.com\/?s={search_term_string}\"},\"query-input\":{\"@type\":\"PropertyValueSpecification\",\"valueRequired\":true,\"valueName\":\"search_term_string\"}}],\"inLanguage\":\"fr-FR\"},{\"@type\":\"Organization\",\"@id\":\"https:\/\/www.micropticsl.com\/#organization\",\"name\":\"HT CASA\",\"alternateName\":\"HT\",\"url\":\"https:\/\/www.micropticsl.com\/\",\"logo\":{\"@type\":\"ImageObject\",\"inLanguage\":\"fr-FR\",\"@id\":\"https:\/\/www.micropticsl.com\/#\/schema\/logo\/image\/\",\"url\":\"https:\/\/www.micropticsl.com\/wp-content\/uploads\/2024\/06\/ht_casa_logo_header_retina.png\",\"contentUrl\":\"https:\/\/www.micropticsl.com\/wp-content\/uploads\/2024\/06\/ht_casa_logo_header_retina.png\",\"width\":330,\"height\":180,\"caption\":\"HT CASA\"},\"image\":{\"@id\":\"https:\/\/www.micropticsl.com\/#\/schema\/logo\/image\/\"},\"sameAs\":[\"https:\/\/www.facebook.com\/HamiltonThorneInc\",\"https:\/\/x.com\/HamiltonThorne\",\"https:\/\/www.linkedin.com\/company\/hamilton-thorne-inc\",\"https:\/\/www.instagram.com\/hamiltonthorneinc\",\"https:\/\/www.youtube.com\/channel\/UCN1OlgxbXjMQXhIbILplq5A\"]}]}<\/script>\n<!-- \/ Yoast SEO plugin. -->","yoast_head_json":{"title":"Platines chauffantes - HT CASA","robots":{"index":"index","follow":"follow","max-snippet":"max-snippet:-1","max-image-preview":"max-image-preview:large","max-video-preview":"max-video-preview:-1"},"canonical":"https:\/\/www.micropticsl.com\/fr\/produits\/composants\/platines-chauffantes\/","og_locale":"fr_FR","og_type":"article","og_title":"Platines chauffantes - HT CASA","og_url":"https:\/\/www.micropticsl.com\/fr\/produits\/composants\/platines-chauffantes\/","og_site_name":"HT CASA","article_publisher":"https:\/\/www.facebook.com\/HamiltonThorneInc","article_modified_time":"2025-08-11T14:13:09+00:00","og_image":[{"width":300,"height":200,"url":"https:\/\/www.micropticsl.com\/wp-content\/uploads\/2013\/09\/featured_components.png","type":"image\/png"}],"twitter_card":"summary_large_image","twitter_site":"@HamiltonThorne","twitter_misc":{"Dur\u00e9e de lecture estim\u00e9e":"2 minutes"},"schema":{"@context":"https:\/\/schema.org","@graph":[{"@type":"WebPage","@id":"https:\/\/www.micropticsl.com\/fr\/produits\/composants\/platines-chauffantes\/","url":"https:\/\/www.micropticsl.com\/fr\/produits\/composants\/platines-chauffantes\/","name":"Platines chauffantes - HT CASA","isPartOf":{"@id":"https:\/\/www.micropticsl.com\/#website"},"primaryImageOfPage":{"@id":"https:\/\/www.micropticsl.com\/fr\/produits\/composants\/platines-chauffantes\/#primaryimage"},"image":{"@id":"https:\/\/www.micropticsl.com\/fr\/produits\/composants\/platines-chauffantes\/#primaryimage"},"thumbnailUrl":"https:\/\/www.micropticsl.com\/wp-content\/uploads\/2013\/09\/featured_components.png","datePublished":"2014-04-15T08:54:33+00:00","dateModified":"2025-08-11T14:13:09+00:00","breadcrumb":{"@id":"https:\/\/www.micropticsl.com\/fr\/produits\/composants\/platines-chauffantes\/#breadcrumb"},"inLanguage":"fr-FR","potentialAction":[{"@type":"ReadAction","target":["https:\/\/www.micropticsl.com\/fr\/produits\/composants\/platines-chauffantes\/"]}]},{"@type":"ImageObject","inLanguage":"fr-FR","@id":"https:\/\/www.micropticsl.com\/fr\/produits\/composants\/platines-chauffantes\/#primaryimage","url":"https:\/\/www.micropticsl.com\/wp-content\/uploads\/2013\/09\/featured_components.png","contentUrl":"https:\/\/www.micropticsl.com\/wp-content\/uploads\/2013\/09\/featured_components.png","width":300,"height":200},{"@type":"BreadcrumbList","@id":"https:\/\/www.micropticsl.com\/fr\/produits\/composants\/platines-chauffantes\/#breadcrumb","itemListElement":[{"@type":"ListItem","position":1,"name":"Home","item":"https:\/\/www.micropticsl.com\/fr\/"},{"@type":"ListItem","position":2,"name":"Produits et services","item":"https:\/\/www.micropticsl.com\/fr\/produits\/"},{"@type":"ListItem","position":3,"name":"Composants","item":"https:\/\/www.micropticsl.com\/fr\/produits\/composants\/"},{"@type":"ListItem","position":4,"name":"Platines chauffantes"}]},{"@type":"WebSite","@id":"https:\/\/www.micropticsl.com\/#website","url":"https:\/\/www.micropticsl.com\/","name":"HT CASA","description":"Votre partenaire en analyse de sperme","publisher":{"@id":"https:\/\/www.micropticsl.com\/#organization"},"potentialAction":[{"@type":"SearchAction","target":{"@type":"EntryPoint","urlTemplate":"https:\/\/www.micropticsl.com\/?s={search_term_string}"},"query-input":{"@type":"PropertyValueSpecification","valueRequired":true,"valueName":"search_term_string"}}],"inLanguage":"fr-FR"},{"@type":"Organization","@id":"https:\/\/www.micropticsl.com\/#organization","name":"HT CASA","alternateName":"HT","url":"https:\/\/www.micropticsl.com\/","logo":{"@type":"ImageObject","inLanguage":"fr-FR","@id":"https:\/\/www.micropticsl.com\/#\/schema\/logo\/image\/","url":"https:\/\/www.micropticsl.com\/wp-content\/uploads\/2024\/06\/ht_casa_logo_header_retina.png","contentUrl":"https:\/\/www.micropticsl.com\/wp-content\/uploads\/2024\/06\/ht_casa_logo_header_retina.png","width":330,"height":180,"caption":"HT CASA"},"image":{"@id":"https:\/\/www.micropticsl.com\/#\/schema\/logo\/image\/"},"sameAs":["https:\/\/www.facebook.com\/HamiltonThorneInc","https:\/\/x.com\/HamiltonThorne","https:\/\/www.linkedin.com\/company\/hamilton-thorne-inc","https:\/\/www.instagram.com\/hamiltonthorneinc","https:\/\/www.youtube.com\/channel\/UCN1OlgxbXjMQXhIbILplq5A"]}]}},"_links":{"self":[{"href":"https:\/\/www.micropticsl.com\/fr\/wp-json\/wp\/v2\/pages\/8485","targetHints":{"allow":["GET"]}}],"collection":[{"href":"https:\/\/www.micropticsl.com\/fr\/wp-json\/wp\/v2\/pages"}],"about":[{"href":"https:\/\/www.micropticsl.com\/fr\/wp-json\/wp\/v2\/types\/page"}],"author":[{"embeddable":true,"href":"https:\/\/www.micropticsl.com\/fr\/wp-json\/wp\/v2\/users\/1"}],"replies":[{"embeddable":true,"href":"https:\/\/www.micropticsl.com\/fr\/wp-json\/wp\/v2\/comments?post=8485"}],"version-history":[{"count":0,"href":"https:\/\/www.micropticsl.com\/fr\/wp-json\/wp\/v2\/pages\/8485\/revisions"}],"up":[{"embeddable":true,"href":"https:\/\/www.micropticsl.com\/fr\/wp-json\/wp\/v2\/pages\/8280"}],"wp:featuredmedia":[{"embeddable":true,"href":"https:\/\/www.micropticsl.com\/fr\/wp-json\/wp\/v2\/media\/28394"}],"wp:attachment":[{"href":"https:\/\/www.micropticsl.com\/fr\/wp-json\/wp\/v2\/media?parent=8485"}],"curies":[{"name":"wp","href":"https:\/\/api.w.org\/{rel}","templated":true}]}}