{"id":8491,"date":"2014-04-15T09:55:07","date_gmt":"2014-04-15T08:55:07","guid":{"rendered":"https:\/\/www.micropticsl.com\/?page_id=8491"},"modified":"2025-04-30T12:13:52","modified_gmt":"2025-04-30T10:13:52","slug":"goldcyto-dna","status":"publish","type":"page","link":"https:\/\/www.micropticsl.com\/fr\/produits\/consommables\/fragmentation-adn\/goldcyto-dna\/","title":{"rendered":"GoldCyto DNA"},"content":{"rendered":"<div class=\"fusion-fullwidth fullwidth-box fusion-builder-row-1 hundred-percent-fullwidth non-hundred-percent-height-scrolling\" style=\"--awb-border-radius-top-left:0px;--awb-border-radius-top-right:0px;--awb-border-radius-bottom-right:0px;--awb-border-radius-bottom-left:0px;--awb-overflow:visible;--awb-flex-wrap:wrap;\" ><\/p>\n<div class=\"fusion-builder-row fusion-row\">\n<div class=\"fusion-layout-column fusion_builder_column fusion-builder-column-0 fusion_builder_column_1_1 1_1 fusion-one-full fusion-column-first fusion-column-last\" style=\"--awb-bg-size:cover;\"><div class=\"fusion-column-wrapper fusion-flex-column-wrapper-legacy\">\n<h2><div class=\"fusion-title title fusion-title-1 fusion-title-text fusion-title-size-two\"><h2 class=\"fusion-title-heading title-heading-left\" style=\"margin:0;\">Kit pour le test de Fragmentation d&rsquo;ADN<\/h2><span class=\"awb-title-spacer\"><\/span><div class=\"title-sep-container\"><div class=\"title-sep sep-double sep-solid\" style=\"border-color:#e0dede;\"><\/div><\/div><\/div><\/h2>\n<div class=\"fusion-clearfix\"><\/div><\/div><\/div>\n<div class=\"fusion-layout-column fusion_builder_column fusion-builder-column-1 fusion_builder_column_1_2 1_2 fusion-one-half fusion-column-first\" style=\"--awb-bg-size:cover;width:50%;width:calc(50% - ( ( 4% ) * 0.5 ) );margin-right: 4%;\"><div class=\"fusion-column-wrapper fusion-flex-column-wrapper-legacy\">\n<div class=\"fusion-image-element fusion-image-align-center in-legacy-container\" style=\"text-align:center;--awb-caption-title-font-family:var(--h2_typography-font-family);--awb-caption-title-font-weight:var(--h2_typography-font-weight);--awb-caption-title-font-style:var(--h2_typography-font-style);--awb-caption-title-size:var(--h2_typography-font-size);--awb-caption-title-transform:var(--h2_typography-text-transform);--awb-caption-title-line-height:var(--h2_typography-line-height);--awb-caption-title-letter-spacing:var(--h2_typography-letter-spacing);\"><div class=\"imageframe-align-center\"><span class=\" fusion-imageframe imageframe-dropshadow imageframe-1 hover-type-zoomin\" style=\"-webkit-box-shadow: 3px 3px 7px rgba(0,0,0,0.3);box-shadow: 3px 3px 7px rgba(0,0,0,0.3);\"><a href=\"https:\/\/www.micropticsl.com\/wp-content\/uploads\/2021\/02\/disposables_new_goldcyto_dna.png\" class=\"fusion-lightbox\" data-rel=\"iLightbox[bb554fd3dfb325cb814]\" data-title=\"GoldCyto DNA\" title=\"GoldCyto DNA\"><img decoding=\"async\" width=\"320\" height=\"200\" alt=\"Kit GoldCyto DNA pour le test de Fragmentation d\" src=\"https:\/\/www.micropticsl.com\/wp-content\/uploads\/2021\/02\/disposables_new_goldcyto_dna_thumb.png\" data-orig-src=\"https:\/\/www.micropticsl.com\/wp-content\/uploads\/2021\/02\/disposables_new_goldcyto_dna_thumb.png\" class=\"lazyload img-responsive wp-image-33194\" srcset=\"data:image\/svg+xml,%3Csvg%20xmlns%3D%27http%3A%2F%2Fwww.w3.org%2F2000%2Fsvg%27%20width%3D%27320%27%20height%3D%27200%27%20viewBox%3D%270%200%20320%20200%27%3E%3Crect%20width%3D%27320%27%20height%3D%27200%27%20fill-opacity%3D%220%22%2F%3E%3C%2Fsvg%3E\" data-srcset=\"https:\/\/www.micropticsl.com\/wp-content\/uploads\/2021\/02\/disposables_new_goldcyto_dna_thumb-200x125.png 200w, https:\/\/www.micropticsl.com\/wp-content\/uploads\/2021\/02\/disposables_new_goldcyto_dna_thumb.png 320w\" data-sizes=\"auto\" data-orig-sizes=\"(max-width: 800px) 100vw, 320px\" \/><\/a><\/span><\/div><\/div>\n<div class=\"fusion-sep-clear\"><\/div><div class=\"fusion-separator fusion-full-width-sep\" style=\"margin-left: auto;margin-right: auto;margin-top:20px;width:100%;\"><\/div><div class=\"fusion-sep-clear\"><\/div>\n<p style=\"text-align: center;\"><em>Cliquez sur l\u2019image pour l\u2019agrandir<\/em><\/p>\n<div class=\"fusion-clearfix\"><\/div><\/div><\/div>\n<div class=\"fusion-layout-column fusion_builder_column fusion-builder-column-2 fusion_builder_column_1_2 1_2 fusion-one-half fusion-column-last\" style=\"--awb-bg-size:cover;width:50%;width:calc(50% - ( ( 4% ) * 0.5 ) );\"><div class=\"fusion-column-wrapper fusion-flex-column-wrapper-legacy\">\n<p>Le kit <strong>GoldCyto DNA<\/strong> est un test simple permettant d&rsquo;analyser la <strong>fragmentation de l&rsquo;ADN<\/strong> des spermatozo\u00efdes d&rsquo;\u00e9chantillons d&rsquo;humain et d&rsquo;animal.<\/p>\n<p>La m\u00e9thode est bas\u00e9e sur l&rsquo;analyse de la <strong>dispersion de la chromatine dans le spermatozo\u00efde<\/strong> (SDC) (Fern\u00e1ndez et al., J. Androl 24:59\u201366, 2003; Fertil Steril 84:833-842, 2005).<\/p>\n<p>Les spermatzo\u00efdes sans fixer se m\u00e9langent avec un microgel d&rsquo;agarose inerte\u00a0 dans une lame pr\u00e9-trait\u00e9e. un traitement initial avec de l&rsquo;acide d\u00e9naturalise l&rsquo;ADN des spermatozo\u00efdes dont l&rsquo;ADN reste intact. Ensuite,\u00a0 l&rsquo;\u00e9chantillon est trait\u00e9 avec une solution de lysis laquelle casse la membrane cellulaire en \u00e9liminant la plupart\u00a0 des prot\u00e9ines du noyau. En l&rsquo;absence de dommages dans l&rsquo;ADN, se produisent des grands halos autour de la t\u00eate du spermatozo\u00efde. Par contre, les spermatozo\u00efdes ayant l&rsquo;ADN fragment\u00e9 restent insensibles \u00e0 la d\u00e9naturalisation et par cons\u00e9quent, il n&rsquo;y a pas de dispersion de la chromatine (petits halos ou absents).<\/p>\n<p>Compatible avec <img class=\"lazyload\" decoding=\"async\" style=\"margin: 4px 4px 0px;\" src=\"data:image\/svg+xml,%3Csvg%20xmlns%3D%27http%3A%2F%2Fwww.w3.org%2F2000%2Fsvg%27%20width%3D%27109%27%20height%3D%2716%27%20viewBox%3D%270%200%20109%2016%27%3E%3Crect%20width%3D%27109%27%20height%3D%2716%27%20fill-opacity%3D%220%22%2F%3E%3C%2Fsvg%3E\" data-orig-src=\"https:\/\/www.micropticsl.com\/wp-content\/uploads\/2019\/03\/scascope_compatible_logo.png\" alt=\"\" \/><\/p>\n<p><em>FOR RESEARCH USE ONLY<\/em><\/p>\n<p>Plus d&rsquo;informations :<\/p>\n<div class=\"fusion-button-wrapper\"><a class=\"fusion-button button-flat button-large button-default fusion-button-default button-1 fusion-button-default-span fusion-button-default-type\" target=\"_self\" goog_report_conversion(&#039;https:\/\/www.micropticsl.com\/es\/?p=\"8255&#039;)\" href=\"https:\/\/www.micropticsl.com\/fr\/?p=8255\"><span class=\"fusion-button-text\">Demande d\u2019informations<\/span><\/a><\/div>\n<div class=\"fusion-clearfix\"><\/div><\/div><\/div>\n<div class=\"fusion-layout-column fusion_builder_column fusion-builder-column-3 fusion_builder_column_1_1 1_1 fusion-one-full fusion-column-first fusion-column-last\" style=\"--awb-bg-size:cover;\"><div class=\"fusion-column-wrapper fusion-flex-column-wrapper-legacy\">\n<div class=\"fusion-sep-clear\"><\/div><div class=\"fusion-separator fusion-full-width-sep\" style=\"margin-left: auto;margin-right: auto;margin-top:40px;margin-bottom:40px;width:100%;\"><div class=\"fusion-separator-border sep-single sep-solid\" style=\"--awb-height:20px;--awb-amount:20px;border-color:#e0dede;border-top-width:1px;\"><\/div><\/div><div class=\"fusion-sep-clear\"><\/div>\n<div class=\"fusion-clearfix\"><\/div><\/div><\/div>\n<div class=\"fusion-layout-column fusion_builder_column fusion-builder-column-4 fusion_builder_column_1_2 1_2 fusion-one-half fusion-column-first\" style=\"--awb-bg-size:cover;width:50%;width:calc(50% - ( ( 4% ) * 0.5 ) );margin-right: 4%;\"><div class=\"fusion-column-wrapper fusion-flex-column-wrapper-legacy\">\n<div class=\"fusion-sep-clear\"><\/div><div class=\"fusion-separator fusion-full-width-sep\" style=\"margin-left: auto;margin-right: auto;margin-top:-20px;width:100%;\"><\/div><div class=\"fusion-sep-clear\"><\/div>\n<h3 data-lineheight=\"24\" data-fontsize=\"16\">Contenu du kit GoldCyto :<\/h3>\n<i class=\"fb-icon-element-1 fb-icon-element fontawesome-icon fa fa-chevron-circle-right circle-no fusion-text-flow\" style=\"--awb-iconcolor:#3374B9;--awb-iconcolor-hover:#3374B9;--awb-font-size:10px;--awb-margin-right:5px;\"><\/i>\nLames pr\u00e9-trait\u00e9es<div class=\"fusion-sep-clear\"><\/div><div class=\"fusion-separator fusion-full-width-sep\" style=\"margin-left: auto;margin-right: auto;width:100%;\"><\/div><div class=\"fusion-sep-clear\"><\/div>\n<i class=\"fb-icon-element-2 fb-icon-element fontawesome-icon fa fa-chevron-circle-right circle-no fusion-text-flow\" style=\"--awb-iconcolor:#3374B9;--awb-iconcolor-hover:#3374B9;--awb-font-size:10px;--awb-margin-right:5px;\"><\/i>\nTubes Eppendorf avec de l&rsquo;agarose \u00e0 point de fusion bas<div class=\"fusion-sep-clear\"><\/div><div class=\"fusion-separator fusion-full-width-sep\" style=\"margin-left: auto;margin-right: auto;width:100%;\"><\/div><div class=\"fusion-sep-clear\"><\/div>\n<i class=\"fb-icon-element-3 fb-icon-element fontawesome-icon fa fa-chevron-circle-right circle-no fusion-text-flow\" style=\"--awb-iconcolor:#3374B9;--awb-iconcolor-hover:#3374B9;--awb-font-size:10px;--awb-margin-right:5px;\"><\/i>\nBouteille de tampon de phosphate salin<div class=\"fusion-sep-clear\"><\/div><div class=\"fusion-separator fusion-full-width-sep\" style=\"margin-left: auto;margin-right: auto;width:100%;\"><\/div><div class=\"fusion-sep-clear\"><\/div>\n<i class=\"fb-icon-element-4 fb-icon-element fontawesome-icon fa fa-chevron-circle-right circle-no fusion-text-flow\" style=\"--awb-iconcolor:#3374B9;--awb-iconcolor-hover:#3374B9;--awb-font-size:10px;--awb-margin-right:5px;\"><\/i>\nBouteille d&rsquo;agent d\u00e9naturant<div class=\"fusion-sep-clear\"><\/div><div class=\"fusion-separator fusion-full-width-sep\" style=\"margin-left: auto;margin-right: auto;width:100%;\"><\/div><div class=\"fusion-sep-clear\"><\/div>\n<i class=\"fb-icon-element-5 fb-icon-element fontawesome-icon fa fa-chevron-circle-right circle-no fusion-text-flow\" style=\"--awb-iconcolor:#3374B9;--awb-iconcolor-hover:#3374B9;--awb-font-size:10px;--awb-margin-right:5px;\"><\/i>\nBouteille de solution lysis<div class=\"fusion-sep-clear\"><\/div><div class=\"fusion-separator fusion-full-width-sep\" style=\"margin-left: auto;margin-right: auto;width:100%;\"><\/div><div class=\"fusion-sep-clear\"><\/div>\n<i class=\"fb-icon-element-6 fb-icon-element fontawesome-icon fa fa-chevron-circle-right circle-no fusion-text-flow\" style=\"--awb-iconcolor:#3374B9;--awb-iconcolor-hover:#3374B9;--awb-font-size:10px;--awb-margin-right:5px;\"><\/i>\nBouteille de solution de colorant T-A<div class=\"fusion-sep-clear\"><\/div><div class=\"fusion-separator fusion-full-width-sep\" style=\"margin-left: auto;margin-right: auto;width:100%;\"><\/div><div class=\"fusion-sep-clear\"><\/div>\n<i class=\"fb-icon-element-7 fb-icon-element fontawesome-icon fa fa-chevron-circle-right circle-no fusion-text-flow\" style=\"--awb-iconcolor:#3374B9;--awb-iconcolor-hover:#3374B9;--awb-font-size:10px;--awb-margin-right:5px;\"><\/i>\nBouteille de colorant T-B<\/p>\n<div class=\"fusion-clearfix\"><\/div><\/div><\/div>\n<div class=\"fusion-layout-column fusion_builder_column fusion-builder-column-5 fusion_builder_column_1_2 1_2 fusion-one-half fusion-column-last\" style=\"--awb-bg-size:cover;width:50%;width:calc(50% - ( ( 4% ) * 0.5 ) );\"><div class=\"fusion-column-wrapper fusion-flex-column-wrapper-legacy\">\n<div class=\"fusion-sep-clear\"><\/div><div class=\"fusion-separator fusion-full-width-sep\" style=\"margin-left: auto;margin-right: auto;margin-top:-20px;width:100%;\"><\/div><div class=\"fusion-sep-clear\"><\/div>\n<h3 data-lineheight=\"24\" data-fontsize=\"16\">Informations suppl\u00e9mentaires :<\/h3>\n<div class=\"table-1\">\n<table width=\"100%\">\n<tbody>\n<tr>\n<td>Kit pour 20 analyses<\/td>\n<\/tr>\n<tr>\n<td>R\u00e9f\u00e9rence : GC-SCD-20<\/td>\n<\/tr>\n<tr>\n<td>Catalogue: <a title=\"T\u00e9l\u00e9charger le protocole\" href=\"https:\/\/www.micropticsl.com\/wp-content\/uploads\/2019\/03\/sca_scope_disposables_catalog_english.pdf\" target=\"_blank\" rel=\"noopener noreferrer\">T\u00e9l\u00e9charger le catalogue<\/a> <img class=\"lazyload\" decoding=\"async\" style=\"margin: 6px 6px 0px;\" src=\"data:image\/svg+xml,%3Csvg%20xmlns%3D%27http%3A%2F%2Fwww.w3.org%2F2000%2Fsvg%27%20width%3D%2715%27%20height%3D%279%27%20viewBox%3D%270%200%2015%209%27%3E%3Crect%20width%3D%2715%27%20height%3D%279%27%20fill-opacity%3D%220%22%2F%3E%3C%2Fsvg%3E\" data-orig-src=\"https:\/\/www.micropticsl.com\/wp-content\/uploads\/2013\/09\/pdf_thumbnail.png\" alt=\"pdf_thumbnail\" width=\"15\" height=\"9\" \/><\/td>\n<\/tr>\n<tr>\n<td>Protocole:<br \/>\n<a title=\"Protocole GoldCyto DNA (20 analyses)\" href=\"https:\/\/www.micropticsl.com\/wp-content\/uploads\/2022\/04\/goldcyto_dna_20_protocol_french.pdf\" target=\"_blank\" rel=\"noopener noreferrer\">T\u00e9l\u00e9charger le protocole<\/a> <img class=\"lazyload\" decoding=\"async\" style=\"margin: 6px 6px 0px;\" src=\"data:image\/svg+xml,%3Csvg%20xmlns%3D%27http%3A%2F%2Fwww.w3.org%2F2000%2Fsvg%27%20width%3D%2715%27%20height%3D%279%27%20viewBox%3D%270%200%2015%209%27%3E%3Crect%20width%3D%2715%27%20height%3D%279%27%20fill-opacity%3D%220%22%2F%3E%3C%2Fsvg%3E\" data-orig-src=\"https:\/\/www.micropticsl.com\/wp-content\/uploads\/2013\/09\/pdf_thumbnail.png\" alt=\"pdf_thumbnail\" width=\"15\" height=\"9\" \/><br \/>\n<a title=\"Protocole GoldCyto DNA pour animal (20 analyses)\" href=\"https:\/\/www.micropticsl.com\/wp-content\/uploads\/2021\/02\/goldcyto_dna_20_for_animals_protocol.pdf\" target=\"_blank\" rel=\"noopener noreferrer\">T\u00e9l\u00e9charger le protocole pour animal<\/a> <img class=\"lazyload\" decoding=\"async\" style=\"margin: 6px 6px 0px;\" src=\"data:image\/svg+xml,%3Csvg%20xmlns%3D%27http%3A%2F%2Fwww.w3.org%2F2000%2Fsvg%27%20width%3D%2715%27%20height%3D%279%27%20viewBox%3D%270%200%2015%209%27%3E%3Crect%20width%3D%2715%27%20height%3D%279%27%20fill-opacity%3D%220%22%2F%3E%3C%2Fsvg%3E\" data-orig-src=\"https:\/\/www.micropticsl.com\/wp-content\/uploads\/2013\/09\/pdf_thumbnail.png\" alt=\"pdf_thumbnail\" width=\"15\" height=\"9\" \/><\/td>\n<\/tr>\n<tr>\n<td><a href=\"https:\/\/www.youtube.com\/watch?v=31r8JPmYc0c\" target=\"_blank\" rel=\"noopener noreferrer\">Voir tutoriel GoldCyto DNA<\/a> <img class=\"lazyload\" decoding=\"async\" style=\"margin: 6px 6px 0px;\" src=\"data:image\/svg+xml,%3Csvg%20xmlns%3D%27http%3A%2F%2Fwww.w3.org%2F2000%2Fsvg%27%20width%3D%2737%27%20height%3D%279%27%20viewBox%3D%270%200%2037%209%27%3E%3Crect%20width%3D%2737%27%20height%3D%279%27%20fill-opacity%3D%220%22%2F%3E%3C%2Fsvg%3E\" data-orig-src=\"https:\/\/www.micropticsl.com\/wp-content\/uploads\/2019\/07\/icon_youtube_small.png\" alt=\"YouTube\" width=\"37\" height=\"9\" \/><\/td>\n<\/tr>\n<\/tbody>\n<\/table>\n<\/div>\n<div class=\"fusion-clearfix\"><\/div><\/div><\/div>\n<\/div>\n<p><\/div>\n","protected":false},"excerpt":{"rendered":"","protected":false},"author":1,"featured_media":28426,"parent":8489,"menu_order":0,"comment_status":"closed","ping_status":"closed","template":"","meta":{"footnotes":""},"class_list":["post-8491","page","type-page","status-publish","has-post-thumbnail","hentry"],"yoast_head":"<!-- This site is optimized with the Yoast SEO plugin v24.8 - https:\/\/yoast.com\/wordpress\/plugins\/seo\/ -->\n<title>GoldCyto DNA - HT CASA<\/title>\n<meta name=\"robots\" content=\"index, follow, max-snippet:-1, max-image-preview:large, max-video-preview:-1\" \/>\n<link rel=\"canonical\" href=\"https:\/\/www.micropticsl.com\/fr\/produits\/consommables\/fragmentation-adn\/goldcyto-dna\/\" \/>\n<meta property=\"og:locale\" content=\"fr_FR\" \/>\n<meta property=\"og:type\" content=\"article\" \/>\n<meta property=\"og:title\" content=\"GoldCyto DNA - HT CASA\" \/>\n<meta property=\"og:url\" content=\"https:\/\/www.micropticsl.com\/fr\/produits\/consommables\/fragmentation-adn\/goldcyto-dna\/\" \/>\n<meta property=\"og:site_name\" content=\"HT CASA\" \/>\n<meta property=\"article:publisher\" content=\"https:\/\/www.facebook.com\/HamiltonThorneInc\" \/>\n<meta property=\"article:modified_time\" content=\"2025-04-30T10:13:52+00:00\" \/>\n<meta property=\"og:image\" content=\"https:\/\/www.micropticsl.com\/wp-content\/uploads\/2017\/04\/featured_disposables.png\" \/>\n\t<meta property=\"og:image:width\" content=\"300\" \/>\n\t<meta property=\"og:image:height\" content=\"200\" \/>\n\t<meta property=\"og:image:type\" content=\"image\/png\" \/>\n<meta name=\"twitter:card\" content=\"summary_large_image\" \/>\n<meta name=\"twitter:site\" content=\"@HamiltonThorne\" \/>\n<meta name=\"twitter:label1\" content=\"Dur\u00e9e de lecture estim\u00e9e\" \/>\n\t<meta name=\"twitter:data1\" content=\"3 minutes\" \/>\n<script type=\"application\/ld+json\" class=\"yoast-schema-graph\">{\"@context\":\"https:\/\/schema.org\",\"@graph\":[{\"@type\":\"WebPage\",\"@id\":\"https:\/\/www.micropticsl.com\/fr\/produits\/consommables\/fragmentation-adn\/goldcyto-dna\/\",\"url\":\"https:\/\/www.micropticsl.com\/fr\/produits\/consommables\/fragmentation-adn\/goldcyto-dna\/\",\"name\":\"GoldCyto DNA - HT CASA\",\"isPartOf\":{\"@id\":\"https:\/\/www.micropticsl.com\/#website\"},\"primaryImageOfPage\":{\"@id\":\"https:\/\/www.micropticsl.com\/fr\/produits\/consommables\/fragmentation-adn\/goldcyto-dna\/#primaryimage\"},\"image\":{\"@id\":\"https:\/\/www.micropticsl.com\/fr\/produits\/consommables\/fragmentation-adn\/goldcyto-dna\/#primaryimage\"},\"thumbnailUrl\":\"https:\/\/www.micropticsl.com\/wp-content\/uploads\/2017\/04\/featured_disposables.png\",\"datePublished\":\"2014-04-15T08:55:07+00:00\",\"dateModified\":\"2025-04-30T10:13:52+00:00\",\"breadcrumb\":{\"@id\":\"https:\/\/www.micropticsl.com\/fr\/produits\/consommables\/fragmentation-adn\/goldcyto-dna\/#breadcrumb\"},\"inLanguage\":\"fr-FR\",\"potentialAction\":[{\"@type\":\"ReadAction\",\"target\":[\"https:\/\/www.micropticsl.com\/fr\/produits\/consommables\/fragmentation-adn\/goldcyto-dna\/\"]}]},{\"@type\":\"ImageObject\",\"inLanguage\":\"fr-FR\",\"@id\":\"https:\/\/www.micropticsl.com\/fr\/produits\/consommables\/fragmentation-adn\/goldcyto-dna\/#primaryimage\",\"url\":\"https:\/\/www.micropticsl.com\/wp-content\/uploads\/2017\/04\/featured_disposables.png\",\"contentUrl\":\"https:\/\/www.micropticsl.com\/wp-content\/uploads\/2017\/04\/featured_disposables.png\",\"width\":300,\"height\":200},{\"@type\":\"BreadcrumbList\",\"@id\":\"https:\/\/www.micropticsl.com\/fr\/produits\/consommables\/fragmentation-adn\/goldcyto-dna\/#breadcrumb\",\"itemListElement\":[{\"@type\":\"ListItem\",\"position\":1,\"name\":\"Home\",\"item\":\"https:\/\/www.micropticsl.com\/fr\/\"},{\"@type\":\"ListItem\",\"position\":2,\"name\":\"Produits et services\",\"item\":\"https:\/\/www.micropticsl.com\/fr\/produits\/\"},{\"@type\":\"ListItem\",\"position\":3,\"name\":\"Consommables\",\"item\":\"https:\/\/www.micropticsl.com\/fr\/produits\/consommables\/\"},{\"@type\":\"ListItem\",\"position\":4,\"name\":\"Fragmentation d\u2019ADN\",\"item\":\"https:\/\/www.micropticsl.com\/fr\/produits\/consommables\/fragmentation-adn\/\"},{\"@type\":\"ListItem\",\"position\":5,\"name\":\"GoldCyto DNA\"}]},{\"@type\":\"WebSite\",\"@id\":\"https:\/\/www.micropticsl.com\/#website\",\"url\":\"https:\/\/www.micropticsl.com\/\",\"name\":\"HT CASA\",\"description\":\"Votre partenaire en analyse de sperme\",\"publisher\":{\"@id\":\"https:\/\/www.micropticsl.com\/#organization\"},\"potentialAction\":[{\"@type\":\"SearchAction\",\"target\":{\"@type\":\"EntryPoint\",\"urlTemplate\":\"https:\/\/www.micropticsl.com\/?s={search_term_string}\"},\"query-input\":{\"@type\":\"PropertyValueSpecification\",\"valueRequired\":true,\"valueName\":\"search_term_string\"}}],\"inLanguage\":\"fr-FR\"},{\"@type\":\"Organization\",\"@id\":\"https:\/\/www.micropticsl.com\/#organization\",\"name\":\"HT CASA\",\"alternateName\":\"HT\",\"url\":\"https:\/\/www.micropticsl.com\/\",\"logo\":{\"@type\":\"ImageObject\",\"inLanguage\":\"fr-FR\",\"@id\":\"https:\/\/www.micropticsl.com\/#\/schema\/logo\/image\/\",\"url\":\"https:\/\/www.micropticsl.com\/wp-content\/uploads\/2024\/06\/ht_casa_logo_header_retina.png\",\"contentUrl\":\"https:\/\/www.micropticsl.com\/wp-content\/uploads\/2024\/06\/ht_casa_logo_header_retina.png\",\"width\":330,\"height\":180,\"caption\":\"HT CASA\"},\"image\":{\"@id\":\"https:\/\/www.micropticsl.com\/#\/schema\/logo\/image\/\"},\"sameAs\":[\"https:\/\/www.facebook.com\/HamiltonThorneInc\",\"https:\/\/x.com\/HamiltonThorne\",\"https:\/\/www.linkedin.com\/company\/hamilton-thorne-inc\",\"https:\/\/www.instagram.com\/hamiltonthorneinc\",\"https:\/\/www.youtube.com\/channel\/UCN1OlgxbXjMQXhIbILplq5A\"]}]}<\/script>\n<!-- \/ Yoast SEO plugin. -->","yoast_head_json":{"title":"GoldCyto DNA - HT CASA","robots":{"index":"index","follow":"follow","max-snippet":"max-snippet:-1","max-image-preview":"max-image-preview:large","max-video-preview":"max-video-preview:-1"},"canonical":"https:\/\/www.micropticsl.com\/fr\/produits\/consommables\/fragmentation-adn\/goldcyto-dna\/","og_locale":"fr_FR","og_type":"article","og_title":"GoldCyto DNA - HT CASA","og_url":"https:\/\/www.micropticsl.com\/fr\/produits\/consommables\/fragmentation-adn\/goldcyto-dna\/","og_site_name":"HT CASA","article_publisher":"https:\/\/www.facebook.com\/HamiltonThorneInc","article_modified_time":"2025-04-30T10:13:52+00:00","og_image":[{"width":300,"height":200,"url":"https:\/\/www.micropticsl.com\/wp-content\/uploads\/2017\/04\/featured_disposables.png","type":"image\/png"}],"twitter_card":"summary_large_image","twitter_site":"@HamiltonThorne","twitter_misc":{"Dur\u00e9e de lecture estim\u00e9e":"3 minutes"},"schema":{"@context":"https:\/\/schema.org","@graph":[{"@type":"WebPage","@id":"https:\/\/www.micropticsl.com\/fr\/produits\/consommables\/fragmentation-adn\/goldcyto-dna\/","url":"https:\/\/www.micropticsl.com\/fr\/produits\/consommables\/fragmentation-adn\/goldcyto-dna\/","name":"GoldCyto DNA - HT CASA","isPartOf":{"@id":"https:\/\/www.micropticsl.com\/#website"},"primaryImageOfPage":{"@id":"https:\/\/www.micropticsl.com\/fr\/produits\/consommables\/fragmentation-adn\/goldcyto-dna\/#primaryimage"},"image":{"@id":"https:\/\/www.micropticsl.com\/fr\/produits\/consommables\/fragmentation-adn\/goldcyto-dna\/#primaryimage"},"thumbnailUrl":"https:\/\/www.micropticsl.com\/wp-content\/uploads\/2017\/04\/featured_disposables.png","datePublished":"2014-04-15T08:55:07+00:00","dateModified":"2025-04-30T10:13:52+00:00","breadcrumb":{"@id":"https:\/\/www.micropticsl.com\/fr\/produits\/consommables\/fragmentation-adn\/goldcyto-dna\/#breadcrumb"},"inLanguage":"fr-FR","potentialAction":[{"@type":"ReadAction","target":["https:\/\/www.micropticsl.com\/fr\/produits\/consommables\/fragmentation-adn\/goldcyto-dna\/"]}]},{"@type":"ImageObject","inLanguage":"fr-FR","@id":"https:\/\/www.micropticsl.com\/fr\/produits\/consommables\/fragmentation-adn\/goldcyto-dna\/#primaryimage","url":"https:\/\/www.micropticsl.com\/wp-content\/uploads\/2017\/04\/featured_disposables.png","contentUrl":"https:\/\/www.micropticsl.com\/wp-content\/uploads\/2017\/04\/featured_disposables.png","width":300,"height":200},{"@type":"BreadcrumbList","@id":"https:\/\/www.micropticsl.com\/fr\/produits\/consommables\/fragmentation-adn\/goldcyto-dna\/#breadcrumb","itemListElement":[{"@type":"ListItem","position":1,"name":"Home","item":"https:\/\/www.micropticsl.com\/fr\/"},{"@type":"ListItem","position":2,"name":"Produits et services","item":"https:\/\/www.micropticsl.com\/fr\/produits\/"},{"@type":"ListItem","position":3,"name":"Consommables","item":"https:\/\/www.micropticsl.com\/fr\/produits\/consommables\/"},{"@type":"ListItem","position":4,"name":"Fragmentation d\u2019ADN","item":"https:\/\/www.micropticsl.com\/fr\/produits\/consommables\/fragmentation-adn\/"},{"@type":"ListItem","position":5,"name":"GoldCyto DNA"}]},{"@type":"WebSite","@id":"https:\/\/www.micropticsl.com\/#website","url":"https:\/\/www.micropticsl.com\/","name":"HT CASA","description":"Votre partenaire en analyse de sperme","publisher":{"@id":"https:\/\/www.micropticsl.com\/#organization"},"potentialAction":[{"@type":"SearchAction","target":{"@type":"EntryPoint","urlTemplate":"https:\/\/www.micropticsl.com\/?s={search_term_string}"},"query-input":{"@type":"PropertyValueSpecification","valueRequired":true,"valueName":"search_term_string"}}],"inLanguage":"fr-FR"},{"@type":"Organization","@id":"https:\/\/www.micropticsl.com\/#organization","name":"HT CASA","alternateName":"HT","url":"https:\/\/www.micropticsl.com\/","logo":{"@type":"ImageObject","inLanguage":"fr-FR","@id":"https:\/\/www.micropticsl.com\/#\/schema\/logo\/image\/","url":"https:\/\/www.micropticsl.com\/wp-content\/uploads\/2024\/06\/ht_casa_logo_header_retina.png","contentUrl":"https:\/\/www.micropticsl.com\/wp-content\/uploads\/2024\/06\/ht_casa_logo_header_retina.png","width":330,"height":180,"caption":"HT CASA"},"image":{"@id":"https:\/\/www.micropticsl.com\/#\/schema\/logo\/image\/"},"sameAs":["https:\/\/www.facebook.com\/HamiltonThorneInc","https:\/\/x.com\/HamiltonThorne","https:\/\/www.linkedin.com\/company\/hamilton-thorne-inc","https:\/\/www.instagram.com\/hamiltonthorneinc","https:\/\/www.youtube.com\/channel\/UCN1OlgxbXjMQXhIbILplq5A"]}]}},"_links":{"self":[{"href":"https:\/\/www.micropticsl.com\/fr\/wp-json\/wp\/v2\/pages\/8491","targetHints":{"allow":["GET"]}}],"collection":[{"href":"https:\/\/www.micropticsl.com\/fr\/wp-json\/wp\/v2\/pages"}],"about":[{"href":"https:\/\/www.micropticsl.com\/fr\/wp-json\/wp\/v2\/types\/page"}],"author":[{"embeddable":true,"href":"https:\/\/www.micropticsl.com\/fr\/wp-json\/wp\/v2\/users\/1"}],"replies":[{"embeddable":true,"href":"https:\/\/www.micropticsl.com\/fr\/wp-json\/wp\/v2\/comments?post=8491"}],"version-history":[{"count":0,"href":"https:\/\/www.micropticsl.com\/fr\/wp-json\/wp\/v2\/pages\/8491\/revisions"}],"up":[{"embeddable":true,"href":"https:\/\/www.micropticsl.com\/fr\/wp-json\/wp\/v2\/pages\/8489"}],"wp:featuredmedia":[{"embeddable":true,"href":"https:\/\/www.micropticsl.com\/fr\/wp-json\/wp\/v2\/media\/28426"}],"wp:attachment":[{"href":"https:\/\/www.micropticsl.com\/fr\/wp-json\/wp\/v2\/media?parent=8491"}],"curies":[{"name":"wp","href":"https:\/\/api.w.org\/{rel}","templated":true}]}}