{"id":8498,"date":"2014-04-15T09:57:31","date_gmt":"2014-04-15T08:57:31","guid":{"rendered":"https:\/\/www.micropticsl.com\/?page_id=8498"},"modified":"2024-07-08T08:34:14","modified_gmt":"2024-07-08T06:34:14","slug":"diff-quik","status":"publish","type":"page","link":"https:\/\/www.micropticsl.com\/fr\/produits\/consommables\/morphologie\/diff-quik\/","title":{"rendered":"Diff-Quik\u2122"},"content":{"rendered":"<div class=\"fusion-fullwidth fullwidth-box fusion-builder-row-1 hundred-percent-fullwidth non-hundred-percent-height-scrolling\" style=\"--awb-border-radius-top-left:0px;--awb-border-radius-top-right:0px;--awb-border-radius-bottom-right:0px;--awb-border-radius-bottom-left:0px;--awb-overflow:visible;--awb-flex-wrap:wrap;\" ><\/p>\n<div class=\"fusion-builder-row fusion-row\">\n<div class=\"fusion-layout-column fusion_builder_column fusion-builder-column-0 fusion_builder_column_1_1 1_1 fusion-one-full fusion-column-first fusion-column-last\" style=\"--awb-bg-size:cover;\"><div class=\"fusion-column-wrapper fusion-flex-column-wrapper-legacy\">\n<h2><div class=\"fusion-title title fusion-title-1 fusion-title-text fusion-title-size-two\"><h2 class=\"fusion-title-heading title-heading-left\" style=\"margin:0;\">Colorant Diff-Quik\u2122 pour l\u2019analyse de la morphologie des spermatozo\u00efdes<\/h2><span class=\"awb-title-spacer\"><\/span><div class=\"title-sep-container\"><div class=\"title-sep sep-double sep-solid\" style=\"border-color:#e0dede;\"><\/div><\/div><\/div><\/h2>\n<div class=\"fusion-clearfix\"><\/div><\/div><\/div>\n<div class=\"fusion-layout-column fusion_builder_column fusion-builder-column-1 fusion_builder_column_1_2 1_2 fusion-one-half fusion-column-first\" style=\"--awb-bg-size:cover;width:50%;width:calc(50% - ( ( 4% ) * 0.5 ) );margin-right: 4%;\"><div class=\"fusion-column-wrapper fusion-flex-column-wrapper-legacy\">\n<div class=\"fusion-image-element fusion-image-align-center in-legacy-container\" style=\"text-align:center;--awb-caption-title-font-family:var(--h2_typography-font-family);--awb-caption-title-font-weight:var(--h2_typography-font-weight);--awb-caption-title-font-style:var(--h2_typography-font-style);--awb-caption-title-size:var(--h2_typography-font-size);--awb-caption-title-transform:var(--h2_typography-text-transform);--awb-caption-title-line-height:var(--h2_typography-line-height);--awb-caption-title-letter-spacing:var(--h2_typography-letter-spacing);\"><div class=\"imageframe-align-center\"><span class=\" fusion-imageframe imageframe-dropshadow imageframe-1 hover-type-zoomin\" style=\"-webkit-box-shadow: 3px 3px 7px rgba(0,0,0,0.3);box-shadow: 3px 3px 7px rgba(0,0,0,0.3);\"><a href=\"https:\/\/www.micropticsl.com\/wp-content\/uploads\/2014\/04\/disposables_new_diff_quik.png\" class=\"fusion-lightbox\" data-rel=\"iLightbox[20b6e31791eae77c876]\" data-title=\"disposables_new_diff_quik\" title=\"disposables_new_diff_quik_thumb\"><img decoding=\"async\" width=\"320\" height=\"180\" alt=\"Diff-Quik\u2122 stain for sperm morphology analysis\" src=\"https:\/\/www.micropticsl.com\/wp-content\/uploads\/2014\/04\/disposables_new_diff_quik_thumb.png\" data-orig-src=\"https:\/\/www.micropticsl.com\/wp-content\/uploads\/2014\/04\/disposables_new_diff_quik_thumb.png\" class=\"lazyload img-responsive wp-image-19334\" srcset=\"data:image\/svg+xml,%3Csvg%20xmlns%3D%27http%3A%2F%2Fwww.w3.org%2F2000%2Fsvg%27%20width%3D%27320%27%20height%3D%27180%27%20viewBox%3D%270%200%20320%20180%27%3E%3Crect%20width%3D%27320%27%20height%3D%27180%27%20fill-opacity%3D%220%22%2F%3E%3C%2Fsvg%3E\" data-srcset=\"https:\/\/www.micropticsl.com\/wp-content\/uploads\/2014\/04\/disposables_new_diff_quik_thumb-200x113.png 200w, https:\/\/www.micropticsl.com\/wp-content\/uploads\/2014\/04\/disposables_new_diff_quik_thumb.png 320w\" data-sizes=\"auto\" data-orig-sizes=\"(max-width: 800px) 100vw, 320px\" \/><\/a><\/span><\/div><\/div>\n<div class=\"fusion-sep-clear\"><\/div><div class=\"fusion-separator fusion-full-width-sep\" style=\"margin-left: auto;margin-right: auto;margin-top:20px;width:100%;\"><\/div><div class=\"fusion-sep-clear\"><\/div>\n<p style=\"text-align: center;\"><em><em><em>Cliquez sur l\u2019image pour l\u2019agrandir<\/em><\/em><\/em><\/p>\n<div class=\"fusion-clearfix\"><\/div><\/div><\/div>\n<div class=\"fusion-layout-column fusion_builder_column fusion-builder-column-2 fusion_builder_column_1_2 1_2 fusion-one-half fusion-column-last\" style=\"--awb-bg-size:cover;width:50%;width:calc(50% - ( ( 4% ) * 0.5 ) );\"><div class=\"fusion-column-wrapper fusion-flex-column-wrapper-legacy\">\n<p>La coloration <strong>Diff-Quik\u2122<\/strong> contient des solutions pour une <strong>coloration rapide<\/strong> des \u00e9chantillons de spermes pour l\u2019analyse de la morphologie des spermatozo\u00efdes. Par de <strong>br\u00e8ves immersions<\/strong> cons\u00e9cutives dans les solutions, les \u00e9chantillons, pr\u00e9alablement s\u00e9ch\u00e9s \u00e0 l&rsquo;air, sont fix\u00e9s et color\u00e9es en <strong>seulement 15 secondes<\/strong>.<\/p>\n<p>En faisant varier le <strong>nombre d&rsquo;immersions<\/strong> dans les solutions de coloration, les \u00e9chantillons peuvent facilement obtenir <strong>diff\u00e9rents degr\u00e9s<\/strong> d\u2019intensit\u00e9 de coloration.<\/p>\n<div class=\"fusion-table table-1\">\n<table width=\"100%\">\n<tbody>\n<tr>\n<td><em><strong>RAL Diagnostics<\/strong> et <strong>Siemens Healthineers<\/strong> ont sign\u00e9 un accord pour commercialiser une nouvelle offre de colorant de contraste rapide de nouvelle g\u00e9n\u00e9ration : le <strong>RAL DIFF-QUIK\u2122<\/strong>.<div class=\"fusion-sep-clear\"><\/div><div class=\"fusion-separator fusion-full-width-sep\" style=\"margin-left: auto;margin-right: auto;margin-top:0px;margin-bottom:5px;width:100%;\"><\/div><div class=\"fusion-sep-clear\"><\/div>\n<\/em><em><strong>RAL DIFF-QUIK\u2122<\/strong> remplace le produit pr\u00e9c\u00e9demment commercialis\u00e9 sous le nom de <strong>Siemens Diff-Quik\u2122<\/strong> set<strong>.<\/strong><\/em><\/td>\n<\/tr>\n<\/tbody>\n<\/table>\n<\/div>\n<div class=\"fusion-sep-clear\"><\/div><div class=\"fusion-separator fusion-full-width-sep\" style=\"margin-left: auto;margin-right: auto;margin-top:6px;margin-bottom:10px;width:100%;\"><\/div><div class=\"fusion-sep-clear\"><\/div>\n<p>Pour plus d\u2019informations:<\/p>\n<div class=\"fusion-button-wrapper\"><a class=\"fusion-button button-flat button-large button-default fusion-button-default button-1 fusion-button-default-span fusion-button-default-type\" target=\"_self\" goog_report_conversion(&#039;https:\/\/www.micropticsl.com\/es\/?p=\"8255&#039;)\" href=\"https:\/\/www.micropticsl.com\/fr\/?p=8255\"><span class=\"fusion-button-text\">Demande d\u2019informations<\/span><\/a><\/div>\n<div class=\"fusion-clearfix\"><\/div><\/div><\/div>\n<div class=\"fusion-layout-column fusion_builder_column fusion-builder-column-3 fusion_builder_column_1_1 1_1 fusion-one-full fusion-column-first fusion-column-last\" style=\"--awb-bg-size:cover;\"><div class=\"fusion-column-wrapper fusion-flex-column-wrapper-legacy\">\n<div class=\"fusion-sep-clear\"><\/div><div class=\"fusion-separator fusion-full-width-sep\" style=\"margin-left: auto;margin-right: auto;margin-top:40px;margin-bottom:40px;width:100%;\"><div class=\"fusion-separator-border sep-single sep-solid\" style=\"--awb-height:20px;--awb-amount:20px;border-color:#e0dede;border-top-width:1px;\"><\/div><\/div><div class=\"fusion-sep-clear\"><\/div>\n<div class=\"fusion-clearfix\"><\/div><\/div><\/div>\n<div class=\"fusion-layout-column fusion_builder_column fusion-builder-column-4 fusion_builder_column_1_2 1_2 fusion-one-half fusion-column-first\" style=\"--awb-bg-size:cover;width:50%;width:calc(50% - ( ( 4% ) * 0.5 ) );margin-right: 4%;\"><div class=\"fusion-column-wrapper fusion-flex-column-wrapper-legacy\">\n<h3>R\u00e9actifs:<\/h3>\n<i class=\"fb-icon-element-1 fb-icon-element fontawesome-icon fa fa-chevron-circle-right circle-no fusion-text-flow\" style=\"--awb-iconcolor:#3374B9;--awb-iconcolor-hover:#3374B9;--awb-font-size:10px;--awb-margin-right:5px;\"><\/i>\n<strong>Diff-Quik\u2122 Fixative<\/strong>: Solution de fixation (1 x 500 ml.)<br \/>\nLa solution fixative est une solution \u00e0 base de m\u00e9thanol pour stabiliser les composants cellulaires.<\/p>\n<i class=\"fb-icon-element-2 fb-icon-element fontawesome-icon fa fa-chevron-circle-right circle-no fusion-text-flow\" style=\"--awb-iconcolor:#3374B9;--awb-iconcolor-hover:#3374B9;--awb-font-size:10px;--awb-margin-right:5px;\"><\/i>\n<strong>Diff-Quik\u2122 I<\/strong>: solution de coloration I (1 x 500 ml.)<br \/>\nLa premi\u00e8re solution colorante est une solution tamponn\u00e9e \u00e0 base de Eosine Y (un colorant anionique).<\/p>\n<i class=\"fb-icon-element-3 fb-icon-element fontawesome-icon fa fa-chevron-circle-right circle-no fusion-text-flow\" style=\"--awb-iconcolor:#3374B9;--awb-iconcolor-hover:#3374B9;--awb-font-size:10px;--awb-margin-right:5px;\"><\/i>\n<strong>Diff-Quik\u2122 II<\/strong>: Solution de coloration II ( 1 x 500 ml)<br \/>\nLa deuxi\u00e8me solution colorante est une solution tamponn\u00e9e \u00e0 base de colorants thiazines (colorants cationiques) se composant de m\u00e9thyl\u00e8ne bleu et azur A.<\/p>\n<div class=\"fusion-clearfix\"><\/div><\/div><\/div>\n<div class=\"fusion-layout-column fusion_builder_column fusion-builder-column-5 fusion_builder_column_1_2 1_2 fusion-one-half fusion-column-last\" style=\"--awb-bg-size:cover;width:50%;width:calc(50% - ( ( 4% ) * 0.5 ) );\"><div class=\"fusion-column-wrapper fusion-flex-column-wrapper-legacy\">\n<h3 class=\"title-heading-left\" data-lineheight=\"24\" data-fontsize=\"16\">Informations suppl\u00e9mentaires:<\/h3>\n<div class=\"table-1\">\n<table width=\"100%\">\n<tbody>\n<tr>\n<td>R\u00e9f\u00e9rence: DQ-ST<\/td>\n<\/tr>\n<tr>\n<td>Volume: 3\u00d7500 ml<\/td>\n<\/tr>\n<tr>\n<td>Catalogue: <a title=\"Diff-Quik\u2122 catalogue\" href=\"https:\/\/www.micropticsl.com\/wp-content\/uploads\/2013\/09\/microptic_disposables_catalog_english.pdf\" target=\"_blank\" rel=\"noopener\">T\u00e9l\u00e9charger le catalogue<\/a> <img class=\"lazyload\" decoding=\"async\" style=\"margin: 6px 6px 0px;\" src=\"data:image\/svg+xml,%3Csvg%20xmlns%3D%27http%3A%2F%2Fwww.w3.org%2F2000%2Fsvg%27%20width%3D%2715%27%20height%3D%279%27%20viewBox%3D%270%200%2015%209%27%3E%3Crect%20width%3D%2715%27%20height%3D%279%27%20fill-opacity%3D%220%22%2F%3E%3C%2Fsvg%3E\" data-orig-src=\"https:\/\/www.micropticsl.com\/wp-content\/uploads\/2013\/09\/pdf_thumbnail.png\" alt=\"pdf_thumbnail\" width=\"15\" height=\"9\" \/><\/td>\n<\/tr>\n<tr>\n<td>Protocole: <a title=\"Diff-Quik\u2122 protocol\" href=\"https:\/\/www.micropticsl.com\/wp-content\/uploads\/2021\/02\/diffquik_protocol_french.pdf\" target=\"_blank\" rel=\"noopener\">T\u00e9l\u00e9charger le protocole<\/a> <img class=\"lazyload\" decoding=\"async\" style=\"margin: 6px 6px 0px;\" src=\"data:image\/svg+xml,%3Csvg%20xmlns%3D%27http%3A%2F%2Fwww.w3.org%2F2000%2Fsvg%27%20width%3D%2715%27%20height%3D%279%27%20viewBox%3D%270%200%2015%209%27%3E%3Crect%20width%3D%2715%27%20height%3D%279%27%20fill-opacity%3D%220%22%2F%3E%3C%2Fsvg%3E\" data-orig-src=\"https:\/\/www.micropticsl.com\/wp-content\/uploads\/2013\/09\/pdf_thumbnail.png\" alt=\"pdf_thumbnail\" width=\"15\" height=\"9\" \/><\/td>\n<\/tr>\n<\/tbody>\n<\/table>\n<\/div>\n<div class=\"fusion-clearfix\"><\/div><\/div><\/div>\n<\/div>\n<p><\/div>\n","protected":false},"excerpt":{"rendered":"","protected":false},"author":1,"featured_media":28426,"parent":8496,"menu_order":0,"comment_status":"closed","ping_status":"closed","template":"","meta":{"footnotes":""},"class_list":["post-8498","page","type-page","status-publish","has-post-thumbnail","hentry"],"yoast_head":"<!-- This site is optimized with the Yoast SEO plugin v24.8 - https:\/\/yoast.com\/wordpress\/plugins\/seo\/ -->\n<title>Diff-Quik\u2122 stain for sperm morphology analysis - HT CASA<\/title>\n<meta name=\"description\" content=\"Original Diff-Quik\u2122 staining set for sperm morphology analysis with the Sperm Class Analyzer CASA System (SCA). Manufactured by Medion Diagnostics.\" \/>\n<meta name=\"robots\" content=\"index, follow, max-snippet:-1, max-image-preview:large, max-video-preview:-1\" \/>\n<link rel=\"canonical\" href=\"https:\/\/www.micropticsl.com\/fr\/produits\/consommables\/morphologie\/diff-quik\/\" \/>\n<meta property=\"og:locale\" content=\"fr_FR\" \/>\n<meta property=\"og:type\" content=\"article\" \/>\n<meta property=\"og:title\" content=\"Diff-Quik\u2122 stain for sperm morphology analysis - HT CASA\" \/>\n<meta property=\"og:description\" content=\"Original Diff-Quik\u2122 staining set for sperm morphology analysis with the Sperm Class Analyzer CASA System (SCA). Manufactured by Medion Diagnostics.\" \/>\n<meta property=\"og:url\" content=\"https:\/\/www.micropticsl.com\/fr\/produits\/consommables\/morphologie\/diff-quik\/\" \/>\n<meta property=\"og:site_name\" content=\"HT CASA\" \/>\n<meta property=\"article:publisher\" content=\"https:\/\/www.facebook.com\/HamiltonThorneInc\" \/>\n<meta property=\"article:modified_time\" content=\"2024-07-08T06:34:14+00:00\" \/>\n<meta property=\"og:image\" content=\"https:\/\/www.micropticsl.com\/wp-content\/uploads\/2017\/04\/featured_disposables.png\" \/>\n\t<meta property=\"og:image:width\" content=\"300\" \/>\n\t<meta property=\"og:image:height\" content=\"200\" \/>\n\t<meta property=\"og:image:type\" content=\"image\/png\" \/>\n<meta name=\"twitter:card\" content=\"summary_large_image\" \/>\n<meta name=\"twitter:site\" content=\"@HamiltonThorne\" \/>\n<meta name=\"twitter:label1\" content=\"Dur\u00e9e de lecture estim\u00e9e\" \/>\n\t<meta name=\"twitter:data1\" content=\"2 minutes\" \/>\n<script type=\"application\/ld+json\" class=\"yoast-schema-graph\">{\"@context\":\"https:\/\/schema.org\",\"@graph\":[{\"@type\":\"WebPage\",\"@id\":\"https:\/\/www.micropticsl.com\/fr\/produits\/consommables\/morphologie\/diff-quik\/\",\"url\":\"https:\/\/www.micropticsl.com\/fr\/produits\/consommables\/morphologie\/diff-quik\/\",\"name\":\"Diff-Quik\u2122 stain for sperm morphology analysis - HT CASA\",\"isPartOf\":{\"@id\":\"https:\/\/www.micropticsl.com\/#website\"},\"primaryImageOfPage\":{\"@id\":\"https:\/\/www.micropticsl.com\/fr\/produits\/consommables\/morphologie\/diff-quik\/#primaryimage\"},\"image\":{\"@id\":\"https:\/\/www.micropticsl.com\/fr\/produits\/consommables\/morphologie\/diff-quik\/#primaryimage\"},\"thumbnailUrl\":\"https:\/\/www.micropticsl.com\/wp-content\/uploads\/2017\/04\/featured_disposables.png\",\"datePublished\":\"2014-04-15T08:57:31+00:00\",\"dateModified\":\"2024-07-08T06:34:14+00:00\",\"description\":\"Original Diff-Quik\u2122 staining set for sperm morphology analysis with the Sperm Class Analyzer CASA System (SCA). Manufactured by Medion Diagnostics.\",\"breadcrumb\":{\"@id\":\"https:\/\/www.micropticsl.com\/fr\/produits\/consommables\/morphologie\/diff-quik\/#breadcrumb\"},\"inLanguage\":\"fr-FR\",\"potentialAction\":[{\"@type\":\"ReadAction\",\"target\":[\"https:\/\/www.micropticsl.com\/fr\/produits\/consommables\/morphologie\/diff-quik\/\"]}]},{\"@type\":\"ImageObject\",\"inLanguage\":\"fr-FR\",\"@id\":\"https:\/\/www.micropticsl.com\/fr\/produits\/consommables\/morphologie\/diff-quik\/#primaryimage\",\"url\":\"https:\/\/www.micropticsl.com\/wp-content\/uploads\/2017\/04\/featured_disposables.png\",\"contentUrl\":\"https:\/\/www.micropticsl.com\/wp-content\/uploads\/2017\/04\/featured_disposables.png\",\"width\":300,\"height\":200},{\"@type\":\"BreadcrumbList\",\"@id\":\"https:\/\/www.micropticsl.com\/fr\/produits\/consommables\/morphologie\/diff-quik\/#breadcrumb\",\"itemListElement\":[{\"@type\":\"ListItem\",\"position\":1,\"name\":\"Home\",\"item\":\"https:\/\/www.micropticsl.com\/fr\/\"},{\"@type\":\"ListItem\",\"position\":2,\"name\":\"Produits et services\",\"item\":\"https:\/\/www.micropticsl.com\/fr\/produits\/\"},{\"@type\":\"ListItem\",\"position\":3,\"name\":\"Consommables\",\"item\":\"https:\/\/www.micropticsl.com\/fr\/produits\/consommables\/\"},{\"@type\":\"ListItem\",\"position\":4,\"name\":\"Morphologie\",\"item\":\"https:\/\/www.micropticsl.com\/fr\/produits\/consommables\/morphologie\/\"},{\"@type\":\"ListItem\",\"position\":5,\"name\":\"Diff-Quik\u2122\"}]},{\"@type\":\"WebSite\",\"@id\":\"https:\/\/www.micropticsl.com\/#website\",\"url\":\"https:\/\/www.micropticsl.com\/\",\"name\":\"HT CASA\",\"description\":\"Votre partenaire en analyse de sperme\",\"publisher\":{\"@id\":\"https:\/\/www.micropticsl.com\/#organization\"},\"potentialAction\":[{\"@type\":\"SearchAction\",\"target\":{\"@type\":\"EntryPoint\",\"urlTemplate\":\"https:\/\/www.micropticsl.com\/?s={search_term_string}\"},\"query-input\":{\"@type\":\"PropertyValueSpecification\",\"valueRequired\":true,\"valueName\":\"search_term_string\"}}],\"inLanguage\":\"fr-FR\"},{\"@type\":\"Organization\",\"@id\":\"https:\/\/www.micropticsl.com\/#organization\",\"name\":\"HT CASA\",\"alternateName\":\"HT\",\"url\":\"https:\/\/www.micropticsl.com\/\",\"logo\":{\"@type\":\"ImageObject\",\"inLanguage\":\"fr-FR\",\"@id\":\"https:\/\/www.micropticsl.com\/#\/schema\/logo\/image\/\",\"url\":\"https:\/\/www.micropticsl.com\/wp-content\/uploads\/2024\/06\/ht_casa_logo_header_retina.png\",\"contentUrl\":\"https:\/\/www.micropticsl.com\/wp-content\/uploads\/2024\/06\/ht_casa_logo_header_retina.png\",\"width\":330,\"height\":180,\"caption\":\"HT CASA\"},\"image\":{\"@id\":\"https:\/\/www.micropticsl.com\/#\/schema\/logo\/image\/\"},\"sameAs\":[\"https:\/\/www.facebook.com\/HamiltonThorneInc\",\"https:\/\/x.com\/HamiltonThorne\",\"https:\/\/www.linkedin.com\/company\/hamilton-thorne-inc\",\"https:\/\/www.instagram.com\/hamiltonthorneinc\",\"https:\/\/www.youtube.com\/channel\/UCN1OlgxbXjMQXhIbILplq5A\"]}]}<\/script>\n<!-- \/ Yoast SEO plugin. -->","yoast_head_json":{"title":"Diff-Quik\u2122 stain for sperm morphology analysis - HT CASA","description":"Original Diff-Quik\u2122 staining set for sperm morphology analysis with the Sperm Class Analyzer CASA System (SCA). Manufactured by Medion Diagnostics.","robots":{"index":"index","follow":"follow","max-snippet":"max-snippet:-1","max-image-preview":"max-image-preview:large","max-video-preview":"max-video-preview:-1"},"canonical":"https:\/\/www.micropticsl.com\/fr\/produits\/consommables\/morphologie\/diff-quik\/","og_locale":"fr_FR","og_type":"article","og_title":"Diff-Quik\u2122 stain for sperm morphology analysis - HT CASA","og_description":"Original Diff-Quik\u2122 staining set for sperm morphology analysis with the Sperm Class Analyzer CASA System (SCA). Manufactured by Medion Diagnostics.","og_url":"https:\/\/www.micropticsl.com\/fr\/produits\/consommables\/morphologie\/diff-quik\/","og_site_name":"HT CASA","article_publisher":"https:\/\/www.facebook.com\/HamiltonThorneInc","article_modified_time":"2024-07-08T06:34:14+00:00","og_image":[{"width":300,"height":200,"url":"https:\/\/www.micropticsl.com\/wp-content\/uploads\/2017\/04\/featured_disposables.png","type":"image\/png"}],"twitter_card":"summary_large_image","twitter_site":"@HamiltonThorne","twitter_misc":{"Dur\u00e9e de lecture estim\u00e9e":"2 minutes"},"schema":{"@context":"https:\/\/schema.org","@graph":[{"@type":"WebPage","@id":"https:\/\/www.micropticsl.com\/fr\/produits\/consommables\/morphologie\/diff-quik\/","url":"https:\/\/www.micropticsl.com\/fr\/produits\/consommables\/morphologie\/diff-quik\/","name":"Diff-Quik\u2122 stain for sperm morphology analysis - HT CASA","isPartOf":{"@id":"https:\/\/www.micropticsl.com\/#website"},"primaryImageOfPage":{"@id":"https:\/\/www.micropticsl.com\/fr\/produits\/consommables\/morphologie\/diff-quik\/#primaryimage"},"image":{"@id":"https:\/\/www.micropticsl.com\/fr\/produits\/consommables\/morphologie\/diff-quik\/#primaryimage"},"thumbnailUrl":"https:\/\/www.micropticsl.com\/wp-content\/uploads\/2017\/04\/featured_disposables.png","datePublished":"2014-04-15T08:57:31+00:00","dateModified":"2024-07-08T06:34:14+00:00","description":"Original Diff-Quik\u2122 staining set for sperm morphology analysis with the Sperm Class Analyzer CASA System (SCA). Manufactured by Medion Diagnostics.","breadcrumb":{"@id":"https:\/\/www.micropticsl.com\/fr\/produits\/consommables\/morphologie\/diff-quik\/#breadcrumb"},"inLanguage":"fr-FR","potentialAction":[{"@type":"ReadAction","target":["https:\/\/www.micropticsl.com\/fr\/produits\/consommables\/morphologie\/diff-quik\/"]}]},{"@type":"ImageObject","inLanguage":"fr-FR","@id":"https:\/\/www.micropticsl.com\/fr\/produits\/consommables\/morphologie\/diff-quik\/#primaryimage","url":"https:\/\/www.micropticsl.com\/wp-content\/uploads\/2017\/04\/featured_disposables.png","contentUrl":"https:\/\/www.micropticsl.com\/wp-content\/uploads\/2017\/04\/featured_disposables.png","width":300,"height":200},{"@type":"BreadcrumbList","@id":"https:\/\/www.micropticsl.com\/fr\/produits\/consommables\/morphologie\/diff-quik\/#breadcrumb","itemListElement":[{"@type":"ListItem","position":1,"name":"Home","item":"https:\/\/www.micropticsl.com\/fr\/"},{"@type":"ListItem","position":2,"name":"Produits et services","item":"https:\/\/www.micropticsl.com\/fr\/produits\/"},{"@type":"ListItem","position":3,"name":"Consommables","item":"https:\/\/www.micropticsl.com\/fr\/produits\/consommables\/"},{"@type":"ListItem","position":4,"name":"Morphologie","item":"https:\/\/www.micropticsl.com\/fr\/produits\/consommables\/morphologie\/"},{"@type":"ListItem","position":5,"name":"Diff-Quik\u2122"}]},{"@type":"WebSite","@id":"https:\/\/www.micropticsl.com\/#website","url":"https:\/\/www.micropticsl.com\/","name":"HT CASA","description":"Votre partenaire en analyse de sperme","publisher":{"@id":"https:\/\/www.micropticsl.com\/#organization"},"potentialAction":[{"@type":"SearchAction","target":{"@type":"EntryPoint","urlTemplate":"https:\/\/www.micropticsl.com\/?s={search_term_string}"},"query-input":{"@type":"PropertyValueSpecification","valueRequired":true,"valueName":"search_term_string"}}],"inLanguage":"fr-FR"},{"@type":"Organization","@id":"https:\/\/www.micropticsl.com\/#organization","name":"HT CASA","alternateName":"HT","url":"https:\/\/www.micropticsl.com\/","logo":{"@type":"ImageObject","inLanguage":"fr-FR","@id":"https:\/\/www.micropticsl.com\/#\/schema\/logo\/image\/","url":"https:\/\/www.micropticsl.com\/wp-content\/uploads\/2024\/06\/ht_casa_logo_header_retina.png","contentUrl":"https:\/\/www.micropticsl.com\/wp-content\/uploads\/2024\/06\/ht_casa_logo_header_retina.png","width":330,"height":180,"caption":"HT CASA"},"image":{"@id":"https:\/\/www.micropticsl.com\/#\/schema\/logo\/image\/"},"sameAs":["https:\/\/www.facebook.com\/HamiltonThorneInc","https:\/\/x.com\/HamiltonThorne","https:\/\/www.linkedin.com\/company\/hamilton-thorne-inc","https:\/\/www.instagram.com\/hamiltonthorneinc","https:\/\/www.youtube.com\/channel\/UCN1OlgxbXjMQXhIbILplq5A"]}]}},"_links":{"self":[{"href":"https:\/\/www.micropticsl.com\/fr\/wp-json\/wp\/v2\/pages\/8498","targetHints":{"allow":["GET"]}}],"collection":[{"href":"https:\/\/www.micropticsl.com\/fr\/wp-json\/wp\/v2\/pages"}],"about":[{"href":"https:\/\/www.micropticsl.com\/fr\/wp-json\/wp\/v2\/types\/page"}],"author":[{"embeddable":true,"href":"https:\/\/www.micropticsl.com\/fr\/wp-json\/wp\/v2\/users\/1"}],"replies":[{"embeddable":true,"href":"https:\/\/www.micropticsl.com\/fr\/wp-json\/wp\/v2\/comments?post=8498"}],"version-history":[{"count":0,"href":"https:\/\/www.micropticsl.com\/fr\/wp-json\/wp\/v2\/pages\/8498\/revisions"}],"up":[{"embeddable":true,"href":"https:\/\/www.micropticsl.com\/fr\/wp-json\/wp\/v2\/pages\/8496"}],"wp:featuredmedia":[{"embeddable":true,"href":"https:\/\/www.micropticsl.com\/fr\/wp-json\/wp\/v2\/media\/28426"}],"wp:attachment":[{"href":"https:\/\/www.micropticsl.com\/fr\/wp-json\/wp\/v2\/media?parent=8498"}],"curies":[{"name":"wp","href":"https:\/\/api.w.org\/{rel}","templated":true}]}}